{"id":12155,"date":"2024-11-03T19:54:56","date_gmt":"2024-11-03T12:54:56","guid":{"rendered":"https:\/\/rosetta.vn\/nguyenxuanxanh\/?page_id=12155"},"modified":"2024-11-18T20:13:13","modified_gmt":"2024-11-18T13:13:13","slug":"toan-hoc","status":"publish","type":"page","link":"https:\/\/rosetta.vn\/nguyenxuanxanh\/toan-hoc\/","title":{"rendered":"TO\u00c1N H\u1eccC"},"content":{"rendered":"<h1><\/h1>\n<h1 style=\"text-align: center\"><span style=\"color: #008000;font-family: arial, helvetica, sans-serif\">NH\u1eeeNG B\u00c0I VI\u1ebeT V\u1ec0 TO\u00c1N H\u1eccC HAY C\u00d3 LI\u00caN QUAN<\/span><\/h1>\n<p style=\"text-align: center\"><span style=\"font-family: arial, helvetica, sans-serif\"><strong><span style=\"font-size: 14pt;color: #000080\">Nguy\u1ec5n Xu\u00e2n Xanh<\/span><\/strong><\/span><\/p>\n<p>&nbsp;<\/p>\n<p style=\"text-align: center\"><img decoding=\"async\" src=\"https:\/\/i0.wp.com\/rosetta.vn\/nguyenxuanxanh\/wp-content\/uploads\/sites\/6\/2024\/02\/Tu-bao-NYT.png?resize=70%2C54&amp;ssl=1\" \/><\/p>\n<p><span style=\"font-size: 18pt;color: #000080\">Tri\u1ebft h\u1ecdc \u0111\u01b0\u1ee3c vi\u1ebft v\u00e0o m\u1ed9t quy\u1ec3n s\u00e1ch l\u1edbn c\u1ee7a v\u0169 tr\u1ee5, v\u00e0 n\u00f3 th\u01b0\u1eddng xuy\u00ean \u0111\u01b0\u1ee3c m\u1edf ra tr\u01b0\u1edbc m\u1eaft ch\u00fang ta. Nh\u01b0ng ng\u01b0\u1eddi ta kh\u00f4ng th\u1ec3 hi\u1ec3u \u0111\u01b0\u1ee3c quy\u1ec3n s\u00e1ch n\u00e0y, n\u1ebfu tr\u01b0\u1edbc ti\u00ean kh\u00f4ng hi\u1ec3u \u0111\u01b0\u1ee3c ng\u00f4n ng\u1eef c\u1ee7a n\u00f3 v\u00e0 bi\u1ebft gi\u1ea3i m\u00e3 b\u1ed9 k\u00fd t\u1ef1 m\u00e0 n\u00f3 \u0111\u00e3 \u0111\u01b0\u1ee3c vi\u1ebft n\u00ean. N\u00f3 \u0111\u01b0\u1ee3c vi\u1ebft b\u1eb1ng ng\u00f4n ng\u1eef c\u1ee7a to\u00e1n h\u1ecdc, &#8230; m\u00e0 n\u1ebfu kh\u00f4ng c\u00f3 n\u00f3 kh\u00f4ng ai c\u00f3 th\u1ec3 hi\u1ec3u \u0111\u01b0\u1ee3c m\u1ed9t ch\u1eef trong \u0111\u00f3; kh\u00f4ng c\u00f3 n\u00f3 ng\u01b0\u1eddi ta m\u00f2 m\u1eabm nh\u01b0 trong m\u1ed9t m\u00ea l\u1ed9 t\u1ed1i t\u0103m. <\/span><\/p>\n<p style=\"text-align: center\"><span style=\"color: #000080\"><strong><span style=\"font-size: 14pt\"><em>\u00a0<\/em>\u2014Galileo Galilei<\/span><\/strong><\/span><\/p>\n<p style=\"text-align: center\"><span style=\"font-size: 18pt\">\u273d<\/span><\/p>\n<p><span style=\"font-size: 18pt;color: #000080\">Cu\u1ed9c \u0111\u1eddi con ng\u01b0\u1eddi th\u1ef1c s\u1ef1 l\u00e0 m\u1ed9t cu\u1ed9c \u0111\u1ea5u tranh kh\u00f4ng ng\u1eebng. Con ng\u01b0\u1eddi ph\u1ea3i \u0111\u1ed1i m\u1eb7t li\u00ean t\u1ee5c v\u1edbi c\u00e1c th\u1ebf l\u1ef1c tuy m\u00f9 qu\u00e1ng nh\u01b0ng l\u1ea1i \u0111\u00e1ng s\u1ee3 h\u01a1n, ch\u1ef1c \u0111\u00e1nh g\u1ee5c n\u00f3, g\u00e2y mu\u00f4n v\u00e0n kh\u1ed5 \u0111au, v\u00e0 cu\u1ed1i c\u00f9ng s\u1ebd ti\u00eau di\u1ec7t n\u00f3, n\u1ebfu con ng\u01b0\u1eddi kh\u00f4ng th\u1ee9c t\u1ec9nh li\u00ean t\u1ee5c.<\/span><\/p>\n<p><span style=\"font-size: 18pt;color: #000080\">\u0110i\u1ec1u t\u00f4i mu\u1ed1n n\u00f3i ph\u00f9 h\u1ee3p v\u1edbi m\u1ed9t cu\u1ed9c chi\u1ebfn \u0111\u1ea5u m\u00e0 nh\u00e2n lo\u1ea1i ph\u1ea3i th\u1ef1c hi\u1ec7n, \u0111\u1ec3 b\u1ea3o \u0111\u1ea3m s\u1ef1 sinh t\u1ed3n c\u1ee7a m\u00ecnh. K\u1ef7 lu\u1eadt kia m\u00e0 nh\u00e2n lo\u1ea1i ph\u1ea3i tu\u00e2n th\u1ee7, \u0111\u00f3 ch\u00ednh l\u00e0 \u0111\u1ea1o \u0111\u1ee9c, moral. M\u1ed9t ng\u00e0y n\u00e0o m\u1ea5t \u0111i \u0111\u1ea1o \u0111\u1ee9c, nh\u00e2n lo\u1ea1i s\u1ebd b\u1ecb \u0111\u00e1nh b\u1ea1i v\u00e0 s\u1ebd r\u01a1i v\u00e0o v\u1ef1c th\u1eb3m c\u1ee7a b\u1ea5t h\u1ea1nh. Nh\u00e2n lo\u1ea1i \u0111\u1ed3ng th\u1eddi c\u0169ng b\u0103ng ho\u1ea1i, bi\u1ebfn ch\u1ea5t. H\u00ecnh \u1ea3nh c\u1ee7a nh\u00e2n lo\u1ea1i s\u1ebd kh\u00f4ng c\u00f2n \u0111\u1eb9p \u0111\u1ebd, b\u1ecb h\u1ea1 th\u1ea5p. Ng\u01b0\u1eddi ta s\u1ebd kh\u00f4ng nh\u1eefng ta th\u00e1n s\u1ef1 b\u1ea1i ho\u1ea1i, \u0111i\u1ec1u ch\u1eafc ch\u1eafn s\u1ebd \u0111\u1ebfn, m\u00e0 c\u00f2n ta th\u00e1n c\u1ea3 s\u1ef1 bi\u1ebfn d\u1ea1ng c\u1ee7a m\u1ed9t t\u00e1c ph\u1ea9m ngh\u1ec7 thu\u1eadt.<\/span><\/p>\n<p><span style=\"font-size: 18pt;color: #000080\">\u0110\u1ed9ng l\u1ef1c th\u00fac \u0111\u1ea9y trong con ng\u01b0\u1eddi l\u00e0 c\u00e1c c\u1ea3m x\u00fac. Ch\u00fang ta th\u1eadt s\u1ef1 r\u1ea5t c\u1ea7n t\u1ea5t c\u1ea3 s\u1ee9c m\u1ea1nh tr\u00fa ng\u1ee5 trong ta v\u00e0 kh\u00f4ng c\u00f3 quy\u1ec1n xem th\u01b0\u1eddng b\u1ea5t c\u1ee9 s\u1ee9c m\u1ea1nh n\u00e0o.<\/span><\/p>\n<p><span style=\"font-size: 18pt;color: #000080\">Ch\u00fang ta b\u1eaft g\u1eb7p nh\u1eefng con ng\u01b0\u1eddi l\u1edbn l\u00ean, h\u1ecd d\u01b0\u1eddng nh\u01b0 c\u00f3 tri gi\u00e1c nh\u01b0ng ch\u1ec9 \u0111\u1ec3 d\u1ed1i tr\u00e1, v\u00e0 c\u00f3 tr\u00e1i tim, nh\u01b0ng ch\u1ec9 \u0111\u1ec3 h\u1eadn th\u00f9.<\/span><\/p>\n<p><span style=\"font-size: 18pt;color: #000080\">C\u00e1ch b\u1ea3o v\u1ec7 t\u1ed1t nh\u1ea5t ch\u1ed1ng l\u1ea1i th\u1ee9 khoa h\u1ecdc n\u1eeda v\u1eddi l\u00e0 s\u1ef1 ti\u1ebfn b\u1ed9 c\u1ee7a khoa h\u1ecdc \u0111\u00edch th\u1ef1c.<\/span><\/p>\n<p style=\"text-align: center\"><span style=\"font-size: 14pt;color: #000080\"><strong>\u2014Henri Poincar\u00e9, <\/strong><em>Nh\u1eefng \u00fd t\u01b0\u1edfng cu\u1ed1i c\u00f9ng<\/em><\/span><\/p>\n<p style=\"text-align: center\"><span style=\"font-size: 18pt\">\u273d<\/span><\/p>\n<p><span style=\"font-size: 18pt;color: #000080\">Ch\u00fang ta th\u01b0\u1eddng \u0111\u01b0\u1ee3c h\u1ecfi, to\u00e1n h\u1ecdc \u0111\u1ec3 l\u00e0m g\u00ec, ch\u1eb3ng ph\u1ea3i nh\u1eefng c\u1ea5u tr\u00fac tinh vi, nh\u1eefng th\u1ee9 b\u1eaft ngu\u1ed3n t\u1eeb b\u1ed9 \u00f3c ch\u00fang ta, l\u00e0 gi\u1ea3 t\u1ea1o v\u00e0 l\u00e0 nh\u1eefng \u0111\u1ee9a con c\u1ee7a t\u00ednh kh\u00ed b\u1ea5t th\u01b0\u1eddng c\u1ee7a ch\u00fang ta hay sao. Gi\u1eefa nh\u1eefng ng\u01b0\u1eddi \u0111\u1eb7t c\u00e2u h\u1ecfi n\u00e0y c\u00f3 m\u1ed9t s\u1ef1 ph\u00e2n bi\u1ec7t. Nh\u1eefng ng\u01b0\u1eddi th\u1ef1c d\u1ee5ng ch\u1ec9 \u0111\u00f2i h\u1ecfi ch\u00fang ta ph\u01b0\u01a1ng ti\u1ec7n \u0111\u1ec3 ki\u1ebfm ti\u1ec1n. Nh\u1eefng ng\u01b0\u1eddi n\u00e0y kh\u00f4ng x\u1ee9ng \u0111\u00e1ng m\u1ed9t c\u00e2u tr\u1ea3 l\u1eddi; ng\u01b0\u1ee3c l\u1ea1i ch\u00fang ta n\u00ean h\u1ecfi h\u1ecd, h\u1ecd t\u00edch l\u0169y nhi\u1ec1u t\u00e0i s\u1ea3n \u0111\u1ec3 l\u00e0m g\u00ec, ng\u01b0\u1eddi ta c\u00f3 \u0111\u01b0\u1ee3c ph\u00e9p v\u00ec n\u1ed7i lo \u00e2u \u0111\u1ec3 ki\u1ebfm \u0111\u01b0\u1ee3c t\u00e0i s\u1ea3n m\u00e0 xao l\u00e3ng ngh\u1ec7 thu\u1eadt v\u00e0 khoa h\u1ecdc hay kh\u00f4ng, nh\u1eefng th\u1ee9 duy nh\u1ea5t l\u00e0m cho t\u00e2m h\u1ed3n ch\u00fang ta c\u00f3 kh\u1ea3 n\u0103ng th\u01b0\u1edfng th\u1ee9c ch\u00fang:<\/span><\/p>\n<p style=\"padding-left: 80px\"><span style=\"font-size: 18pt;color: #000080\"><i>Ch\u1ec9 v\u00ec cu\u1ed9c s\u1ed1ng, ch\u00fang ta \u0111\u00e1nh m\u1ea5t l\u00fd do t\u1ed3n t\u1ea1i c\u1ee7a n\u00f3<\/i><\/span><\/p>\n<p style=\"padding-left: 80px\"><span style=\"font-size: 18pt;color: #000080\">(et propter vitam vivendi perdere causas)<\/span><\/p>\n<p style=\"text-align: center\"><span style=\"font-size: 14pt;color: #000080\"><strong>\u2014Henri Poincar\u00e9, <\/strong><em>Gi\u00e1 tr\u1ecb c\u1ee7a khoa h\u1ecdc<\/em><\/span><\/p>\n<p style=\"text-align: center\"><span style=\"font-size: 18pt\">\u273d<\/span><\/p>\n<p><span style=\"font-size: 18pt\">Nh\u1eefng th\u1ee9 \u0111\u00edch th\u1ef1c c\u00f3 gi\u00e1 tr\u1ecb kh\u00f4ng sinh ra t\u1eeb tham v\u1ecdng ho\u1eb7c \u00fd th\u1ee9c tr\u00e1ch nhi\u1ec7m \u0111\u01a1n thu\u1ea7n, m\u00e0 \u0111\u1ebfn t\u1eeb t\u00ecnh y\u00eau v\u00e0 s\u1ef1 hi\u1ebfn d\u00e2ng cho nh\u00e2n lo\u1ea1i v\u00e0 nh\u1eefng \u0111i\u1ec1u kh\u00e1ch quan.<\/span><\/p>\n<p style=\"text-align: center\"><span style=\"font-size: 14pt;color: #000080\"><strong>\u2014Albert Einstein<\/strong><\/span><\/p>\n<p style=\"text-align: center\"><span style=\"font-size: 18pt\">\u273d<\/span><\/p>\n<p><span style=\"font-size: 18pt;color: #000080\">M\u1ed9t trong nh\u1eefng v\u0103n b\u1ea3n c\u1ee7a Pythagoras n\u00f3i: \u201cCon s\u1ed1 l\u00e0 ng\u01b0\u1eddi h\u01b0\u1edbng d\u1eabn v\u00e0 l\u00e0m ch\u1ee7 t\u01b0 duy con ng\u01b0\u1eddi. N\u1ebfu kh\u00f4ng c\u00f3 s\u1ee9c m\u1ea1nh c\u1ee7a n\u00f3, m\u1ecdi th\u1ee9 s\u1ebd v\u1eabn m\u00f9 m\u1edd v\u00e0 b\u1ed1i r\u1ed1i\u201d. Ch\u00fang ta s\u1ebd kh\u00f4ng s\u1ed1ng trong m\u1ed9t th\u1ebf gi\u1edbi s\u1ef1 th\u1eadt m\u00e0 trong m\u1ed9t th\u1ebf gi\u1edbi c\u1ee7a s\u1ef1 l\u1eeba d\u1ed1i v\u00e0 \u1ea3o t\u01b0\u1edfng. B\u1eb1ng con s\u1ed1, v\u00e0 ch\u1ec9 b\u1eb1ng con s\u1ed1, ch\u00fang ta t\u00ecm th\u1ea5y m\u1ed9t v\u0169 tr\u1ee5 c\u00f3 th\u1ec3 hi\u1ec3u \u0111\u01b0\u1ee3c.\u201d<\/span><\/p>\n<p style=\"text-align: center\"><span style=\"color: #000080\"><strong><span style=\"font-size: 14pt\">Ernst Cassirer, <\/span><\/strong><em><span style=\"font-size: 14pt\">An Essay on Man<\/span><\/em><\/span><\/p>\n<p style=\"text-align: center\"><span style=\"font-size: 18pt\">\u273d<\/span><\/p>\n<p style=\"padding-left: 80px\"><span style=\"font-size: 18pt;color: #000080\">Con trai nh\u1ecf c\u1ee7a t\u00f4i h\u1ecfi t\u00f4i: Con c\u00f3 n\u00ean h\u1ecdc to\u00e1n kh\u00f4ng?<\/span><\/p>\n<p style=\"padding-left: 80px\"><span style=\"font-size: 18pt;color: #000080\">V\u00ec m\u1ee5c \u0111\u00edch g\u00ec, t\u00f4i mu\u1ed1n n\u00f3i. Hai mi\u1ebfng b\u00e1nh m\u00ec nhi\u1ec1u h\u01a1n m\u1ed9t<\/span><\/p>\n<p style=\"padding-left: 80px\"><span style=\"font-size: 18pt;color: #000080\">\u0110i\u1ec1u \u0111\u00f3 con c\u0169ng s\u1ebd th\u1ea5y.<\/span><\/p>\n<p style=\"padding-left: 80px\"><span style=\"font-size: 18pt;color: #000080\">Con trai nh\u1ecf c\u1ee7a t\u00f4i h\u1ecfi t\u00f4i: Con c\u00f3 n\u00ean h\u1ecdc ti\u1ebfng Ph\u00e1p kh\u00f4ng?<\/span><\/p>\n<p style=\"padding-left: 80px\"><span style=\"font-size: 18pt;color: #000080\">V\u00ec m\u1ee5c \u0111\u00edch g\u00ec, t\u00f4i mu\u1ed1n n\u00f3i. \u0110\u1ebf ch\u1ebf n\u00e0y \u0111ang s\u1ee5p \u0111\u1ed5. V\u00e0 con ch\u1ec9 c\u1ea7n l\u1ea5y tay xoa b\u1ee5ng v\u00e0 th\u1edf d\u00e0i<\/span><\/p>\n<p style=\"padding-left: 80px\"><span style=\"font-size: 18pt;color: #000080\">V\u00e0 ng\u01b0\u1eddi ta s\u1ebd hi\u1ec3u con th\u00f4i.<\/span><\/p>\n<p style=\"padding-left: 80px\"><span style=\"font-size: 18pt;color: #000080\">Con trai nh\u1ecf c\u1ee7a t\u00f4i h\u1ecfi t\u00f4i: Con c\u00f3 n\u00ean h\u1ecdc l\u1ecbch s\u1eed kh\u00f4ng?<\/span><\/p>\n<p style=\"padding-left: 80px\"><span style=\"font-size: 18pt;color: #000080\">V\u00ec m\u1ee5c \u0111\u00edch g\u00ec, t\u00f4i mu\u1ed1n n\u00f3i. H\u00e3y h\u1ecdc c\u00e1ch v\u00f9i \u0111\u1ea7u xu\u1ed1ng \u0111\u1ea5t<\/span><\/p>\n<p style=\"padding-left: 80px\"><span style=\"font-size: 18pt;color: #000080\">Th\u00ec con c\u00f3 l\u1ebd s\u1ebd s\u1ed1ng s\u00f3t.<\/span><\/p>\n<p style=\"padding-left: 80px\"><span style=\"font-size: 18pt;color: #000080\">\u00a0<\/span><\/p>\n<p style=\"padding-left: 80px\"><span style=\"font-size: 18pt;color: #000080\">V\u00e2ng, h\u00e3y h\u1ecdc To\u00e1n, t\u00f4i n\u00f3i<\/span><\/p>\n<p style=\"padding-left: 80px\"><span style=\"font-size: 18pt;color: #000080\">H\u1ecdc ti\u1ebfng Ph\u00e1p, h\u1ecdc L\u1ecbch s\u1eed!<\/span><\/p>\n<p style=\"text-align: left;padding-left: 400px\"><span style=\"font-size: 14pt;color: #000080\"><strong>\u2014Bertolt Brecht<\/strong><\/span><\/p>\n<div class=\"show_more\"><p class=\"wpsm-show\" style=\"color: #cc0000; font-size: 100%; text-align: left;\"> Xem b\u1ea3n ti\u1ebfng \u0110\u1ee9c<\/p><div class=\"wpsm-content\"><\/p>\n<p style=\"padding-left: 80px\">Mein junger Sohn fragt mich: Soll ich Mathematik lernen?<\/p>\n<p style=\"padding-left: 80px\">Wozu, m\u00f6chte ich sagen. Da\u00df zwei St\u00fccke Brot mehr ist als eines<\/p>\n<p style=\"padding-left: 80px\">Das wirst du auch so merken.<\/p>\n<p style=\"padding-left: 80px\">Mein junger Sohn fragt mich: Soll ich Franz\u00f6sisch lernen?<\/p>\n<p style=\"padding-left: 80px\">Wozu, m\u00f6chte ich sagen. Dieses Reich geht unter. Und Reibe du nur mit der Hand den Bauch und st\u00f6hne<\/p>\n<p style=\"padding-left: 80px\">Und man wird dich schon verstehen.<\/p>\n<p style=\"padding-left: 80px\">Mein junger Sohn fragt mich: Soll ich Geschichte lernen?<\/p>\n<p style=\"padding-left: 80px\">Wozu, m\u00f6chte ich sagen. Lerne du deinen Kopf in die Erde stecken<\/p>\n<p style=\"padding-left: 80px\">Da wirst du vielleicht \u00fcbrigbleiben.<\/p>\n<p style=\"padding-left: 80px\">Ja, lerne Mathematik, sage ich<\/p>\n<p style=\"padding-left: 80px\">Lerne Franz\u00f6sisch, lerne Geschichte<\/p>\n<p> <p class=\"wpsm-hide\" style=\"color: #cc0000; font-size: 100%; text-align: left;\"> click \u0111\u1ec3 thu g\u1ecdn ph\u1ea7n ti\u1ec3u s\u1eed \u1edf tr\u00ean<\/p><\/div><\/div>\n<p>&nbsp;<\/p>\n<p style=\"text-align: center\"><img decoding=\"async\" loading=\"lazy\" class=\"alignnone wp-image-12197\" src=\"https:\/\/i0.wp.com\/rosetta.vn\/nguyenxuanxanh\/wp-content\/uploads\/sites\/6\/2024\/11\/Anh-Chua-la-nha-hinh-hoc.jpg?resize=405%2C564&#038;ssl=1\" alt=\"\" width=\"405\" height=\"564\" data-recalc-dims=\"1\" \/><\/p>\n<p style=\"text-align: center\"><span style=\"font-size: 18pt\">&#8220;Ch\u00faa l\u00e0 nh\u00e0 h\u00ecnh h\u1ecdc&#8221;. Hay l\u00e0: &#8220;Ch\u00faa \u0111\u00e3 t\u1ea1o ra v\u0169 tr\u1ee5 theo c\u00e1c nguy\u00ean l\u00fd h\u00ecnh h\u1ecdc v\u00e0 h\u00e0i h\u00f2a, do \u0111\u00f3, \u0111i t\u00ecm ki\u1ebfm c\u00e1c nguy\u00ean l\u00fd n\u00e0y ch\u00ednh l\u00e0 t\u00ecm ki\u1ebfm v\u00e0 t\u00f4n vinh Ch\u00faa.&#8221; Tranh th\u1ebf k\u1ef7 XIII.<\/span><\/p>\n<p>&nbsp;<\/p>\n<p><span style=\"font-size: 18pt\">D\u01b0\u1edbi \u0111\u00e2y l\u00e0 c\u00e1c b\u00e0i vi\u1ebft c\u1ee7a t\u00f4i \u0111\u01b0\u1ee3c t\u1eadp h\u1ee3p l\u1ea1i, t\u1eeb n\u0103m 2017 \u0111\u1ebfn nay, \u0111\u01b0\u1ee3c gom l\u1ea1i trong trang TO\u00c1N H\u1eccC c\u1ee7a rosetta \u0111\u1ec3 d\u1ec5 t\u00ecm. Xin gi\u1edbi thi\u1ec7u c\u00e1c anh ch\u1ecb b\u1ea1n \u0111\u1ecdc. Hy v\u1ecdng t\u00f4i kh\u00f4ng b\u1ecf s\u00f3t. Th\u00e2n m\u1ebfn. <strong><span style=\"color: #000080\">Nguy\u1ec5n Xu\u00e2n Xanh<\/span><\/strong><\/span><\/p>\n<p>&nbsp;<\/p>\n<p class=\"entry-title single-title\"><span style=\"font-size: 24pt;font-family: arial, helvetica, sans-serif;color: #008000\">David Hilbert:\u00a0<i>Nh\u1eadn th\u1ee9c t\u1ef1 nhi\u00ean v\u00e0 logic <\/i>(2023)<i>:<\/i><\/span><\/p>\n<div>\n<div><span style=\"font-size: 18pt;font-family: arial, helvetica, sans-serif\"><a href=\"https:\/\/rosetta.vn\/nguyenxuanxanh\/david-hilbert-nhan-thuc-tu-nhien-va-logic\/\">https:\/\/rosetta.vn\/nguyenxuanxanh\/david-hilbert-nhan-thuc-tu-nhien-va-logic\/<\/a><\/span><\/div>\n<div><\/div>\n<\/div>\n<p>&nbsp;<\/p>\n<img decoding=\"async\" loading=\"lazy\" class=\"alignnone wp-image-12169\" src=\"https:\/\/i0.wp.com\/rosetta.vn\/nguyenxuanxanh\/wp-content\/uploads\/sites\/6\/2024\/11\/Anh-Hilbert-2.jpg?resize=348%2C290&#038;ssl=1\" alt=\"\" width=\"348\" height=\"290\" data-recalc-dims=\"1\" \/>\n<p>&nbsp;<\/p>\n<p><span style=\"font-size: 24pt;font-family: arial, helvetica, sans-serif;color: #008000\"><em>Yutaka Taniyama v\u00e0 Th\u1eddi \u0111\u1ea1i c\u1ee7a anh<\/em>; Hay l\u00e0 chi\u1ebfc ch\u00eca kh\u00f3a th\u1ea7n k\u1ef3 \u0111\u1ec3 gi\u1ea3i <em>\u0110\u1ecbnh l\u00fd cu\u1ed1i c\u00f9ng c\u1ee7a Fermat<\/em> \u0111\u00e3 l\u1ea5y \u0111i cu\u1ed9c \u0111\u1eddi c\u1ee7a m\u1ed9t nh\u00e0 to\u00e1n h\u1ecdc tr\u1ebb Nh\u1eadt B\u1ea3n v\u00e0 ng\u01b0\u1eddi y\u00eau m\u1ed9t c\u00e1ch \u0111\u1ed9t ng\u1ed9t v\u00e0 huy\u1ec1n b\u00ed (2022):<\/span><\/p>\n<p><span style=\"font-size: 18pt;font-family: arial, helvetica, sans-serif\"><a href=\"https:\/\/rosetta.vn\/nguyenxuanxanh\/yutaka-taniyama-va-thoi-dai-cua-anh\/\">https:\/\/rosetta.vn\/nguyenxuanxanh\/yutaka-taniyama-va-thoi-dai-cua-anh\/<\/a><\/span><\/p>\n<p>&nbsp;<\/p>\n<img decoding=\"async\" loading=\"lazy\" class=\"alignnone size-full wp-image-12176\" src=\"https:\/\/i0.wp.com\/rosetta.vn\/nguyenxuanxanh\/wp-content\/uploads\/sites\/6\/2024\/11\/Anh-Yutaka-Taniyama.jpg?resize=220%2C387&#038;ssl=1\" alt=\"\" width=\"220\" height=\"387\" data-recalc-dims=\"1\" \/>\n<p>&nbsp;<\/p>\n<p><span style=\"font-size: 24pt;font-family: arial, helvetica, sans-serif;color: #008000\">Khoa h\u1ecdc (&amp; to\u00e1n h\u1ecdc) v\u00e0 T\u00f4n gi\u00e1o (2021):<\/span><\/p>\n<div><span style=\"font-size: 18pt;font-family: arial, helvetica, sans-serif\"><a href=\"https:\/\/rosetta.vn\/nguyenxuanxanh\/khoa-hoc-va-ton-giao\/\" target=\"_blank\" rel=\"noopener\" data-saferedirecturl=\"https:\/\/www.google.com\/url?q=https:\/\/rosetta.vn\/nguyenxuanxanh\/khoa-hoc-va-ton-giao\/&amp;source=gmail&amp;ust=1730724051573000&amp;usg=AOvVaw3qEldN5hAMZN0HON27IOyF\">https:\/\/rosetta.vn\/nguyenxuanxanh\/khoa-hoc-va-ton-giao\/<\/a><\/span><\/div>\n<div><\/div>\n<div>\n<p>&nbsp;<\/p>\n<\/div>\n<div>\n<img decoding=\"async\" loading=\"lazy\" class=\"alignnone wp-image-12171\" src=\"https:\/\/i0.wp.com\/rosetta.vn\/nguyenxuanxanh\/wp-content\/uploads\/sites\/6\/2024\/11\/Anh-Newton.jpg?resize=333%2C400&#038;ssl=1\" alt=\"\" width=\"333\" height=\"400\" data-recalc-dims=\"1\" \/>\n<\/div>\n<div>\n<p>&nbsp;<\/p>\n<p><span style=\"font-size: 24pt;font-family: arial, helvetica, sans-serif;color: #008000\">\u0110\u1ecbnh l\u00fd cu\u1ed1i c\u00f9ng c\u1ee7a Fermat (2018):<\/span><\/p>\n<p><span style=\"font-size: 18pt;font-family: arial, helvetica, sans-serif\"><a href=\"https:\/\/rosetta.vn\/nguyenxuanxanh\/dinh-ly-cuoi-cung-cua-fermat\/\">https:\/\/rosetta.vn\/nguyenxuanxanh\/dinh-ly-cuoi-cung-cua-fermat\/<\/a><\/span><\/p>\n<p>&nbsp;<\/p>\n<img decoding=\"async\" loading=\"lazy\" class=\"alignnone wp-image-12174\" src=\"https:\/\/i0.wp.com\/rosetta.vn\/nguyenxuanxanh\/wp-content\/uploads\/sites\/6\/2024\/11\/Fermat.jpg?resize=341%2C455&#038;ssl=1\" alt=\"\" width=\"341\" height=\"455\" data-recalc-dims=\"1\" \/>\n<p>&nbsp;<\/p>\n<p><span style=\"font-size: 24pt;font-family: arial, helvetica, sans-serif;color: #008000\">K\u1ef7 ni\u1ec7m 100 n\u0103m \u0111\u1ecbnh l\u00fd Emmy Noether, nh\u00e0 n\u1eef to\u00e1n h\u1ecdc xu\u1ea5t s\u1eafc nh\u1ea5t c\u1ee7a th\u1ebf gi\u1edbi (2018):<\/span><\/p>\n<p><span style=\"font-size: 18pt;font-family: arial, helvetica, sans-serif\"><a href=\"https:\/\/rosetta.vn\/nguyenxuanxanh\/ky-niem-100-nam-dinh-ly-emmy-noether\/\">https:\/\/rosetta.vn\/nguyenxuanxanh\/ky-niem-100-nam-dinh-ly-emmy-noether\/<\/a><\/span><\/p>\n<\/div>\n<img decoding=\"async\" loading=\"lazy\" class=\"alignnone wp-image-12178\" src=\"https:\/\/i0.wp.com\/rosetta.vn\/nguyenxuanxanh\/wp-content\/uploads\/sites\/6\/2024\/11\/Anh-Noether.jpg?resize=238%2C362&#038;ssl=1\" alt=\"\" width=\"238\" height=\"362\" data-recalc-dims=\"1\" \/>\n<p>&nbsp;<\/p>\n<p>&nbsp;<\/p>\n<p class=\"entry-title single-title\"><span style=\"font-size: 24pt;color: #008000\">L\u1eddi t\u1ef1a cho quy\u1ec3n s\u00e1ch\u00a0<i>Thi\u00ean T\u00e0i v\u00e0 S\u1ed1 Ph\u1eadn c\u1ee7a TS L\u00ea Quang \u00c1nh (2018):<\/i><\/span><\/p>\n<p class=\"entry-title single-title\"><span style=\"font-size: 18pt\"><a href=\"https:\/\/rosetta.vn\/nguyenxuanxanh\/loi-tua-cho-quyen-sach-thien-tai-va-so-phan\/\">https:\/\/rosetta.vn\/nguyenxuanxanh\/loi-tua-cho-quyen-sach-thien-tai-va-so-phan\/<\/a><\/span><\/p>\n<img decoding=\"async\" loading=\"lazy\" class=\"alignnone wp-image-12206\" src=\"https:\/\/i0.wp.com\/rosetta.vn\/nguyenxuanxanh\/wp-content\/uploads\/sites\/6\/2024\/11\/Anh-bia-1-cua-Thien-tai-va-so-phan.jpg?resize=311%2C443&#038;ssl=1\" alt=\"\" width=\"311\" height=\"443\" data-recalc-dims=\"1\" \/>\n<p class=\"entry-title single-title\" style=\"text-align: left\"><span style=\"font-size: 24pt;font-family: arial, helvetica, sans-serif;color: #008000\">David Hilbert:\u00a0<i>Di\u1ec5n t\u1eeb b\u1ed1n ph\u00fat b\u1ea5t h\u1ee7 tr\u00ean \u0111\u00e0i ph\u00e1t thanh n\u0103m 1930 <\/i>(2017):<\/span><\/p>\n<p class=\"entry-title single-title\"><span style=\"font-size: 18pt;font-family: arial, helvetica, sans-serif\"><i> <\/i><a href=\"https:\/\/rosetta.vn\/nguyenxuanxanh\/david-hilbert\/\">https:\/\/rosetta.vn\/nguyenxuanxanh\/david-hilbert\/<\/a><\/span><\/p>\n<p>&nbsp;<\/p>\n<img decoding=\"async\" loading=\"lazy\" class=\"alignnone wp-image-12170\" src=\"https:\/\/i0.wp.com\/rosetta.vn\/nguyenxuanxanh\/wp-content\/uploads\/sites\/6\/2024\/11\/Hilbert-1932.jpg?resize=332%2C370&#038;ssl=1\" alt=\"\" width=\"332\" height=\"370\" data-recalc-dims=\"1\" \/>\n<div>\n<p>&nbsp;<\/p>\n<p><span style=\"font-family: arial, helvetica, sans-serif;font-size: 24pt;color: #008000\">Euclid,\u00a0<i>C\u01a1 s\u1edf c\u1ee7a h\u00ecnh h\u1ecdc <\/i>(2017), m\u1ed9t quy\u1ec3n s\u00e1ch h\u1ebft s\u1ee9c quan tr\u1ecdng g\u00f3p ph\u1ea7n \u0111\u1ecbnh h\u00ecnh v\u0103n h\u00f3a l\u00fd t\u00ednh c\u1ee7a ph\u01b0\u01a1ng T\u00e2y, t\u1eeb gi\u1edbi tr\u00ed th\u1ee9c, h\u1ecdc sinh, sinh vi\u00ean &#8230;. \u0111\u1ebfn c\u00e1c cha D\u00f2ng T\u00ean:<\/span><\/p>\n<p><span style=\"font-size: 18pt;font-family: arial, helvetica, sans-serif\"><a href=\"https:\/\/rosetta.vn\/nguyenxuanxanh\/euclid-co-so-cua-hinh-hoc\/\" target=\"_blank\" rel=\"noopener\" data-saferedirecturl=\"https:\/\/www.google.com\/url?q=https:\/\/rosetta.vn\/nguyenxuanxanh\/euclid-co-so-cua-hinh-hoc\/&amp;source=gmail&amp;ust=1730724051572000&amp;usg=AOvVaw09h_juqPagydm06K0kHcXE\">https:\/\/rosetta.vn\/nguyenxuanxanh\/euclid-co-so-cua-hinh-hoc\/<\/a><\/span><\/p>\n<p>&nbsp;<\/p>\n<\/div>\n<div>\n<img decoding=\"async\" loading=\"lazy\" class=\"alignnone wp-image-12172\" src=\"https:\/\/i0.wp.com\/rosetta.vn\/nguyenxuanxanh\/wp-content\/uploads\/sites\/6\/2024\/11\/Anh-Euclid.jpg?resize=338%2C519&#038;ssl=1\" alt=\"\" width=\"338\" height=\"519\" data-recalc-dims=\"1\" \/>\n<\/div>\n<p>&nbsp;<\/p>\n<p><span style=\"font-family: arial, helvetica, sans-serif;font-size: 24pt;color: #008000\">To\u00e1n h\u1ecdc v\u00e0 Ngh\u1ec7 thu\u1eadt (2017):<\/span><\/p>\n<div>\n<p><span style=\"font-size: 18pt;font-family: arial, helvetica, sans-serif\"><a href=\"https:\/\/rosetta.vn\/nguyenxuanxanh\/toan-hoc-va-nghe-thuat\/\">https:\/\/rosetta.vn\/nguyenxuanxanh\/toan-hoc-va-nghe-thuat\/<\/a><\/span><\/p>\n<p>&nbsp;<\/p>\n<\/div>\n<div><img decoding=\"async\" loading=\"lazy\" class=\"alignnone wp-image-12179\" src=\"https:\/\/i0.wp.com\/rosetta.vn\/nguyenxuanxanh\/wp-content\/uploads\/sites\/6\/2024\/11\/Anh-co-gai-phuc-hung.jpg?resize=334%2C503&#038;ssl=1\" alt=\"\" width=\"334\" height=\"503\" data-recalc-dims=\"1\" \/><\/div>\n<p>&nbsp;<\/p>\n","protected":false},"excerpt":{"rendered":"<p>NH\u1eeeNG B\u00c0I VI\u1ebeT V\u1ec0 TO\u00c1N H\u1eccC HAY C\u00d3 LI\u00caN QUAN Nguy\u1ec5n Xu\u00e2n Xanh &nbsp; Tri\u1ebft h\u1ecdc \u0111\u01b0\u1ee3c vi\u1ebft v\u00e0o m\u1ed9t quy\u1ec3n s\u00e1ch l\u1edbn c\u1ee7a v\u0169 tr\u1ee5, v\u00e0 n\u00f3 th\u01b0\u1eddng xuy\u00ean \u0111\u01b0\u1ee3c m\u1edf ra tr\u01b0\u1edbc m\u1eaft ch\u00fang ta. Nh\u01b0ng ng\u01b0\u1eddi ta kh\u00f4ng th\u1ec3 hi\u1ec3u \u0111\u01b0\u1ee3c quy\u1ec3n s\u00e1ch n\u00e0y, n\u1ebfu tr\u01b0\u1edbc ti\u00ean kh\u00f4ng hi\u1ec3u \u0111\u01b0\u1ee3c ng\u00f4n ng\u1eef<\/p>\n","protected":false},"author":3,"featured_media":0,"parent":0,"menu_order":0,"comment_status":"closed","ping_status":"closed","template":"","meta":{"_mi_skip_tracking":false,"jetpack_post_was_ever_published":false},"_links":{"self":[{"href":"https:\/\/rosetta.vn\/nguyenxuanxanh\/wp-json\/wp\/v2\/pages\/12155"}],"collection":[{"href":"https:\/\/rosetta.vn\/nguyenxuanxanh\/wp-json\/wp\/v2\/pages"}],"about":[{"href":"https:\/\/rosetta.vn\/nguyenxuanxanh\/wp-json\/wp\/v2\/types\/page"}],"author":[{"embeddable":true,"href":"https:\/\/rosetta.vn\/nguyenxuanxanh\/wp-json\/wp\/v2\/users\/3"}],"replies":[{"embeddable":true,"href":"https:\/\/rosetta.vn\/nguyenxuanxanh\/wp-json\/wp\/v2\/comments?post=12155"}],"version-history":[{"count":40,"href":"https:\/\/rosetta.vn\/nguyenxuanxanh\/wp-json\/wp\/v2\/pages\/12155\/revisions"}],"predecessor-version":[{"id":12249,"href":"https:\/\/rosetta.vn\/nguyenxuanxanh\/wp-json\/wp\/v2\/pages\/12155\/revisions\/12249"}],"wp:attachment":[{"href":"https:\/\/rosetta.vn\/nguyenxuanxanh\/wp-json\/wp\/v2\/media?parent=12155"}],"curies":[{"name":"wp","href":"https:\/\/api.w.org\/{rel}","templated":true}]}}