{"id":14021,"date":"2025-07-07T21:34:26","date_gmt":"2025-07-07T14:34:26","guid":{"rendered":"https:\/\/rosetta.vn\/nguyenxuanxanh\/?page_id=14021"},"modified":"2025-07-11T17:50:18","modified_gmt":"2025-07-11T10:50:18","slug":"cong-nghiep-hoa","status":"publish","type":"page","link":"https:\/\/rosetta.vn\/nguyenxuanxanh\/cong-nghiep-hoa\/","title":{"rendered":"C\u00d4NG NGHI\u1ec6P H\u00d3A"},"content":{"rendered":"<h1 style=\"text-align: center\"><span style=\"color: #808000\">KINH T\u1ebe &#8211; C\u00d4NG NGHI\u1ec6P H\u00d3A <\/span><\/h1>\n<h1 style=\"text-align: center\"><em style=\"font-size: 16px;color: #000080\"><span style=\"font-size: 18pt\">hay\u00a0<\/span><\/em><\/h1>\n<h1 style=\"text-align: center\"><span style=\"color: #008000\">C\u00c1CH M\u1ea0NG C\u00d4NG NGHI\u1ec6P<\/span><\/h1>\n<p>Trang n\u00e0y g\u1ed3m c\u00e1c b\u00e0i vi\u1ebft, hay gi\u1edbi thi\u1ec7u s\u00e1ch c\u00f3 li\u00ean quan \u0111\u1ebfn m\u1ea3ng \u0111\u1ec1 t\u00e0i <strong><em>Kinh t\u1ebf, C\u00f4ng nghi\u00eap h\u00f3a<\/em><\/strong>, hay<strong><em> C\u00e1ch m\u1ea1ng c\u00f4ng nghi\u1ec7p<\/em><\/strong> (<strong>Industrial Revolution<\/strong>) \u0111\u1ec3 l\u1ea5y t\u00ean g\u1ecdi th\u01b0\u1eddng \u0111\u01b0\u1ee3c c\u00e1c h\u1ecdc gi\u1ea3 qu\u1ed1c t\u1ebf s\u1eed d\u1ee5ng t\u1eeb c\u1ea3m h\u1ee9ng v\u00e0 s\u1ef1 ki\u1ec7n l\u1ecbch s\u1eed c\u1ee7a cu\u1ed9c <strong><em>C\u00e1ch m\u1ea1ng c\u00f4ng nghi\u1ec7p Anh<\/em><\/strong> b\u1eaft \u0111\u1ea7u t\u1eeb gi\u1eefa th\u1ebf k\u1ef7 XVIII.<\/p>\n<p>&nbsp;<\/p>\n<h2 class=\"search-title\"><a title=\"C\u1ea3m ngh\u0129 th\u00e1ng T\u01b0: Cu\u1ed9c ti\u1ebfn qu\u00e2n n\u00e0o s\u1eafp t\u1edbi?\" href=\"https:\/\/rosetta.vn\/nguyenxuanxanh\/cam-nghi-thang-tu-cuoc-tien-quan-nao-sap-toi\/\" rel=\"bookmark\">C\u1ea3m ngh\u0129 th\u00e1ng T\u01b0: Cu\u1ed9c ti\u1ebfn qu\u00e2n n\u00e0o s\u1eafp t\u1edbi? (Tu\u1ed5i Tr\u1ebb s\u1ed1 \u0111\u1eb7c bi\u1ec7t 30-4)<\/a><\/h2>\n<p class=\"byline vcard\">30 Th\u00e1ng T\u01b0, 2025<\/p>\n<h2><a href=\"https:\/\/rosetta.vn\/nguyenxuanxanh\/da-den-luc-phai-xay-dung-tinh-than-khoi-nghiep-quoc-gia-nguyen-trung-dan\/\">\u0110\u00e3 \u0111\u1ebfn l\u00fac ph\u1ea3i x\u00e2y d\u1ef1ng tinh th\u1ea7n kh\u1edfi nghi\u1ec7p qu\u1ed1c gia (Nguy\u1ec5n Trung D\u00e2n)<\/a><\/h2>\n<p><span class=\"post-date\">27 Th\u00e1ng T\u01b0, 2025<\/span><\/p>\n<h2><a href=\"https:\/\/rosetta.vn\/nguyenxuanxanh\/con-duong-den-mot-thoi-hoang-kim-cua-cong-nghiep-hoa-o-cac-nuoc-dang-phat-trien-justin-yifu-lin\/\">Con \u0111\u01b0\u1eddng \u0111\u1ebfn m\u1ed9t th\u1eddi ho\u00e0ng kim c\u1ee7a c\u00f4ng nghi\u1ec7p h\u00f3a \u1edf c\u00e1c n\u01b0\u1edbc \u0111ang ph\u00e1t tri\u1ec3n (Justin Yifu Lin)<\/a><\/h2>\n<p><span class=\"post-date\">20 Th\u00e1ng T\u01b0, 2025<\/span><\/p>\n<h2><a href=\"https:\/\/rosetta.vn\/nguyenxuanxanh\/con-duong-thinh-vuong-justin-yifu-lin\/\">Con \u0111\u01b0\u1eddng \u0111\u1ebfn th\u1ecbnh v\u01b0\u1ee3ng (Justin Yifu Lin)<\/a><\/h2>\n<p><span class=\"post-date\">12 Th\u00e1ng T\u01b0, 2025<\/span><\/p>\n<h2 class=\"search-title\"><a title=\"C\u1ea3m ngh\u0129 \u0111\u1ea7u Xu\u00e2n (\u1ea4t T\u1ef5 2025)\" href=\"https:\/\/rosetta.vn\/nguyenxuanxanh\/cam-nghi-dau-xuan-at-ty-2025\/\" rel=\"bookmark\">C\u1ea3m ngh\u0129 \u0111\u1ea7u Xu\u00e2n (\u1ea4t T\u1ef5 2025, vi\u1ebft cho 50 n\u0103m nh\u00ecn l\u1ea1i)<\/a><\/h2>\n<p class=\"byline vcard\">28 Th\u00e1ng M\u1ed9t, 2025<\/p>\n<h2 class=\"search-title\"><span style=\"font-size: 18pt\"><a title=\"Cu\u1ed9c chi\u1ebfn Vi m\u1ea1ch (Chip War, Chris Miller)\" href=\"https:\/\/rosetta.vn\/nguyenxuanxanh\/cuoc-chien-vi-mach-chip-war-chris-miller\/\" rel=\"bookmark\">Cu\u1ed9c chi\u1ebfn Vi m\u1ea1ch (Chip War, Chris Miller)<\/a><\/span><\/h2>\n<p class=\"byline vcard\">20 Th\u00e1ng T\u01b0, 2024<\/p>\n<h2><a href=\"https:\/\/rosetta.vn\/nguyenxuanxanh\/chuyen-cuoc-tro-chuyen-voi-adam-smith-tai-edinburgh\/\">Chuy\u1ebfn th\u0103m v\u00e0 cu\u1ed9c tr\u00f2 chuy\u1ec7n v\u1edbi Adam Smith t\u1ea1i Edinburgh<\/a><\/h2>\n<p><span class=\"post-date\">2 Th\u00e1ng M\u1ed9t, 2024<\/span><\/p>\n<h2><a href=\"https:\/\/rosetta.vn\/nguyenxuanxanh\/nghien-cuu-khoa-hoc-o-viet-nam-gs-nguyen-minh-tho\/\">Nghi\u00ean c\u1ee9u khoa h\u1ecdc \u1edf Vi\u1ec7t Nam (GS Nguy\u1ec5n Minh Th\u1ecd)<\/a><\/h2>\n<p><span class=\"post-date\">25 Th\u00e1ng M\u01b0\u1eddi Hai, 2023<\/span><\/p>\n<h2><a href=\"https:\/\/rosetta.vn\/nguyenxuanxanh\/12546-2\/\">Gi\u1edbi thi\u1ec7u s\u00e1ch <i>Khi con chip l\u00ean ng\u00f4i<\/i>\u00a0c\u1ee7a Nguy\u1ec5n Trung D\u00e2n<\/a><\/h2>\n<p><span class=\"post-date\">11 Th\u00e1ng M\u1ed9t, 2025<\/span><\/p>\n<h2 class=\"search-title\"><a title=\"C\u1ea7n m\u1ed9t thay \u0111\u1ed5i th\u00f4ng minh\" href=\"https:\/\/rosetta.vn\/nguyenxuanxanh\/can-mot-cuoc-thay-doi-thong-minh\/\" rel=\"bookmark\">C\u1ea7n m\u1ed9t thay \u0111\u1ed5i th\u00f4ng minh<\/a><\/h2>\n<p class=\"byline vcard\">1 Th\u00e1ng M\u1ed9t, 2025<\/p>\n<h2><a href=\"https:\/\/rosetta.vn\/nguyenxuanxanh\/giai-sach-quoc-gia-khuyen-khich-cho-bi-mat-thung-lung-silicon\/\">Gi\u1ea3i s\u00e1ch Qu\u1ed1c gia 2023 cho <i>B\u00ed m\u1eadt Thung l\u0169ng Silicon<\/i><\/a><\/h2>\n<p><span class=\"post-date\">20 Th\u00e1ng M\u01b0\u1eddi Hai, 2023<\/span><\/p>\n<h2><a href=\"https:\/\/rosetta.vn\/nguyenxuanxanh\/mot-chuyen-tham-adam-smith-o-edinburgh\/\">H\u1ed9i th\u1ea3o Adam Smith v\u00e0 m\u1ed9t chuy\u1ebfn th\u0103m \u00f4ng \u1edf Edinburgh<\/a><\/h2>\n<p><span class=\"post-date\">16 Th\u00e1ng M\u01b0\u1eddi Hai, 2023<\/span><\/p>\n<h2 class=\"search-title\"><a title=\"Trung Qu\u1ed1c \u0111\u00e3 tr\u1edf th\u00e0nh n\u01b0\u1edbc t\u01b0 b\u1ea3n th\u1ebf n\u00e0o\" href=\"https:\/\/rosetta.vn\/nguyenxuanxanh\/trung-quoc-da-tro-thanh-nuoc-tu-ban-the-nao\/\" rel=\"bookmark\">Trung Qu\u1ed1c \u0111\u00e3 tr\u1edf th\u00e0nh n\u01b0\u1edbc t\u01b0 b\u1ea3n th\u1ebf n\u00e0o (Ronald Coase &amp; Ning Wang)<\/a><\/h2>\n<p class=\"byline vcard\">13 Th\u00e1ng T\u00e1m, 2023<\/p>\n<h2><a href=\"https:\/\/rosetta.vn\/nguyenxuanxanh\/cach-mang-cong-nghiep-hay-tieu-vong\/\">C\u00e1ch m\u1ea1ng c\u00f4ng nghi\u1ec7p hay ti\u00eau vong<\/a>\u00a0<a title=\"C\u00e1ch m\u1ea1ng c\u00f4ng nghi\u1ec7p hay ti\u00eau vong\" href=\"https:\/\/rosetta.vn\/nguyenxuanxanh\/cach-mang-cong-nghiep-hay-tieu-vong\/\" rel=\"bookmark\">(Nh\u1eadt B\u1ea3n-Trung Qu\u1ed1c-Vi\u1ec7t Nam)<\/a><\/h2>\n<p><span style=\"font-size: 14pt\">(\u0110\u01b0\u1ee3c vi\u1ebft \u0111\u1ea7u th\u1eadp ni\u00ean 2010)<\/span><\/p>\n<p><span class=\"post-date\">24 Th\u00e1ng S\u00e1u, 2023<\/span><\/p>\n<h2><a href=\"https:\/\/rosetta.vn\/nguyenxuanxanh\/9812-2\/\">Sinh nh\u1eadt th\u1ee9 300 c\u1ee7a Adam Smith<\/a><\/h2>\n<p><span class=\"post-date\">6 Th\u00e1ng S\u00e1u, 2023<\/span><\/p>\n<h2><a href=\"https:\/\/rosetta.vn\/nguyenxuanxanh\/startup-nhin-tu-thung-lung-silicon-den-viet-nam\/\">Startup \u2013 Nh\u00ecn t\u1eeb Thung l\u0169ng Silicon \u0111\u1ebfn Vi\u1ec7t Nam<\/a><\/h2>\n<p><span class=\"post-date\">4 Th\u00e1ng M\u01b0\u1eddi Hai, 2023<\/span><\/p>\n<h2><a href=\"https:\/\/rosetta.vn\/nguyenxuanxanh\/gioi-thieu-sach-vi-mot-viet-nam-dan-giau-nuoc-manh\/\"><i>Gi\u1edbi thi\u1ec7u s\u00e1ch<\/i> V\u00cc M\u1ed8T VI\u1ec6T NAM D\u00c2N GI\u00c0U N\u01af\u1edaC M\u1ea0NH <\/a><\/h2>\n<h2><span style=\"font-size: 14pt;color: #000080\">Ch\u1ee7 bi\u00ean: Tr\u1ea7n V\u0103n Th\u1ecd &amp; Nguy\u1ec5n Xu\u00e2n Xanh<\/span><\/h2>\n<p><span class=\"post-date\">4 Th\u00e1ng M\u01b0\u1eddi Hai, 2023<\/span><\/p>\n<h2><a href=\"https:\/\/rosetta.vn\/nguyenxuanxanh\/xay-dung-phong-tho-cho-khoa-hoc-va-cong-nghe\/\">X\u00e2y d\u1ef1ng phong th\u1ed5 cho khoa h\u1ecdc v\u00e0 c\u00f4ng ngh\u1ec7 (Kinh nghi\u1ec7m H\u00e0n Qu\u1ed1c)<\/a><\/h2>\n<p><span class=\"post-date\">23 Th\u00e1ng B\u1ea3y, 2023<\/span><\/p>\n<h2><a href=\"https:\/\/rosetta.vn\/nguyenxuanxanh\/kist-choi-hyung-sup-va-park-chung-hee\/\">KIST \u2013 Choi Hyung Sup v\u00e0 Park Chung Hee (Kinh nghi\u1ec7m H\u00e0n Qu\u1ed1c)<\/a><\/h2>\n<p><span class=\"post-date\">4 Th\u00e1ng S\u00e1u, 2023<\/span><\/p>\n<h2><a href=\"https:\/\/rosetta.vn\/nguyenxuanxanh\/sach-kinh-te-nhat-ban-giai-doan-phat-trien-than-ky-1955-1973-tran-van-tho\/\">S\u00e1ch \u201cKinh t\u1ebf Nh\u1eadt B\u1ea3n \u2013 Giai \u0111o\u1ea1n ph\u00e1t tri\u1ec3n th\u1ea7n k\u1ef3 1955-1973\u201d (Tr\u1ea7n V\u0103n Th\u1ecd)<\/a><\/h2>\n<p><span class=\"post-date\">21 Th\u00e1ng N\u0103m, 2022<\/span><\/p>\n<h2><span style=\"font-size: 18pt\"><a title=\"S\u00e1ch B\u00ed m\u1eadt Thung l\u0169ng Silicon ra m\u1eaft\" href=\"https:\/\/rosetta.vn\/nguyenxuanxanh\/sach-bi-mat-thung-lung-silicon-ra-mat\/\" rel=\"bookmark\">S\u00e1ch\u00a0<i>B\u00ed m\u1eadt Thung l\u0169ng Silicon<\/i>\u00a0ra m\u1eaft<\/a><\/span><\/h2>\n<p class=\"byline vcard\">30 Th\u00e1ng M\u1ed9t, 2022<\/p>\n<h2><a href=\"https:\/\/rosetta.vn\/nguyenxuanxanh\/hsinchu-tan-truc-va-bai-hoc-cat-canh-cua-dai-loan\/\">Hsinchu (T\u00e2n Tr\u00fac) v\u00e0 B\u00e0i h\u1ecdc c\u1ea5t c\u00e1nh c\u1ee7a \u0110\u00e0i Loan<\/a><\/h2>\n<p><span class=\"post-date\">16 Th\u00e1ng N\u0103m, 2020<\/span><\/p>\n<h2><a href=\"https:\/\/rosetta.vn\/nguyenxuanxanh\/tan-truc-hsinchu-silicon-va-cuoc-cong-nghiep-hoa-dai-loan\/\">T\u00e2n Tr\u00fac (Hsinchu) Silicon v\u00e0 Cu\u1ed9c c\u00f4ng nghi\u1ec7p h\u00f3a \u0110\u00e0i Loan<\/a><\/h2>\n<p><span class=\"post-date\">11 Th\u00e1ng T\u01b0, 2020<\/span><\/p>\n","protected":false},"excerpt":{"rendered":"<p>KINH T\u1ebe &#8211; C\u00d4NG NGHI\u1ec6P H\u00d3A hay\u00a0 C\u00c1CH M\u1ea0NG C\u00d4NG NGHI\u1ec6P Trang n\u00e0y g\u1ed3m c\u00e1c b\u00e0i vi\u1ebft, hay gi\u1edbi thi\u1ec7u s\u00e1ch c\u00f3 li\u00ean quan \u0111\u1ebfn m\u1ea3ng \u0111\u1ec1 t\u00e0i Kinh t\u1ebf, C\u00f4ng nghi\u00eap h\u00f3a, hay C\u00e1ch m\u1ea1ng c\u00f4ng nghi\u1ec7p (Industrial Revolution) \u0111\u1ec3 l\u1ea5y t\u00ean g\u1ecdi th\u01b0\u1eddng \u0111\u01b0\u1ee3c c\u00e1c h\u1ecdc gi\u1ea3 qu\u1ed1c t\u1ebf s\u1eed d\u1ee5ng t\u1eeb c\u1ea3m<\/p>\n","protected":false},"author":3,"featured_media":0,"parent":0,"menu_order":0,"comment_status":"closed","ping_status":"closed","template":"","meta":{"_mi_skip_tracking":false,"jetpack_post_was_ever_published":false},"_links":{"self":[{"href":"https:\/\/rosetta.vn\/nguyenxuanxanh\/wp-json\/wp\/v2\/pages\/14021"}],"collection":[{"href":"https:\/\/rosetta.vn\/nguyenxuanxanh\/wp-json\/wp\/v2\/pages"}],"about":[{"href":"https:\/\/rosetta.vn\/nguyenxuanxanh\/wp-json\/wp\/v2\/types\/page"}],"author":[{"embeddable":true,"href":"https:\/\/rosetta.vn\/nguyenxuanxanh\/wp-json\/wp\/v2\/users\/3"}],"replies":[{"embeddable":true,"href":"https:\/\/rosetta.vn\/nguyenxuanxanh\/wp-json\/wp\/v2\/comments?post=14021"}],"version-history":[{"count":22,"href":"https:\/\/rosetta.vn\/nguyenxuanxanh\/wp-json\/wp\/v2\/pages\/14021\/revisions"}],"predecessor-version":[{"id":14075,"href":"https:\/\/rosetta.vn\/nguyenxuanxanh\/wp-json\/wp\/v2\/pages\/14021\/revisions\/14075"}],"wp:attachment":[{"href":"https:\/\/rosetta.vn\/nguyenxuanxanh\/wp-json\/wp\/v2\/media?parent=14021"}],"curies":[{"name":"wp","href":"https:\/\/api.w.org\/{rel}","templated":true}]}}