{"id":4293,"date":"2020-10-20T16:32:02","date_gmt":"2020-10-20T09:32:02","guid":{"rendered":"https:\/\/rosetta.vn\/nguyenxuanxanh\/?page_id=4293"},"modified":"2024-12-10T20:33:29","modified_gmt":"2024-12-10T13:33:29","slug":"nhung-quyen-sach-duoc-giai","status":"publish","type":"page","link":"https:\/\/rosetta.vn\/nguyenxuanxanh\/nhung-quyen-sach-duoc-giai\/","title":{"rendered":"S\u00c1CH \u0110\u01af\u1ee2C GI\u1ea2I TH\u01af\u1edeNG"},"content":{"rendered":"<p><span style=\"font-size: 14pt\">Xin gi\u1edbi thi\u1ec7u nh\u1eefng quy\u1ec3n s\u00e1ch \u0111\u01b0\u1ee3c gi\u1ea3i th\u01b0\u1edfng c\u1ee7a t\u00e1c gi\u1ea3, hay c\u00f3 s\u1ef1 tham gia c\u1ee7a t\u00e1c gi\u1ea3i v\u1edbi t\u01b0 c\u00e1ch \u0111\u1ed3ng ch\u1ee7 bi\u00ean hay ch\u1ee7 tr\u00ec v\u00e0 vi\u1ebft l\u1eddi d\u1eabn nh\u1eadp:<\/span><\/p>\n<p>&nbsp;<\/p>\n<h1 style=\"text-align: center\"><span style=\"font-size: 24pt;color: #008000\">EINSTEIN<\/span><\/h1>\n<p style=\"text-align: center\"><span style=\"color: #008000;font-size: 24pt\">&#8220;GI\u1ea2I V\u00c0NG S\u00c1CH HAY QU\u1ed0C GIA 2008&#8221;<\/span><\/p>\n<p style=\"text-align: center\"><span style=\"color: #000080\"><em>Gi\u1edbi thi\u1ec7u<\/em>:<\/span><\/p>\n<h3 class=\"search-title\" style=\"text-align: center\"><span style=\"font-size: 18pt\"><a title=\"S\u00e1ch Einstein\" href=\"https:\/\/rosetta.vn\/nguyenxuanxanh\/sach-einstein\/\" rel=\"bookmark\">S\u00e1ch <i>Einstein<\/i><\/a><\/span><\/h3>\n<h3 class=\"search-title\" style=\"text-align: center\"><img decoding=\"async\" loading=\"lazy\" class=\"alignnone wp-image-678\" src=\"https:\/\/i0.wp.com\/rosetta.vn\/nguyenxuanxanh\/wp-content\/uploads\/sites\/6\/2017\/11\/C3A5CUsers5CHP5CAppData5CLocal5CMicrosoft5CWindows5CINetCacheContent.Word5CBia20120Einstein.jpg.jpeg?resize=398%2C625&#038;ssl=1\" alt=\"\" width=\"398\" height=\"625\" srcset=\"https:\/\/i0.wp.com\/rosetta.vn\/nguyenxuanxanh\/wp-content\/uploads\/sites\/6\/2017\/11\/C3A5CUsers5CHP5CAppData5CLocal5CMicrosoft5CWindows5CINetCacheContent.Word5CBia20120Einstein.jpg.jpeg?resize=191%2C300&amp;ssl=1 191w, https:\/\/i0.wp.com\/rosetta.vn\/nguyenxuanxanh\/wp-content\/uploads\/sites\/6\/2017\/11\/C3A5CUsers5CHP5CAppData5CLocal5CMicrosoft5CWindows5CINetCacheContent.Word5CBia20120Einstein.jpg.jpeg?resize=652%2C1024&amp;ssl=1 652w, https:\/\/i0.wp.com\/rosetta.vn\/nguyenxuanxanh\/wp-content\/uploads\/sites\/6\/2017\/11\/C3A5CUsers5CHP5CAppData5CLocal5CMicrosoft5CWindows5CINetCacheContent.Word5CBia20120Einstein.jpg.jpeg?w=723&amp;ssl=1 723w\" sizes=\"(max-width: 398px) 100vw, 398px\" data-recalc-dims=\"1\" \/><\/h3>\n<p>&nbsp;<\/p>\n<h1 style=\"text-align: center\"><span style=\"font-size: 24pt;color: #008000\">K\u1ef6 Y\u1ebeU \u0110\u1ea0I H\u1eccC HUMBOLDT 200 N\u0102M<\/span><\/h1>\n<p style=\"text-align: center\"><span style=\"color: #000080;font-size: 14pt\"><em>Nh\u00f3m ch\u1ee7 bi\u00ean:<\/em>\u00a0NG\u00d4 B\u1ea2O CH\u00c2U &#8211; PIERRE DARRIULAT &#8211; CAO HUY THU\u1ea6N-<\/span><\/p>\n<p style=\"text-align: center\"><span style=\"color: #000080;font-size: 14pt\">HO\u00c0NG T\u1ee4Y &#8211; NGUY\u1ec4N XU\u00c2N XANH &#8211; PH\u1ea0M XU\u00c2N Y\u00caM<\/span><\/p>\n<p style=\"text-align: center\"><span style=\"color: #008000;font-size: 24pt\">&#8220;GI\u1ea2I S\u00c1CH HAY 2012&#8221;<\/span><\/p>\n<p style=\"text-align: center\"><span style=\"color: #000080\"><em>Gi\u1edbi thi\u1ec7u<\/em>:<\/span><\/p>\n<h3 class=\"search-title\" style=\"text-align: center\"><span style=\"font-size: 18pt\"><em><a title=\"K\u1ef7 y\u1ebfu \u0110\u1ea1i h\u1ecdc Humboldt 200 n\u0103m\" href=\"https:\/\/rosetta.vn\/nguyenxuanxanh\/ky-yeu-dai-hoc-humboldt-200-nam\/\" rel=\"bookmark\">K\u1ef7 y\u1ebfu \u0110\u1ea1i h\u1ecdc Humboldt 200 n\u0103m<\/a><\/em><\/span><\/h3>\n<p style=\"text-align: center\"><img decoding=\"async\" loading=\"lazy\" class=\"alignnone wp-image-700\" src=\"https:\/\/i0.wp.com\/rosetta.vn\/nguyenxuanxanh\/wp-content\/uploads\/sites\/6\/2017\/11\/null.jpeg?resize=398%2C606&#038;ssl=1\" alt=\"\" width=\"398\" height=\"606\" srcset=\"https:\/\/i0.wp.com\/rosetta.vn\/nguyenxuanxanh\/wp-content\/uploads\/sites\/6\/2017\/11\/null.jpeg?resize=197%2C300&amp;ssl=1 197w, https:\/\/i0.wp.com\/rosetta.vn\/nguyenxuanxanh\/wp-content\/uploads\/sites\/6\/2017\/11\/null.jpeg?resize=768%2C1171&amp;ssl=1 768w, https:\/\/i0.wp.com\/rosetta.vn\/nguyenxuanxanh\/wp-content\/uploads\/sites\/6\/2017\/11\/null.jpeg?resize=672%2C1024&amp;ssl=1 672w, https:\/\/i0.wp.com\/rosetta.vn\/nguyenxuanxanh\/wp-content\/uploads\/sites\/6\/2017\/11\/null.jpeg?w=945&amp;ssl=1 945w\" sizes=\"(max-width: 398px) 100vw, 398px\" data-recalc-dims=\"1\" \/><\/p>\n<p>&nbsp;<\/p>\n<h1 style=\"text-align: center\"><span style=\"font-size: 24pt;color: #008000\">N\u01af\u1edaC \u0110\u1ee8C TH\u1ebe K\u1ef6 XIX<\/span><\/h1>\n<p style=\"text-align: center\"><span style=\"color: #008000;font-size: 24pt\">&#8220;GI\u1ea2I S\u00c1CH HAY 2017&#8221;<\/span><\/p>\n<p style=\"text-align: center\"><span style=\"color: #000080\"><em>Gi\u1edbi thi\u1ec7u<\/em>:<\/span><\/p>\n<h3 class=\"search-title\" style=\"text-align: center\"><span style=\"font-size: 18pt\"><a title=\"V\u00ec sao t\u00f4i vi\u1ebft N\u01b0\u1edbc \u0110\u1ee9c th\u1ebf k\u1ef7 XIX?\" href=\"https:\/\/rosetta.vn\/nguyenxuanxanh\/vi-sao-toi-viet-nuoc-duc-the-ky-xix\/\" rel=\"bookmark\">V\u00ec sao t\u00f4i vi\u1ebft <i>N\u01b0\u1edbc \u0110\u1ee9c th\u1ebf k\u1ef7 XIX<\/i>?<\/a><\/span><\/h3>\n<p style=\"text-align: center\"><img decoding=\"async\" loading=\"lazy\" class=\"alignnone wp-image-2794\" src=\"https:\/\/i0.wp.com\/rosetta.vn\/nguyenxuanxanh\/wp-content\/uploads\/sites\/6\/2019\/06\/C3A5CUsers5CHP5CAppData5CLocal5CMicrosoft5CWindows5CINetCacheContent.Word5Cbia201-01.jpg.jpeg?resize=408%2C597&#038;ssl=1\" alt=\"\" width=\"408\" height=\"597\" srcset=\"https:\/\/i0.wp.com\/rosetta.vn\/nguyenxuanxanh\/wp-content\/uploads\/sites\/6\/2019\/06\/C3A5CUsers5CHP5CAppData5CLocal5CMicrosoft5CWindows5CINetCacheContent.Word5Cbia201-01.jpg.jpeg?resize=205%2C300&amp;ssl=1 205w, https:\/\/i0.wp.com\/rosetta.vn\/nguyenxuanxanh\/wp-content\/uploads\/sites\/6\/2019\/06\/C3A5CUsers5CHP5CAppData5CLocal5CMicrosoft5CWindows5CINetCacheContent.Word5Cbia201-01.jpg.jpeg?resize=768%2C1125&amp;ssl=1 768w, https:\/\/i0.wp.com\/rosetta.vn\/nguyenxuanxanh\/wp-content\/uploads\/sites\/6\/2019\/06\/C3A5CUsers5CHP5CAppData5CLocal5CMicrosoft5CWindows5CINetCacheContent.Word5Cbia201-01.jpg.jpeg?resize=699%2C1024&amp;ssl=1 699w, https:\/\/i0.wp.com\/rosetta.vn\/nguyenxuanxanh\/wp-content\/uploads\/sites\/6\/2019\/06\/C3A5CUsers5CHP5CAppData5CLocal5CMicrosoft5CWindows5CINetCacheContent.Word5Cbia201-01.jpg.jpeg?w=950&amp;ssl=1 950w\" sizes=\"(max-width: 408px) 100vw, 408px\" data-recalc-dims=\"1\" \/><\/p>\n<p>&nbsp;<\/p>\n<h1 style=\"text-align: center\"><span style=\"font-size: 24pt;color: #008000\">\u0110\u1ea0I H\u1eccC<\/span><\/h1>\n<p style=\"text-align: center\"><span style=\"color: #808000;font-size: 24pt\">&#8220;GI\u1ea2I S\u00c1CH HAY 2019&#8221;<\/span><\/p>\n<p style=\"text-align: center\"><span style=\"color: #000080\"><em>Gi\u1edbi thi\u1ec7u<\/em>:<\/span><\/p>\n<h3 class=\"search-title\" style=\"text-align: center\"><span style=\"font-size: 18pt\"><a title=\"\u0110\u1ea0I H\u1eccC nh\u1eadn \u0111\u01b0\u1ee3c Gi\u1ea3i S\u00e1ch Hay 2019\" href=\"https:\/\/rosetta.vn\/nguyenxuanxanh\/dai-hoc-nhan-duoc-giai-sach-hay-2019\/\" rel=\"bookmark\"><em>\u0110\u1ea0I H\u1eccC nh\u1eadn \u0111\u01b0\u1ee3c Gi\u1ea3i S\u00e1ch Hay 2019<\/em><\/a><\/span><\/h3>\n<p style=\"text-align: center\"><img decoding=\"async\" loading=\"lazy\" class=\"alignnone wp-image-2369\" src=\"https:\/\/i0.wp.com\/rosetta.vn\/nguyenxuanxanh\/wp-content\/uploads\/sites\/6\/2019\/04\/C3A5CUsers5CHP5CAppData5CLocal5CMicrosoft5CWindows5CINetCacheContent.Word5CC490E1BAA0I20HE1BB8CC.JPG-1.jpeg?resize=431%2C660&#038;ssl=1\" alt=\"\" width=\"431\" height=\"660\" srcset=\"https:\/\/i0.wp.com\/rosetta.vn\/nguyenxuanxanh\/wp-content\/uploads\/sites\/6\/2019\/04\/C3A5CUsers5CHP5CAppData5CLocal5CMicrosoft5CWindows5CINetCacheContent.Word5CC490E1BAA0I20HE1BB8CC.JPG-1.jpeg?resize=196%2C300&amp;ssl=1 196w, https:\/\/i0.wp.com\/rosetta.vn\/nguyenxuanxanh\/wp-content\/uploads\/sites\/6\/2019\/04\/C3A5CUsers5CHP5CAppData5CLocal5CMicrosoft5CWindows5CINetCacheContent.Word5CC490E1BAA0I20HE1BB8CC.JPG-1.jpeg?w=445&amp;ssl=1 445w\" sizes=\"(max-width: 431px) 100vw, 431px\" data-recalc-dims=\"1\" \/><\/p>\n<p>&nbsp;<\/p>\n<h1 style=\"text-align: center\"><span style=\"font-size: 24pt;color: #008000\">BI\u1ec6N H\u1ed8 CHO M\u1ed8T N\u1ec0N GI\u00c1O D\u1ee4C KHAI PH\u00d3NG<\/span><\/h1>\n<p style=\"text-align: center\"><span style=\"font-size: 14pt;color: #000080\">(S\u00e1ch d\u1ecbch c\u1ee7a Fareed Zakaria, <em>In Defense of a Liberal Education<\/em>)<\/span><\/p>\n<p style=\"text-align: center\"><span style=\"font-size: 14pt;color: #000080\">Ch\u1ee7 tr\u01b0\u01a1ng v\u00e0 d\u1eabn nh\u1eadp: <strong>Nguy\u1ec5n Xu\u00e2n Xanh<\/strong><\/span><\/p>\n<p style=\"text-align: center\"><span style=\"font-size: 24pt;color: #008000\">&#8220;GI\u1ea2I S\u00c1CH HAY 2020&#8221;<\/span><\/p>\n<p style=\"text-align: center\"><span style=\"color: #000080\"><em>Gi\u1edbi thi\u1ec7u:<\/em><\/span><\/p>\n<h3 class=\"search-title\" style=\"text-align: center\"><a title=\"T\u1ea1i sao c\u1ea7n gi\u00e1o d\u1ee5c khai ph\u00f3ng?\" href=\"https:\/\/rosetta.vn\/nguyenxuanxanh\/tai-sao-can-giao-duc-khai-phong\/\" rel=\"bookmark\"><em><span style=\"font-size: 12pt\"><span style=\"font-size: 14pt\">T\u1ea1i sao c\u1ea7n gi\u00e1o d\u1ee5c khai ph\u00f3ng?<\/span><\/span><\/em><\/a><\/h3>\n<p>&nbsp;<\/p>\n<p style=\"text-align: center\"><img decoding=\"async\" loading=\"lazy\" class=\"alignnone wp-image-2365\" src=\"https:\/\/i0.wp.com\/rosetta.vn\/nguyenxuanxanh\/wp-content\/uploads\/sites\/6\/2019\/04\/https3A2F2Fi1.wp_.com2Frosetta.vn2Fnguyenxuanxanh2Fwp-content2Fuploads2Fsites2F62F20182F012Fimage.jpeg3Fresize3D416252C62426ssl3D1.jpeg?resize=427%2C641&#038;ssl=1\" alt=\"\" width=\"427\" height=\"641\" srcset=\"https:\/\/i0.wp.com\/rosetta.vn\/nguyenxuanxanh\/wp-content\/uploads\/sites\/6\/2019\/04\/https3A2F2Fi1.wp_.com2Frosetta.vn2Fnguyenxuanxanh2Fwp-content2Fuploads2Fsites2F62F20182F012Fimage.jpeg3Fresize3D416252C62426ssl3D1.jpeg?resize=200%2C300&amp;ssl=1 200w, https:\/\/i0.wp.com\/rosetta.vn\/nguyenxuanxanh\/wp-content\/uploads\/sites\/6\/2019\/04\/https3A2F2Fi1.wp_.com2Frosetta.vn2Fnguyenxuanxanh2Fwp-content2Fuploads2Fsites2F62F20182F012Fimage.jpeg3Fresize3D416252C62426ssl3D1.jpeg?w=416&amp;ssl=1 416w\" sizes=\"(max-width: 427px) 100vw, 427px\" data-recalc-dims=\"1\" \/><\/p>\n<p>&nbsp;<\/p>\n<h1 style=\"text-align: center\"><span style=\"color: #008000\">B\u00cd M\u1eacT C\u1ee6A THUNG L\u0168NG SILICON<\/span><\/h1>\n<p style=\"text-align: center\"><span style=\"color: #008000;font-size: 24pt\">&#8220;GI\u1ea2I TH\u01af\u1edeNG S\u00c1CH QU\u1ed0C GIA L\u1ea6N VI, 2023&#8221;<\/span><\/p>\n<p style=\"text-align: center\"><span style=\"font-size: 14pt;color: #000080\"><em>T\u00e1c gi\u1ea3<\/em>: <strong>Deborah Perry Piscione<\/strong><\/span><\/p>\n<p style=\"text-align: center\"><span style=\"font-size: 14pt;color: #000080\"><em>Ng\u01b0\u1eddi d\u1ecbch<\/em>: <strong>\u0110\u1ed7 Th\u1ecb Thu Tr\u00e0<\/strong> v\u00e0 <strong>Mai L\u00ea<\/strong> alias <strong>L\u00ea T\u00f9ng Qu\u00e2n <\/strong><\/span><\/p>\n<p style=\"text-align: center\"><span style=\"font-size: 14pt;color: #000080\"><em>Ch\u1ee7 tr\u01b0\u01a1ng, hi\u1ec7u \u0111\u00ednh v\u00e0 gi\u1edbi thi\u1ec7u<\/em>: N<strong>guy\u1ec5n Xu\u00e2n Xanh <\/strong><\/span><\/p>\n<p style=\"text-align: center\"><span style=\"font-size: 14pt;color: #000080\"><strong>S\u00e1ch &#8220;\u0110\u01af\u1ee2C NH\u00c0 N\u01af\u1edaC \u0110\u1eb6T H\u00c0NG&#8221;<\/strong><\/span><\/p>\n<p style=\"text-align: center\"><span style=\"color: #000080\"><em>Gi\u1edbi thi\u1ec7u:<\/em><\/span><\/p>\n<blockquote class=\"wp-embedded-content\" data-secret=\"eKWUPeUUz8\"><p><a href=\"https:\/\/rosetta.vn\/nguyenxuanxanh\/giai-sach-quoc-gia-khuyen-khich-cho-bi-mat-thung-lung-silicon\/\">Gi\u1ea3i s\u00e1ch Qu\u1ed1c gia 2023 cho B\u00ed m\u1eadt Thung l\u0169ng Silicon<\/a><\/p><\/blockquote>\n<p><iframe class=\"wp-embedded-content\" sandbox=\"allow-scripts\" security=\"restricted\" style=\"position: absolute; clip: rect(1px, 1px, 1px, 1px);\" title=\"&#8220;Gi\u1ea3i s\u00e1ch Qu\u1ed1c gia 2023 cho &lt;i&gt;B\u00ed m\u1eadt Thung l\u0169ng Silicon&lt;\/i&gt;&#8221; &#8212; B\u00e0i vi\u1ebft c\u1ee7a Nguy\u1ec5n Xu\u00e2n Xanh\" src=\"https:\/\/rosetta.vn\/nguyenxuanxanh\/giai-sach-quoc-gia-khuyen-khich-cho-bi-mat-thung-lung-silicon\/embed\/#?secret=W0j5CpbZvi#?secret=eKWUPeUUz8\" data-secret=\"eKWUPeUUz8\" width=\"600\" height=\"338\" frameborder=\"0\" marginwidth=\"0\" marginheight=\"0\" scrolling=\"no\"><\/iframe><\/p>\n<img decoding=\"async\" loading=\"lazy\" class=\"aligncenter\" src=\"https:\/\/i0.wp.com\/rosetta.vn\/nguyenxuanxanh\/wp-content\/uploads\/sites\/6\/2023\/12\/Anh-cua-Giai-sach-Quoc-gia-2023.jpg?resize=1140%2C769&amp;ssl=1\" width=\"563\" height=\"380\" \/>\n<p>&nbsp;<\/p>\n<h1 class=\"entry-title single-title\" style=\"text-align: center\"><span style=\"color: #008000\">S\u1ee8 \u0110O\u00c0N IWAKURA \u0110I T\u00ccM KHAI S\u00c1NG<\/span><\/h1>\n<p class=\"entry-title single-title\" style=\"text-align: center\"><span style=\"color: #000080;font-size: 18pt\">Ian Nish <em>ch\u1ee7 bi\u00ean<\/em><\/span><\/p>\n<p style=\"text-align: center\"><span style=\"font-size: 18pt;color: #000080\">Nguy\u1ec5n Xu\u00e2n Xanh: <em>ch\u1ee7 tr\u01b0\u01a1ng v\u00e0 vi\u1ebft l\u1eddi d\u1eabn nh\u1eadp<\/em><\/span><\/p>\n<p style=\"text-align: center\"><span style=\"color: #008000;font-size: 24pt\">&#8220;GI\u1ea2I TH\u01af\u1edeNG S\u00c1CH QU\u1ed0C GIA L\u1ea6N VII, 2024&#8221;<\/span><\/p>\n<p style=\"text-align: center\"><img decoding=\"async\" src=\"https:\/\/i0.wp.com\/rosetta.vn\/nguyenxuanxanh\/wp-content\/uploads\/sites\/6\/2023\/07\/Anh-bia-1.jpg?resize=560%2C840&amp;ssl=1\" \/><\/p>\n<p style=\"text-align: center\"><span style=\"color: #000080\"><em>Gi\u1edbi thi\u1ec7u:<\/em><\/span><\/p>\n<h1 class=\"article__title cms-title \" style=\"text-align: center\"><a style=\"font-size: large\" href=\"https:\/\/rosetta.vn\/nguyenxuanxanh\/su-doan-iwakura-di-tim-khai-sang\/\" target=\"_blank\" rel=\"noopener\" data-saferedirecturl=\"https:\/\/www.google.com\/url?q=https:\/\/rosetta.vn\/nguyenxuanxanh\/su-doan-iwakura-di-tim-khai-sang\/&amp;source=gmail&amp;ust=1733906560424000&amp;usg=AOvVaw2R79_5B2k1bIuAhUD0zyD4\">https:\/\/rosetta.vn\/nguyenxuanxanh\/su-doan-iwakura-di-tim-khai-sang\/<\/a><\/h1>\n<h1><\/h1>\n<h1 style=\"text-align: center\"><span style=\"color: #008000\">S\u1ef0 TI\u1ebeN H\u00d3A C\u1ee6A TRI TH\u1ee8C<\/span><\/h1>\n<h2 style=\"text-align: center\"><span style=\"color: #000080\">The Evolution of Knowledge<\/span><\/h2>\n<p style=\"text-align: center\"><span style=\"color: #008000;font-size: 24pt\">&#8220;GI\u1ea2I TH\u01af\u1edeNG S\u00c1CH QU\u1ed0C GIA L\u1ea6N VII, 2024&#8221;<\/span><\/p>\n<p style=\"text-align: center\"><span style=\"color: #000080\"><em>T\u00e1c gi\u1ea3<\/em>\u00a0<strong>J\u00fcrgen Renn, Berlin<\/strong><\/span><\/p>\n<p style=\"text-align: center\"><span style=\"color: #000080\"><strong>Nguy\u1ec5n Xu\u00e2n Xanh\u00a0<\/strong><em>hi\u1ec7u \u0111\u00ednh v\u00e0 d\u1eabn nh\u1eadp<\/em><\/span><\/p>\n<p style=\"text-align: center\"><img decoding=\"async\" src=\"https:\/\/i0.wp.com\/rosetta.vn\/nguyenxuanxanh\/wp-content\/uploads\/sites\/6\/2023\/08\/bia1-_-su-tien-hoa-cua-tri-thuc.jpg?resize=469%2C710&amp;ssl=1\" \/><\/p>\n<p style=\"text-align: center\"><span style=\"color: #000080\"><em>Gi\u1edbi thi\u1ec7u:<\/em><\/span><\/p>\n<p style=\"text-align: center\">\u00a0<a href=\"https:\/\/rosetta.vn\/nguyenxuanxanh\/dan-nhap-cho-sach-su-tien-hoa-cua-tri-thuc\/\"><span style=\"font-size: 14pt\">https:\/\/rosetta.vn\/nguyenxuanxanh\/dan-nhap-cho-sach-su-tien-hoa-cua-tri-thuc\/<\/span><\/a><\/p>\n","protected":false},"excerpt":{"rendered":"<p>Xin gi\u1edbi thi\u1ec7u nh\u1eefng quy\u1ec3n s\u00e1ch \u0111\u01b0\u1ee3c gi\u1ea3i th\u01b0\u1edfng c\u1ee7a t\u00e1c gi\u1ea3, hay c\u00f3 s\u1ef1 tham gia c\u1ee7a t\u00e1c gi\u1ea3i v\u1edbi t\u01b0 c\u00e1ch \u0111\u1ed3ng ch\u1ee7 bi\u00ean hay ch\u1ee7 tr\u00ec v\u00e0 vi\u1ebft l\u1eddi d\u1eabn nh\u1eadp: &nbsp; EINSTEIN &#8220;GI\u1ea2I V\u00c0NG S\u00c1CH HAY QU\u1ed0C GIA 2008&#8221; Gi\u1edbi thi\u1ec7u: S\u00e1ch Einstein &nbsp; K\u1ef6 Y\u1ebeU \u0110\u1ea0I H\u1eccC HUMBOLDT 200 N\u0102M<\/p>\n","protected":false},"author":3,"featured_media":0,"parent":0,"menu_order":0,"comment_status":"closed","ping_status":"closed","template":"","meta":{"_mi_skip_tracking":false,"jetpack_post_was_ever_published":false},"_links":{"self":[{"href":"https:\/\/rosetta.vn\/nguyenxuanxanh\/wp-json\/wp\/v2\/pages\/4293"}],"collection":[{"href":"https:\/\/rosetta.vn\/nguyenxuanxanh\/wp-json\/wp\/v2\/pages"}],"about":[{"href":"https:\/\/rosetta.vn\/nguyenxuanxanh\/wp-json\/wp\/v2\/types\/page"}],"author":[{"embeddable":true,"href":"https:\/\/rosetta.vn\/nguyenxuanxanh\/wp-json\/wp\/v2\/users\/3"}],"replies":[{"embeddable":true,"href":"https:\/\/rosetta.vn\/nguyenxuanxanh\/wp-json\/wp\/v2\/comments?post=4293"}],"version-history":[{"count":20,"href":"https:\/\/rosetta.vn\/nguyenxuanxanh\/wp-json\/wp\/v2\/pages\/4293\/revisions"}],"predecessor-version":[{"id":12372,"href":"https:\/\/rosetta.vn\/nguyenxuanxanh\/wp-json\/wp\/v2\/pages\/4293\/revisions\/12372"}],"wp:attachment":[{"href":"https:\/\/rosetta.vn\/nguyenxuanxanh\/wp-json\/wp\/v2\/media?parent=4293"}],"curies":[{"name":"wp","href":"https:\/\/api.w.org\/{rel}","templated":true}]}}