{"id":6783,"date":"2021-11-17T09:21:57","date_gmt":"2021-11-17T02:21:57","guid":{"rendered":"https:\/\/rosetta.vn\/nguyenxuanxanh\/?page_id=6783"},"modified":"2025-07-12T21:25:23","modified_gmt":"2025-07-12T14:25:23","slug":"nhat-ban","status":"publish","type":"page","link":"https:\/\/rosetta.vn\/nguyenxuanxanh\/nhat-ban\/","title":{"rendered":"NH\u1eacT B\u1ea2N"},"content":{"rendered":"<p style=\"text-align: justify\"><span style=\"color: #000080;font-size: 14pt\">Trang <em>Nh\u1eadt B\u1ea3n<\/em> c\u00f3 m\u1ee5c \u0111\u00edch t\u1eadp h\u1ee3p nh\u1eefng b\u00e0i vi\u1ebft v\u1ec1 hay li\u00ean quan \u0111\u1ebfn Nh\u1eadt B\u1ea3n\u00a0<\/span><span style=\"color: #000080;font-size: 14pt\">\u0111\u00e3 \u0111\u01b0\u1ee3c \u0111\u0103ng tr\u00ean trang m\u1ea1ng rosetta.vn. D\u01b0\u1edbi \u0111\u00e2y l\u00e0 c\u00e1c b\u00e0i, l\u1ea7n l\u01b0\u1ee3c theo th\u1eddi gian,\u00a0<\/span><span style=\"color: #000080;font-size: 14pt\">t\u1eeb c\u0169 \u1edf d\u01b0\u1edbi \u0111\u1ebfn m\u1edbi \u1edf ph\u00eda tr\u00ean.<\/span><\/p>\n<h3><span style=\"font-size: 18pt;color: #008000\">Ngh\u1ec7 thu\u1eadt Th\u1eddi k\u1ef3 Edo Nh\u1eadt B\u1ea3n (1615-1868)<\/span><\/h3>\n<blockquote class=\"wp-embedded-content\" data-secret=\"19beNZAbmZ\"><p><a href=\"https:\/\/rosetta.vn\/nguyenxuanxanh\/nghe-thuat-thoi-ky-edo-1615-1868\/\">Ngh\u1ec7 thu\u1eadt Th\u1eddi k\u1ef3 Edo Nh\u1eadt B\u1ea3n (1615-1868)<\/a><\/p><\/blockquote>\n<p><iframe class=\"wp-embedded-content\" sandbox=\"allow-scripts\" security=\"restricted\" style=\"position: absolute; clip: rect(1px, 1px, 1px, 1px);\" title=\"&#8220;Ngh\u1ec7 thu\u1eadt Th\u1eddi k\u1ef3 Edo Nh\u1eadt B\u1ea3n (1615-1868)&#8221; &#8212; B\u00e0i vi\u1ebft c\u1ee7a Nguy\u1ec5n Xu\u00e2n Xanh\" src=\"https:\/\/rosetta.vn\/nguyenxuanxanh\/nghe-thuat-thoi-ky-edo-1615-1868\/embed\/#?secret=xf4b4wcRfI#?secret=19beNZAbmZ\" data-secret=\"19beNZAbmZ\" width=\"600\" height=\"338\" frameborder=\"0\" marginwidth=\"0\" marginheight=\"0\" scrolling=\"no\"><\/iframe><\/p>\n<p><span class=\"post-date\">8 Th\u00e1ng S\u00e1u, 2025<\/span><\/p>\n<h3 class=\"entry-title single-title\"><span style=\"font-size: 18pt;color: #808000\">\u0110\u1ea3ng ph\u00e1i \u1edf ph\u01b0\u01a1ng \u0110\u00f4ng (Ozaki Yukio)<\/span><\/h3>\n<p>13 Th\u00e1ng T\u01b0, 2024<\/p>\n<blockquote class=\"wp-embedded-content\" data-secret=\"XxtbFFXblZ\"><p><a href=\"https:\/\/rosetta.vn\/nguyenxuanxanh\/dang-phai-o-phuong-dong-ozaki-yukio\/\">\u0110\u1ea3ng ph\u00e1i \u1edf ph\u01b0\u01a1ng \u0110\u00f4ng (Ozaki Yukio)<\/a><\/p><\/blockquote>\n<p><iframe class=\"wp-embedded-content\" sandbox=\"allow-scripts\" security=\"restricted\" style=\"position: absolute; clip: rect(1px, 1px, 1px, 1px);\" title=\"&#8220;\u0110\u1ea3ng ph\u00e1i \u1edf ph\u01b0\u01a1ng \u0110\u00f4ng (Ozaki Yukio)&#8221; &#8212; B\u00e0i vi\u1ebft c\u1ee7a Nguy\u1ec5n Xu\u00e2n Xanh\" src=\"https:\/\/rosetta.vn\/nguyenxuanxanh\/dang-phai-o-phuong-dong-ozaki-yukio\/embed\/#?secret=fSxSr6Ncdx#?secret=XxtbFFXblZ\" data-secret=\"XxtbFFXblZ\" width=\"600\" height=\"338\" frameborder=\"0\" marginwidth=\"0\" marginheight=\"0\" scrolling=\"no\"><\/iframe><\/p>\n<h3 class=\"entry-title single-title\"><span style=\"color: #008000;font-size: 18pt\">Albert Einstein v\u00e0 c\u00e2y \u0111\u00e0n piano \u1edf Nara<\/span><\/h3>\n<blockquote class=\"wp-embedded-content\" data-secret=\"wP73WdH0T1\"><p><a href=\"https:\/\/rosetta.vn\/nguyenxuanxanh\/albert-einstein-va-cay-dan-piano-tai-nara\/\">Albert Einstein v\u00e0 c\u00e2y \u0111\u00e0n piano \u1edf Nara<\/a><\/p><\/blockquote>\n<p><iframe class=\"wp-embedded-content\" sandbox=\"allow-scripts\" security=\"restricted\" style=\"position: absolute; clip: rect(1px, 1px, 1px, 1px);\" title=\"&#8220;Albert Einstein v\u00e0 c\u00e2y \u0111\u00e0n piano \u1edf Nara&#8221; &#8212; B\u00e0i vi\u1ebft c\u1ee7a Nguy\u1ec5n Xu\u00e2n Xanh\" src=\"https:\/\/rosetta.vn\/nguyenxuanxanh\/albert-einstein-va-cay-dan-piano-tai-nara\/embed\/#?secret=WsPiwiLW09#?secret=wP73WdH0T1\" data-secret=\"wP73WdH0T1\" width=\"600\" height=\"338\" frameborder=\"0\" marginwidth=\"0\" marginheight=\"0\" scrolling=\"no\"><\/iframe><\/p>\n<h3><\/h3>\n<h3><span style=\"font-size: 18pt;color: #808000\">M\u01b0\u1eddi Nh\u00e0 Gi\u00e1o d\u1ee5c l\u1edbn c\u1ee7a Nh\u1eadt B\u1ea3n Minh Tr\u1ecb<\/span><\/h3>\n<blockquote class=\"wp-embedded-content\" data-secret=\"Hi5uhveKUv\"><p><a href=\"https:\/\/rosetta.vn\/nguyenxuanxanh\/muoi-nha-giao-duc-lon-cua-nhat-ban-hien-dai\/\">M\u01b0\u1eddi nh\u00e0 gi\u00e1o d\u1ee5c l\u1edbn c\u1ee7a Nh\u1eadt B\u1ea3n hi\u1ec7n \u0111\u1ea1i<\/a><\/p><\/blockquote>\n<p><iframe class=\"wp-embedded-content\" sandbox=\"allow-scripts\" security=\"restricted\" style=\"position: absolute; clip: rect(1px, 1px, 1px, 1px);\" title=\"&#8220;M\u01b0\u1eddi nh\u00e0 gi\u00e1o d\u1ee5c l\u1edbn c\u1ee7a Nh\u1eadt B\u1ea3n hi\u1ec7n \u0111\u1ea1i&#8221; &#8212; B\u00e0i vi\u1ebft c\u1ee7a Nguy\u1ec5n Xu\u00e2n Xanh\" src=\"https:\/\/rosetta.vn\/nguyenxuanxanh\/muoi-nha-giao-duc-lon-cua-nhat-ban-hien-dai\/embed\/#?secret=bdYpD8vsA4#?secret=Hi5uhveKUv\" data-secret=\"Hi5uhveKUv\" width=\"600\" height=\"338\" frameborder=\"0\" marginwidth=\"0\" marginheight=\"0\" scrolling=\"no\"><\/iframe><\/p>\n<h3><span style=\"font-size: 18pt;color: #008000\">S\u1ee9 \u0111o\u00e0n Iwakura \u0111i t\u00ecm Khai s\u00e1ng:<\/span><\/h3>\n<p><span style=\"font-size: 14pt\"><a href=\"https:\/\/rosetta.vn\/nguyenxuanxanh\/su-doan-iwakura-di-tim-khai-sang\/\">S\u1ee9 \u0111o\u00e0n Iwakura \u0111i t\u00ecm Khai s\u00e1ng\u00a0<\/a><\/span><\/p>\n<h3><\/h3>\n<h3 class=\"entry-title single-title\"><span style=\"font-size: 18pt;color: #008000\">T\u1eeb \u0111\u1ecdc s\u00e1ch \u0111\u1ebfn khai minh c\u1ee7a ng\u01b0\u1eddi Nh\u1eadt<\/span><\/h3>\n<p><span style=\"font-size: 14pt\"><a href=\"https:\/\/rosetta.vn\/nguyenxuanxanh\/tu-doc-sach-den-khai-minh-cua-nguoi-nhat\/\">T\u1eeb \u0111\u1ecdc s\u00e1ch \u0111\u1ebfn khai minh c\u1ee7a ng\u01b0\u1eddi Nh\u1eadt\u00a0<\/a><\/span><\/p>\n<h3><\/h3>\n<h3 class=\"entry-title single-title\"><span style=\"font-size: 18pt;color: #808000\">Th\u1ebf gi\u1edbi kinh doanh h\u00f4m nay v\u00e0 tri\u1ebft l\u00fd c\u1ee7a Shibusawa Eiichi:<\/span><\/h3>\n<blockquote class=\"wp-embedded-content\" data-secret=\"ZFnLAIiOl6\"><p><a href=\"https:\/\/rosetta.vn\/nguyenxuanxanh\/the-gioi-kinh-doanh-hom-nay-va-triet-ly-cua-shibusawa-eiichi\/\">Th\u1ebf gi\u1edbi kinh doanh h\u00f4m nay v\u00e0 tri\u1ebft l\u00fd c\u1ee7a Shibusawa Eiichi<\/a><\/p><\/blockquote>\n<p><iframe class=\"wp-embedded-content\" sandbox=\"allow-scripts\" security=\"restricted\" style=\"position: absolute; clip: rect(1px, 1px, 1px, 1px);\" title=\"&#8220;Th\u1ebf gi\u1edbi kinh doanh h\u00f4m nay v\u00e0 tri\u1ebft l\u00fd c\u1ee7a Shibusawa Eiichi&#8221; &#8212; B\u00e0i vi\u1ebft c\u1ee7a Nguy\u1ec5n Xu\u00e2n Xanh\" src=\"https:\/\/rosetta.vn\/nguyenxuanxanh\/the-gioi-kinh-doanh-hom-nay-va-triet-ly-cua-shibusawa-eiichi\/embed\/#?secret=ALLNpgl3l4#?secret=ZFnLAIiOl6\" data-secret=\"ZFnLAIiOl6\" width=\"600\" height=\"338\" frameborder=\"0\" marginwidth=\"0\" marginheight=\"0\" scrolling=\"no\"><\/iframe><\/p>\n<h3 class=\"entry-title single-title\"><span style=\"font-size: 18pt;color: #808000\">Hideki Yukawa \u2013 Ng\u01b0\u1eddi l\u1eef h\u00e0nh c\u00f4 \u0111\u01a1n:<\/span><\/h3>\n<blockquote class=\"wp-embedded-content\" data-secret=\"6E9wXSZNwP\"><p><a href=\"https:\/\/rosetta.vn\/nguyenxuanxanh\/hideki-yukawa-nguoi-lu-hanh-co-don\/\">Hideki Yukawa &#8211; Ng\u01b0\u1eddi l\u1eef h\u00e0nh c\u00f4 \u0111\u01a1n<\/a><\/p><\/blockquote>\n<p><iframe class=\"wp-embedded-content\" sandbox=\"allow-scripts\" security=\"restricted\" style=\"position: absolute; clip: rect(1px, 1px, 1px, 1px);\" title=\"&#8220;Hideki Yukawa &#8211; Ng\u01b0\u1eddi l\u1eef h\u00e0nh c\u00f4 \u0111\u01a1n&#8221; &#8212; B\u00e0i vi\u1ebft c\u1ee7a Nguy\u1ec5n Xu\u00e2n Xanh\" src=\"https:\/\/rosetta.vn\/nguyenxuanxanh\/hideki-yukawa-nguoi-lu-hanh-co-don\/embed\/#?secret=jJRR48ftQf#?secret=6E9wXSZNwP\" data-secret=\"6E9wXSZNwP\" width=\"600\" height=\"338\" frameborder=\"0\" marginwidth=\"0\" marginheight=\"0\" scrolling=\"no\"><\/iframe><\/p>\n<h3 class=\"entry-title single-title\"><span style=\"font-size: 18pt;color: #808000\">\u201cKh\u00f4ng th\u1ec3 y\u00eau n\u01b0\u1edbc trong s\u1ef1 v\u00f4 minh\u201d<\/span><\/h3>\n<blockquote class=\"wp-embedded-content\" data-secret=\"BH9btmpbWf\"><p><a href=\"https:\/\/rosetta.vn\/nguyenxuanxanh\/khong-the-yeu-nuoc-trong-su-vo-minh-2\/\">&#8220;Kh\u00f4ng th\u1ec3 y\u00eau n\u01b0\u1edbc trong s\u1ef1 v\u00f4 minh&#8221;<\/a><\/p><\/blockquote>\n<p><iframe class=\"wp-embedded-content\" sandbox=\"allow-scripts\" security=\"restricted\" style=\"position: absolute; clip: rect(1px, 1px, 1px, 1px);\" title=\"&#8220;&#8220;Kh\u00f4ng th\u1ec3 y\u00eau n\u01b0\u1edbc trong s\u1ef1 v\u00f4 minh&#8221;&#8221; &#8212; B\u00e0i vi\u1ebft c\u1ee7a Nguy\u1ec5n Xu\u00e2n Xanh\" src=\"https:\/\/rosetta.vn\/nguyenxuanxanh\/khong-the-yeu-nuoc-trong-su-vo-minh-2\/embed\/#?secret=uKxTFNwaF5#?secret=BH9btmpbWf\" data-secret=\"BH9btmpbWf\" width=\"600\" height=\"338\" frameborder=\"0\" marginwidth=\"0\" marginheight=\"0\" scrolling=\"no\"><\/iframe><\/p>\n<h3><span style=\"font-size: 18pt;color: #808000\">Nils Holgersson c\u1ee7a Selma Lagerl\u00f6f (v\u00e0 v\u0103n h\u00e0o gi\u1ea3i Nobel Kenzaburo Oe)<\/span><\/h3>\n<blockquote class=\"wp-embedded-content\" data-secret=\"yL2hCCD5A1\"><p><a href=\"https:\/\/rosetta.vn\/nguyenxuanxanh\/nils-holgersson-cua-selma-lagerlof\/\">Nils Holgersson c\u1ee7a Selma Lagerl\u00f6f<\/a><\/p><\/blockquote>\n<p><iframe class=\"wp-embedded-content\" sandbox=\"allow-scripts\" security=\"restricted\" style=\"position: absolute; clip: rect(1px, 1px, 1px, 1px);\" title=\"&#8220;Nils Holgersson c\u1ee7a Selma Lagerl\u00f6f&#8221; &#8212; B\u00e0i vi\u1ebft c\u1ee7a Nguy\u1ec5n Xu\u00e2n Xanh\" src=\"https:\/\/rosetta.vn\/nguyenxuanxanh\/nils-holgersson-cua-selma-lagerlof\/embed\/#?secret=dKg2tXlj7Q#?secret=yL2hCCD5A1\" data-secret=\"yL2hCCD5A1\" width=\"600\" height=\"338\" frameborder=\"0\" marginwidth=\"0\" marginheight=\"0\" scrolling=\"no\"><\/iframe><\/p>\n<h3 class=\"entry-title single-title\"><span style=\"font-size: 18pt;color: #808000\">T\u1ea1i sao ph\u1ea3i l\u00e0m s\u00e1ch v\u00e0 \u0111\u1ecdc s\u00e1ch (<i>di\u1ec5n v\u0103n<\/i>)<\/span><\/h3>\n<blockquote class=\"wp-embedded-content\" data-secret=\"xjzR1Bf7uv\"><p><a href=\"https:\/\/rosetta.vn\/nguyenxuanxanh\/tai-sao-phai-lam-sach-va-doc-sach\/\">T\u1ea1i sao ph\u1ea3i l\u00e0m s\u00e1ch v\u00e0 \u0111\u1ecdc s\u00e1ch (di\u1ec5n v\u0103n)<\/a><\/p><\/blockquote>\n<p><iframe class=\"wp-embedded-content\" sandbox=\"allow-scripts\" security=\"restricted\" style=\"position: absolute; clip: rect(1px, 1px, 1px, 1px);\" title=\"&#8220;T\u1ea1i sao ph\u1ea3i l\u00e0m s\u00e1ch v\u00e0 \u0111\u1ecdc s\u00e1ch (&lt;i&gt;di\u1ec5n v\u0103n&lt;\/i&gt;)&#8221; &#8212; B\u00e0i vi\u1ebft c\u1ee7a Nguy\u1ec5n Xu\u00e2n Xanh\" src=\"https:\/\/rosetta.vn\/nguyenxuanxanh\/tai-sao-phai-lam-sach-va-doc-sach\/embed\/#?secret=aIUQgHnegf#?secret=xjzR1Bf7uv\" data-secret=\"xjzR1Bf7uv\" width=\"600\" height=\"338\" frameborder=\"0\" marginwidth=\"0\" marginheight=\"0\" scrolling=\"no\"><\/iframe><\/p>\n<h3 class=\"entry-title single-title\"><span style=\"font-size: 18pt;color: #808000\">Ti\u1ec3u s\u1eed Donald Keene<\/span><\/h3>\n<p><span style=\"font-size: 14pt\"><a href=\"https:\/\/rosetta.vn\/nguyenxuanxanh\/tieu-su-donald-keene\/\">https:\/\/rosetta.vn\/nguyenxuanxanh\/tieu-su-donald-keene\/<\/a><\/span><\/p>\n<h3 class=\"entry-title single-title\"><span style=\"font-size: 18pt;color: #008000\"><i>D\u1eabn nh\u1eadp s\u00e1ch <\/i>Ho\u00e0ng \u0111\u1ebf Minh Tr\u1ecb c\u1ee7a Donald Keene<\/span><\/h3>\n<p><span style=\"font-size: 14pt\"><a href=\"https:\/\/rosetta.vn\/nguyenxuanxanh\/dan-nhap-sach-hoang-de-minh-tri-cua-donald-keene\/\">https:\/\/rosetta.vn\/nguyenxuanxanh\/dan-nhap-sach-hoang-de-minh-tri-cua-donald-keene\/<\/a><\/span><\/p>\n<h3 class=\"entry-title single-title\"><span style=\"font-size: 18pt;color: #808000\">Gi\u1edbi thi\u1ec7u <i>Thi\u1ec1n v\u00e0 V\u0103n h\u00f3a Nh\u1eadt B\u1ea3n<\/i><\/span><\/h3>\n<blockquote class=\"wp-embedded-content\" data-secret=\"BsEkT4qANK\"><p><a href=\"https:\/\/rosetta.vn\/nguyenxuanxanh\/gioi-thieu-thien-va-van-hoa-nhat-ban\/\">Gi\u1edbi thi\u1ec7u Thi\u1ec1n v\u00e0 V\u0103n h\u00f3a Nh\u1eadt B\u1ea3n<\/a><\/p><\/blockquote>\n<p><iframe class=\"wp-embedded-content\" sandbox=\"allow-scripts\" security=\"restricted\" style=\"position: absolute; clip: rect(1px, 1px, 1px, 1px);\" title=\"&#8220;Gi\u1edbi thi\u1ec7u &lt;i&gt;Thi\u1ec1n v\u00e0 V\u0103n h\u00f3a Nh\u1eadt B\u1ea3n&lt;\/i&gt;&#8221; &#8212; B\u00e0i vi\u1ebft c\u1ee7a Nguy\u1ec5n Xu\u00e2n Xanh\" src=\"https:\/\/rosetta.vn\/nguyenxuanxanh\/gioi-thieu-thien-va-van-hoa-nhat-ban\/embed\/#?secret=Mc3LreFIeO#?secret=BsEkT4qANK\" data-secret=\"BsEkT4qANK\" width=\"600\" height=\"338\" frameborder=\"0\" marginwidth=\"0\" marginheight=\"0\" scrolling=\"no\"><\/iframe><\/p>\n<h3 class=\"entry-title single-title\"><span style=\"font-size: 18pt;color: #808000\">Shibusawa Eiichi, S\u01a1 l\u01b0\u1ee3c v\u1ec1 cu\u1ed9c \u0111\u1eddi v\u00e0 t\u00e1c ph\u1ea9m<\/span><\/h3>\n<p><span style=\"font-size: 14pt\"><a href=\"https:\/\/rosetta.vn\/nguyenxuanxanh\/shibusawa-eiichi-so-luoc-ve-cuoc-doi-va-tac-pham\/\">https:\/\/rosetta.vn\/nguyenxuanxanh\/shibusawa-eiichi-so-luoc-ve-cuoc-doi-va-tac-pham\/<\/a><\/span><\/p>\n<h3 class=\"entry-title single-title\"><span style=\"font-size: 18pt;color: #808000\">Shibusawa Eiichi: Doanh Nh\u00e2n L\u1eadp Qu\u1ed1c V\u0129 \u0110\u1ea1i c\u1ee7a Nh\u1eadt B\u1ea3n<\/span><\/h3>\n<p><span style=\"font-size: 14pt\"><a href=\"https:\/\/rosetta.vn\/nguyenxuanxanh\/shibusawa-eiichi-doanh-nhan-lap-quoc-vi-dai-cua-nhat-ban\/\">https:\/\/rosetta.vn\/nguyenxuanxanh\/shibusawa-eiichi-doanh-nhan-lap-quoc-vi-dai-cua-nhat-ban\/<\/a><\/span><\/p>\n<h3 class=\"entry-title single-title\"><span style=\"font-size: 18pt;color: #808000\">Ng\u01b0\u1eddi Vi\u1ec7t c\u00f3 m\u00ea \u0111\u1ecdc s\u00e1ch?<\/span><\/h3>\n<blockquote class=\"wp-embedded-content\" data-secret=\"caixVp82mQ\"><p><a href=\"https:\/\/rosetta.vn\/nguyenxuanxanh\/nguoi-viet-co-me-doc-sach\/\">Ng\u01b0\u1eddi Vi\u1ec7t c\u00f3 m\u00ea \u0111\u1ecdc s\u00e1ch?<\/a><\/p><\/blockquote>\n<p><iframe class=\"wp-embedded-content\" sandbox=\"allow-scripts\" security=\"restricted\" style=\"position: absolute; clip: rect(1px, 1px, 1px, 1px);\" title=\"&#8220;Ng\u01b0\u1eddi Vi\u1ec7t c\u00f3 m\u00ea \u0111\u1ecdc s\u00e1ch?&#8221; &#8212; B\u00e0i vi\u1ebft c\u1ee7a Nguy\u1ec5n Xu\u00e2n Xanh\" src=\"https:\/\/rosetta.vn\/nguyenxuanxanh\/nguoi-viet-co-me-doc-sach\/embed\/#?secret=sJYk6SDL9i#?secret=caixVp82mQ\" data-secret=\"caixVp82mQ\" width=\"600\" height=\"338\" frameborder=\"0\" marginwidth=\"0\" marginheight=\"0\" scrolling=\"no\"><\/iframe><\/p>\n<h3 class=\"entry-title single-title\"><span style=\"font-size: 18pt;color: #808000\"><i>Tu th\u00e2n y\u1ebfu l\u0129nh<\/i> c\u1ee7a Fukuzawa Yukichi<\/span><\/h3>\n<p><span style=\"font-size: 14pt\"><a href=\"https:\/\/rosetta.vn\/nguyenxuanxanh\/tu-than-yeu-linh-cua-fukuzawa-yukichi\/\">https:\/\/rosetta.vn\/nguyenxuanxanh\/tu-than-yeu-linh-cua-fukuzawa-yukichi\/<\/a><\/span><\/p>\n<h3 class=\"entry-title single-title\"><span style=\"font-size: 18pt;color: #808000\">Phan Ch\u00e2u Trinh \u2013 Vi\u1ec7t Nam \u2013 (Trung Qu\u1ed1c) v\u00e0 Nh\u1eadt B\u1ea3n<\/span><\/h3>\n<p><span style=\"font-size: 14pt\"><a href=\"https:\/\/rosetta.vn\/nguyenxuanxanh\/phan-chau-trinh-viet-nam-va-nhat-ban\/\">https:\/\/rosetta.vn\/nguyenxuanxanh\/phan-chau-trinh-viet-nam-va-nhat-ban\/<\/a><\/span><\/p>\n<h3 class=\"entry-title single-title\"><span style=\"font-size: 18pt;color: #808000\">Yoichiro Nambu (Nobel v\u1eadt l\u00fd 2008 \u2013 M\u1ed9t thi\u00ean t\u00e0i hi\u1ec1n h\u00f2a v\u00e0 nh\u00e2n h\u1eadu<\/span><\/h3>\n<p><span style=\"font-size: 14pt\"><a href=\"https:\/\/rosetta.vn\/nguyenxuanxanh\/yoichiro-nambu-mot-thien-tai-hien-hoa-va-nhan-hau\/\">https:\/\/rosetta.vn\/nguyenxuanxanh\/yoichiro-nambu-mot-thien-tai-hien-hoa-va-nhan-hau\/<\/a><\/span><\/p>\n<h3 class=\"entry-title single-title\"><span style=\"font-size: 18pt;color: #808000\">D\u1eabn nh\u1eadp s\u00e1ch: <i>Tinh th\u1ea7n T\u1ef1 l\u1ef1c c\u1ee7a Samuel Smiles<\/i><\/span><\/h3>\n<blockquote class=\"wp-embedded-content\" data-secret=\"9fO0nl9bzY\"><p><a href=\"https:\/\/rosetta.vn\/nguyenxuanxanh\/dan-nhap-sach-tinh-than-tu-luc\/\">D\u1eabn nh\u1eadp s\u00e1ch: Tinh th\u1ea7n T\u1ef1 l\u1ef1c c\u1ee7a Samuel Smiles<\/a><\/p><\/blockquote>\n<p><iframe class=\"wp-embedded-content\" sandbox=\"allow-scripts\" security=\"restricted\" style=\"position: absolute; clip: rect(1px, 1px, 1px, 1px);\" title=\"&#8220;D\u1eabn nh\u1eadp s\u00e1ch: &lt;i&gt;Tinh th\u1ea7n T\u1ef1 l\u1ef1c c\u1ee7a Samuel Smiles&lt;\/i&gt;&#8221; &#8212; B\u00e0i vi\u1ebft c\u1ee7a Nguy\u1ec5n Xu\u00e2n Xanh\" src=\"https:\/\/rosetta.vn\/nguyenxuanxanh\/dan-nhap-sach-tinh-than-tu-luc\/embed\/#?secret=VOXV8BLHSc#?secret=9fO0nl9bzY\" data-secret=\"9fO0nl9bzY\" width=\"600\" height=\"338\" frameborder=\"0\" marginwidth=\"0\" marginheight=\"0\" scrolling=\"no\"><\/iframe><\/p>\n<h3 class=\"entry-title single-title\"><span style=\"font-size: 18pt;color: #808000\">Tr\u00e1ch nhi\u1ec7m c\u00f4ng d\u00e2n<\/span><\/h3>\n<p><span style=\"font-size: 14pt\"><a href=\"https:\/\/rosetta.vn\/nguyenxuanxanh\/trach-nhiem-cong-dan\/\">https:\/\/rosetta.vn\/nguyenxuanxanh\/trach-nhiem-cong-dan\/<\/a><\/span><\/p>\n<h3 class=\"entry-title single-title\"><span style=\"font-size: 18pt;color: #808000\">Kh\u00f4ng th\u1ec3 y\u00eau n\u01b0\u1edbc trong s\u1ef1 v\u00f4 minh<\/span><\/h3>\n<blockquote class=\"wp-embedded-content\" data-secret=\"YRBEm7bTF3\"><p><a href=\"https:\/\/rosetta.vn\/nguyenxuanxanh\/khong-the-yeu-nuoc-trong-su-vo-minh\/\">Kh\u00f4ng th\u1ec3 y\u00eau n\u01b0\u1edbc trong s\u1ef1 v\u00f4 minh<\/a><\/p><\/blockquote>\n<p><iframe class=\"wp-embedded-content\" sandbox=\"allow-scripts\" security=\"restricted\" style=\"position: absolute; clip: rect(1px, 1px, 1px, 1px);\" title=\"&#8220;Kh\u00f4ng th\u1ec3 y\u00eau n\u01b0\u1edbc trong s\u1ef1 v\u00f4 minh&#8221; &#8212; B\u00e0i vi\u1ebft c\u1ee7a Nguy\u1ec5n Xu\u00e2n Xanh\" src=\"https:\/\/rosetta.vn\/nguyenxuanxanh\/khong-the-yeu-nuoc-trong-su-vo-minh\/embed\/#?secret=C9aapCcUlf#?secret=YRBEm7bTF3\" data-secret=\"YRBEm7bTF3\" width=\"600\" height=\"338\" frameborder=\"0\" marginwidth=\"0\" marginheight=\"0\" scrolling=\"no\"><\/iframe><\/p>\n<h3 class=\"entry-title single-title\"><span style=\"font-size: 18pt;color: #808000\">Gi\u00e1o d\u1ee5c n\u00e0o cho t\u01b0\u01a1ng lai?<\/span><\/h3>\n<p><span style=\"font-size: 14pt\"><a href=\"https:\/\/rosetta.vn\/nguyenxuanxanh\/giao-duc-nao-cho-tuong-lai\/\">https:\/\/rosetta.vn\/nguyenxuanxanh\/giao-duc-nao-cho-tuong-lai\/<\/a><\/span><\/p>\n<h3 class=\"entry-title single-title\"><span style=\"color: #808000;font-size: 18pt\">T\u1ea1i sao ng\u01b0\u1eddi Nh\u1eadt m\u00ea \u0111\u1ecdc s\u00e1ch?<\/span><\/h3>\n<blockquote class=\"wp-embedded-content\" data-secret=\"RJCBzB5r1i\"><p><a href=\"https:\/\/rosetta.vn\/nguyenxuanxanh\/tai-sao-nguoi-nhat-me-doc-sach\/\">T\u1ea1i sao ng\u01b0\u1eddi Nh\u1eadt m\u00ea \u0111\u1ecdc s\u00e1ch?<\/a><\/p><\/blockquote>\n<p><iframe class=\"wp-embedded-content\" sandbox=\"allow-scripts\" security=\"restricted\" style=\"position: absolute; clip: rect(1px, 1px, 1px, 1px);\" title=\"&#8220;T\u1ea1i sao ng\u01b0\u1eddi Nh\u1eadt m\u00ea \u0111\u1ecdc s\u00e1ch?&#8221; &#8212; B\u00e0i vi\u1ebft c\u1ee7a Nguy\u1ec5n Xu\u00e2n Xanh\" src=\"https:\/\/rosetta.vn\/nguyenxuanxanh\/tai-sao-nguoi-nhat-me-doc-sach\/embed\/#?secret=Vt3yTQ8YLh#?secret=RJCBzB5r1i\" data-secret=\"RJCBzB5r1i\" width=\"600\" height=\"338\" frameborder=\"0\" marginwidth=\"0\" marginheight=\"0\" scrolling=\"no\"><\/iframe><\/p>\n","protected":false},"excerpt":{"rendered":"<p>Trang Nh\u1eadt B\u1ea3n c\u00f3 m\u1ee5c \u0111\u00edch t\u1eadp h\u1ee3p nh\u1eefng b\u00e0i vi\u1ebft v\u1ec1 hay li\u00ean quan \u0111\u1ebfn Nh\u1eadt B\u1ea3n\u00a0\u0111\u00e3 \u0111\u01b0\u1ee3c \u0111\u0103ng tr\u00ean trang m\u1ea1ng rosetta.vn. D\u01b0\u1edbi \u0111\u00e2y l\u00e0 c\u00e1c b\u00e0i, l\u1ea7n l\u01b0\u1ee3c theo th\u1eddi gian,\u00a0t\u1eeb c\u0169 \u1edf d\u01b0\u1edbi \u0111\u1ebfn m\u1edbi \u1edf ph\u00eda tr\u00ean. Ngh\u1ec7 thu\u1eadt Th\u1eddi k\u1ef3 Edo Nh\u1eadt B\u1ea3n (1615-1868) Ngh\u1ec7 thu\u1eadt Th\u1eddi k\u1ef3 Edo<\/p>\n","protected":false},"author":3,"featured_media":0,"parent":0,"menu_order":0,"comment_status":"closed","ping_status":"closed","template":"","meta":{"_mi_skip_tracking":false,"jetpack_post_was_ever_published":false},"_links":{"self":[{"href":"https:\/\/rosetta.vn\/nguyenxuanxanh\/wp-json\/wp\/v2\/pages\/6783"}],"collection":[{"href":"https:\/\/rosetta.vn\/nguyenxuanxanh\/wp-json\/wp\/v2\/pages"}],"about":[{"href":"https:\/\/rosetta.vn\/nguyenxuanxanh\/wp-json\/wp\/v2\/types\/page"}],"author":[{"embeddable":true,"href":"https:\/\/rosetta.vn\/nguyenxuanxanh\/wp-json\/wp\/v2\/users\/3"}],"replies":[{"embeddable":true,"href":"https:\/\/rosetta.vn\/nguyenxuanxanh\/wp-json\/wp\/v2\/comments?post=6783"}],"version-history":[{"count":22,"href":"https:\/\/rosetta.vn\/nguyenxuanxanh\/wp-json\/wp\/v2\/pages\/6783\/revisions"}],"predecessor-version":[{"id":14079,"href":"https:\/\/rosetta.vn\/nguyenxuanxanh\/wp-json\/wp\/v2\/pages\/6783\/revisions\/14079"}],"wp:attachment":[{"href":"https:\/\/rosetta.vn\/nguyenxuanxanh\/wp-json\/wp\/v2\/media?parent=6783"}],"curies":[{"name":"wp","href":"https:\/\/api.w.org\/{rel}","templated":true}]}}