{"id":6785,"date":"2021-11-17T09:23:06","date_gmt":"2021-11-17T02:23:06","guid":{"rendered":"https:\/\/rosetta.vn\/nguyenxuanxanh\/?page_id=6785"},"modified":"2022-11-29T19:55:54","modified_gmt":"2022-11-29T12:55:54","slug":"giao-duc","status":"publish","type":"page","link":"https:\/\/rosetta.vn\/nguyenxuanxanh\/giao-duc\/","title":{"rendered":"GI\u00c1O D\u1ee4C"},"content":{"rendered":"<p style=\"text-align: center\">Trang <em>Gi\u00e1o d\u1ee5c<\/em> c\u00f3 m\u1ee5c \u0111\u00edch t\u1eadp h\u1ee3p nh\u1eefng b\u00e0i vi\u1ebft v\u1ec1 hay li\u00ean quan \u0111\u1ebfn ch\u1ee7 \u0111\u1ec1 gi\u00e1o d\u1ee5c \u0111\u00e3 \u0111\u01b0\u1ee3c \u0111\u0103ng tr\u00ean trang m\u1ea1ng rosetta.vn, \u0111\u1ec3 \u0111\u1ecdc gi\u1ea3 d\u1ec5 t\u00ecm. D\u01b0\u1edbi \u0111\u00e2y l\u00e0 c\u00e1c b\u00e0i, l\u1ea7n l\u01b0\u1ee3c theo th\u1eddi gian, t\u1eeb c\u0169 \u1edf d\u01b0\u1edbi \u0111\u1ebfn m\u1edbi \u1edf ph\u00eda tr\u00ean.<\/p>\n<p>&nbsp;<\/p>\n<h1 class=\"entry-title single-title\"><span style=\"font-size: 18pt;color: #008000\">Gi\u00e1o d\u1ee5c nh\u00e2n c\u00e1ch<\/span><\/h1>\n<blockquote class=\"wp-embedded-content\" data-secret=\"tzHr1kc9Ur\"><p><a href=\"https:\/\/rosetta.vn\/nguyenxuanxanh\/giao-duc-nhan-cach\/\">Gi\u00e1o d\u1ee5c nh\u00e2n c\u00e1ch<\/a><\/p><\/blockquote>\n<p><iframe class=\"wp-embedded-content\" sandbox=\"allow-scripts\" security=\"restricted\" style=\"position: absolute; clip: rect(1px, 1px, 1px, 1px);\" title=\"&#8220;Gi\u00e1o d\u1ee5c nh\u00e2n c\u00e1ch&#8221; &#8212; B\u00e0i vi\u1ebft c\u1ee7a Nguy\u1ec5n Xu\u00e2n Xanh\" src=\"https:\/\/rosetta.vn\/nguyenxuanxanh\/giao-duc-nhan-cach\/embed\/#?secret=QorEs2YntJ#?secret=tzHr1kc9Ur\" data-secret=\"tzHr1kc9Ur\" width=\"600\" height=\"338\" frameborder=\"0\" marginwidth=\"0\" marginheight=\"0\" scrolling=\"no\"><\/iframe><\/p>\n<p>&nbsp;<\/p>\n<header class=\"article-header\">\n<h1 class=\"entry-title single-title\"><span style=\"font-size: 18pt;color: #008000\">B\u00e0n v\u1ec1 L\u1ec5 (II)<\/span><\/h1>\n<\/header>\n<p>https:\/\/rosetta.vn\/nguyenxuanxanh\/ban-ve-le-ii\/<\/p>\n<h1><span style=\"font-size: 18pt;color: #008000\">B\u00c0N V\u1ec0 L\u1ec4 (I)<\/span><\/h1>\n<blockquote class=\"wp-embedded-content\" data-secret=\"ncwtbwqZO9\"><p><a href=\"https:\/\/rosetta.vn\/nguyenxuanxanh\/ban-ve-le-i\/\">B\u00e0n v\u1ec1 L\u1ec5 (I)<\/a><\/p><\/blockquote>\n<p><iframe class=\"wp-embedded-content\" sandbox=\"allow-scripts\" security=\"restricted\" style=\"position: absolute; clip: rect(1px, 1px, 1px, 1px);\" title=\"&#8220;B\u00e0n v\u1ec1 L\u1ec5 (I)&#8221; &#8212; B\u00e0i vi\u1ebft c\u1ee7a Nguy\u1ec5n Xu\u00e2n Xanh\" src=\"https:\/\/rosetta.vn\/nguyenxuanxanh\/ban-ve-le-i\/embed\/#?secret=NsgoarlVDz#?secret=ncwtbwqZO9\" data-secret=\"ncwtbwqZO9\" width=\"600\" height=\"338\" frameborder=\"0\" marginwidth=\"0\" marginheight=\"0\" scrolling=\"no\"><\/iframe><\/p>\n<h1 class=\"entry-title single-title\"><span style=\"font-size: 18pt;color: #008000\"><i>M\u1ed9t lu\u1ed3ng gi\u00f3 m\u1edbi c\u1ee7a chuy\u1ec3n \u0111\u1ed5i gi\u00e1o d\u1ee5c<\/i><\/span><\/h1>\n<blockquote class=\"wp-embedded-content\" data-secret=\"0S8V8XdcuE\"><p><a href=\"https:\/\/rosetta.vn\/nguyenxuanxanh\/mot-luong-gio-moi-cua-chuyen-doi-giao-duc\/\">M\u1ed9t lu\u1ed3ng gi\u00f3 m\u1edbi c\u1ee7a chuy\u1ec3n \u0111\u1ed5i gi\u00e1o d\u1ee5c<\/a><\/p><\/blockquote>\n<p><iframe class=\"wp-embedded-content\" sandbox=\"allow-scripts\" security=\"restricted\" style=\"position: absolute; clip: rect(1px, 1px, 1px, 1px);\" title=\"&#8220;&lt;i&gt;M\u1ed9t lu\u1ed3ng gi\u00f3 m\u1edbi c\u1ee7a chuy\u1ec3n \u0111\u1ed5i gi\u00e1o d\u1ee5c&lt;\/i&gt;&#8221; &#8212; B\u00e0i vi\u1ebft c\u1ee7a Nguy\u1ec5n Xu\u00e2n Xanh\" src=\"https:\/\/rosetta.vn\/nguyenxuanxanh\/mot-luong-gio-moi-cua-chuyen-doi-giao-duc\/embed\/#?secret=lE8VE0Hj42#?secret=0S8V8XdcuE\" data-secret=\"0S8V8XdcuE\" width=\"600\" height=\"338\" frameborder=\"0\" marginwidth=\"0\" marginheight=\"0\" scrolling=\"no\"><\/iframe><\/p>\n<h1 class=\"entry-title single-title\"><span style=\"font-size: 18pt;color: #008000\">A. Einstein: <i>T\u1ea5m g\u01b0\u01a1ng l\u1edbn c\u1ee7a T\u01b0 duy \u0111\u1ed9c l\u1eadp<\/i><\/span><\/h1>\n<blockquote class=\"wp-embedded-content\" data-secret=\"E5MxvHTDpM\"><p><a href=\"https:\/\/rosetta.vn\/nguyenxuanxanh\/a-einstein-tam-guong-lon-cua-tu-duy-doc-lap\/\">A. Einstein: T\u1ea5m g\u01b0\u01a1ng l\u1edbn c\u1ee7a T\u01b0 duy \u0111\u1ed9c l\u1eadp<\/a><\/p><\/blockquote>\n<p><iframe class=\"wp-embedded-content\" sandbox=\"allow-scripts\" security=\"restricted\" style=\"position: absolute; clip: rect(1px, 1px, 1px, 1px);\" title=\"&#8220;A. Einstein: &lt;i&gt;T\u1ea5m g\u01b0\u01a1ng l\u1edbn c\u1ee7a T\u01b0 duy \u0111\u1ed9c l\u1eadp&lt;\/i&gt;&#8221; &#8212; B\u00e0i vi\u1ebft c\u1ee7a Nguy\u1ec5n Xu\u00e2n Xanh\" src=\"https:\/\/rosetta.vn\/nguyenxuanxanh\/a-einstein-tam-guong-lon-cua-tu-duy-doc-lap\/embed\/#?secret=XBolPG5Rlo#?secret=E5MxvHTDpM\" data-secret=\"E5MxvHTDpM\" width=\"600\" height=\"338\" frameborder=\"0\" marginwidth=\"0\" marginheight=\"0\" scrolling=\"no\"><\/iframe><\/p>\n<h1 class=\"entry-title single-title\"><span style=\"font-size: 18pt;color: #008000\">T\u01b0 t\u01b0\u1edfng gi\u00e1o d\u1ee5c c\u1ee7a J. H. PESTALOZZI<\/span><\/h1>\n<blockquote class=\"wp-embedded-content\" data-secret=\"GvwW3n5jwB\"><p><a href=\"https:\/\/rosetta.vn\/nguyenxuanxanh\/tu-tuong-giao-duc-cua-j-h-pestalozzi\/\">T\u01b0 t\u01b0\u1edfng gi\u00e1o d\u1ee5c c\u1ee7a J. H. PESTALOZZI<\/a><\/p><\/blockquote>\n<p><iframe class=\"wp-embedded-content\" sandbox=\"allow-scripts\" security=\"restricted\" style=\"position: absolute; clip: rect(1px, 1px, 1px, 1px);\" title=\"&#8220;T\u01b0 t\u01b0\u1edfng gi\u00e1o d\u1ee5c c\u1ee7a J. H. PESTALOZZI&#8221; &#8212; B\u00e0i vi\u1ebft c\u1ee7a Nguy\u1ec5n Xu\u00e2n Xanh\" src=\"https:\/\/rosetta.vn\/nguyenxuanxanh\/tu-tuong-giao-duc-cua-j-h-pestalozzi\/embed\/#?secret=odEzqdq5Of#?secret=GvwW3n5jwB\" data-secret=\"GvwW3n5jwB\" width=\"600\" height=\"338\" frameborder=\"0\" marginwidth=\"0\" marginheight=\"0\" scrolling=\"no\"><\/iframe><\/p>\n<h1 class=\"entry-title single-title\"><span style=\"font-size: 18pt;color: #008000\"><i>\u0110\u1ea1i h\u1ecdc mi\u1ec1n Nam tr\u01b0\u1edbc 1975<\/i><\/span><\/h1>\n<blockquote class=\"wp-embedded-content\" data-secret=\"qyBgXrUQfZ\"><p><a href=\"https:\/\/rosetta.vn\/nguyenxuanxanh\/le-xuan-khoa-dai-hoc-mien-nam-truoc-1975\/\">L\u00ea Xu\u00e2n Khoa: \u0110\u1ea1i h\u1ecdc mi\u1ec1n Nam tr\u01b0\u1edbc 1975<\/a><\/p><\/blockquote>\n<p><iframe class=\"wp-embedded-content\" sandbox=\"allow-scripts\" security=\"restricted\" style=\"position: absolute; clip: rect(1px, 1px, 1px, 1px);\" title=\"&#8220;L\u00ea Xu\u00e2n Khoa: &lt;i&gt;\u0110\u1ea1i h\u1ecdc mi\u1ec1n Nam tr\u01b0\u1edbc 1975&lt;\/i&gt;&#8221; &#8212; B\u00e0i vi\u1ebft c\u1ee7a Nguy\u1ec5n Xu\u00e2n Xanh\" src=\"https:\/\/rosetta.vn\/nguyenxuanxanh\/le-xuan-khoa-dai-hoc-mien-nam-truoc-1975\/embed\/#?secret=nzZ2TT14oB#?secret=qyBgXrUQfZ\" data-secret=\"qyBgXrUQfZ\" width=\"600\" height=\"338\" frameborder=\"0\" marginwidth=\"0\" marginheight=\"0\" scrolling=\"no\"><\/iframe><\/p>\n<h1 class=\"entry-title single-title\"><span style=\"font-size: 18pt;color: #008000\">Kh\u00f4ng th\u1ec3 c\u00f3 qu\u1ed1c gia m\u1ea1nh v\u1edbi c\u00e1c \u0111\u1ea1i h\u1ecdc y\u1ebfu<\/span><\/h1>\n<blockquote class=\"wp-embedded-content\" data-secret=\"vawkgUKNjA\"><p><a href=\"https:\/\/rosetta.vn\/nguyenxuanxanh\/khong-the-co-quoc-gia-manh-voi-cac-dai-hoc-yeu\/\">Kh\u00f4ng th\u1ec3 c\u00f3 qu\u1ed1c gia m\u1ea1nh v\u1edbi c\u00e1c \u0111\u1ea1i h\u1ecdc y\u1ebfu<\/a><\/p><\/blockquote>\n<p><iframe class=\"wp-embedded-content\" sandbox=\"allow-scripts\" security=\"restricted\" style=\"position: absolute; clip: rect(1px, 1px, 1px, 1px);\" title=\"&#8220;Kh\u00f4ng th\u1ec3 c\u00f3 qu\u1ed1c gia m\u1ea1nh v\u1edbi c\u00e1c \u0111\u1ea1i h\u1ecdc y\u1ebfu&#8221; &#8212; B\u00e0i vi\u1ebft c\u1ee7a Nguy\u1ec5n Xu\u00e2n Xanh\" src=\"https:\/\/rosetta.vn\/nguyenxuanxanh\/khong-the-co-quoc-gia-manh-voi-cac-dai-hoc-yeu\/embed\/#?secret=jGWYwdLGym#?secret=vawkgUKNjA\" data-secret=\"vawkgUKNjA\" width=\"600\" height=\"338\" frameborder=\"0\" marginwidth=\"0\" marginheight=\"0\" scrolling=\"no\"><\/iframe><\/p>\n<h1 class=\"entry-title single-title\"><span style=\"font-size: 18pt;color: #008000\">GS Ph\u1ea1m Ph\u1ee5 gi\u1edbi thi\u1ec7u s\u00e1ch \u0110\u1ea0I H\u1eccC tr\u00ean b\u00e1o Tu\u1ed5i Tr\u1ebb Cu\u1ed1i Tu\u1ea7n<\/span><\/h1>\n<blockquote class=\"wp-embedded-content\" data-secret=\"Ubw0Fbu9xG\"><p><a href=\"https:\/\/rosetta.vn\/nguyenxuanxanh\/gs-pham-phu-gioi-thieu-dai-hoc-tren-bao-tuoi-tre-cuoi-tuan\/\">GS Ph\u1ea1m Ph\u1ee5 gi\u1edbi thi\u1ec7u s\u00e1ch \u0110\u1ea0I H\u1eccC tr\u00ean b\u00e1o Tu\u1ed5i Tr\u1ebb Cu\u1ed1i Tu\u1ea7n<\/a><\/p><\/blockquote>\n<p><iframe class=\"wp-embedded-content\" sandbox=\"allow-scripts\" security=\"restricted\" style=\"position: absolute; clip: rect(1px, 1px, 1px, 1px);\" title=\"&#8220;GS Ph\u1ea1m Ph\u1ee5 gi\u1edbi thi\u1ec7u s\u00e1ch \u0110\u1ea0I H\u1eccC tr\u00ean b\u00e1o Tu\u1ed5i Tr\u1ebb Cu\u1ed1i Tu\u1ea7n&#8221; &#8212; B\u00e0i vi\u1ebft c\u1ee7a Nguy\u1ec5n Xu\u00e2n Xanh\" src=\"https:\/\/rosetta.vn\/nguyenxuanxanh\/gs-pham-phu-gioi-thieu-dai-hoc-tren-bao-tuoi-tre-cuoi-tuan\/embed\/#?secret=JLwNTeDLOw#?secret=Ubw0Fbu9xG\" data-secret=\"Ubw0Fbu9xG\" width=\"600\" height=\"338\" frameborder=\"0\" marginwidth=\"0\" marginheight=\"0\" scrolling=\"no\"><\/iframe><\/p>\n<h1 class=\"entry-title single-title\"><span style=\"font-size: 18pt;color: #008000\">Buchvorstellung: \u0110\u1ea0I H\u1eccC (UNIVERSIT\u00c4T) von Nguy\u1ec5n Xu\u00e2n Xanh<\/span><\/h1>\n<blockquote class=\"wp-embedded-content\" data-secret=\"cTgINSTY8s\"><p><a href=\"https:\/\/rosetta.vn\/nguyenxuanxanh\/buchvorstellung-dai-hoc-universitat-von-nguyen-xuan-xanh\/\">Buchvorstellung: \u0110\u1ea0I H\u1eccC (UNIVERSIT\u00c4T) von Nguy\u1ec5n Xu\u00e2n Xanh<\/a><\/p><\/blockquote>\n<p><iframe class=\"wp-embedded-content\" sandbox=\"allow-scripts\" security=\"restricted\" style=\"position: absolute; clip: rect(1px, 1px, 1px, 1px);\" title=\"&#8220;Buchvorstellung: \u0110\u1ea0I H\u1eccC (UNIVERSIT\u00c4T) von Nguy\u1ec5n Xu\u00e2n Xanh&#8221; &#8212; B\u00e0i vi\u1ebft c\u1ee7a Nguy\u1ec5n Xu\u00e2n Xanh\" src=\"https:\/\/rosetta.vn\/nguyenxuanxanh\/buchvorstellung-dai-hoc-universitat-von-nguyen-xuan-xanh\/embed\/#?secret=Sm7l7MMASj#?secret=cTgINSTY8s\" data-secret=\"cTgINSTY8s\" width=\"600\" height=\"338\" frameborder=\"0\" marginwidth=\"0\" marginheight=\"0\" scrolling=\"no\"><\/iframe><\/p>\n<h1 class=\"entry-title single-title\"><span style=\"font-size: 18pt;color: #008000\">Gi\u1edbi thi\u1ec7u s\u00e1ch \u0110\u1ea0I H\u1eccC c\u1ee7a Nguy\u1ec5n Xu\u00e2n Xanh<\/span><\/h1>\n<blockquote class=\"wp-embedded-content\" data-secret=\"V7PydB6axP\"><p><a href=\"https:\/\/rosetta.vn\/nguyenxuanxanh\/gioi-thieu-sach-dai-hoc\/\">Gi\u1edbi thi\u1ec7u s\u00e1ch \u0110\u1ea0I H\u1eccC c\u1ee7a Nguy\u1ec5n Xu\u00e2n Xanh<\/a><\/p><\/blockquote>\n<p><iframe class=\"wp-embedded-content\" sandbox=\"allow-scripts\" security=\"restricted\" style=\"position: absolute; clip: rect(1px, 1px, 1px, 1px);\" title=\"&#8220;Gi\u1edbi thi\u1ec7u s\u00e1ch \u0110\u1ea0I H\u1eccC c\u1ee7a Nguy\u1ec5n Xu\u00e2n Xanh&#8221; &#8212; B\u00e0i vi\u1ebft c\u1ee7a Nguy\u1ec5n Xu\u00e2n Xanh\" src=\"https:\/\/rosetta.vn\/nguyenxuanxanh\/gioi-thieu-sach-dai-hoc\/embed\/#?secret=tmqaMF4h5w#?secret=V7PydB6axP\" data-secret=\"V7PydB6axP\" width=\"600\" height=\"338\" frameborder=\"0\" marginwidth=\"0\" marginheight=\"0\" scrolling=\"no\"><\/iframe><\/p>\n<h1 class=\"entry-title single-title\"><span style=\"font-size: 18pt;color: #008000\">T\u1ea1i sao c\u1ea7n gi\u00e1o d\u1ee5c khai ph\u00f3ng?<\/span><\/h1>\n<blockquote class=\"wp-embedded-content\" data-secret=\"dQCKnXozCh\"><p><a href=\"https:\/\/rosetta.vn\/nguyenxuanxanh\/tai-sao-can-giao-duc-khai-phong\/\">T\u1ea1i sao c\u1ea7n gi\u00e1o d\u1ee5c khai ph\u00f3ng?<\/a><\/p><\/blockquote>\n<p><iframe class=\"wp-embedded-content\" sandbox=\"allow-scripts\" security=\"restricted\" style=\"position: absolute; clip: rect(1px, 1px, 1px, 1px);\" title=\"&#8220;T\u1ea1i sao c\u1ea7n gi\u00e1o d\u1ee5c khai ph\u00f3ng?&#8221; &#8212; B\u00e0i vi\u1ebft c\u1ee7a Nguy\u1ec5n Xu\u00e2n Xanh\" src=\"https:\/\/rosetta.vn\/nguyenxuanxanh\/tai-sao-can-giao-duc-khai-phong\/embed\/#?secret=497LHTyWH7#?secret=dQCKnXozCh\" data-secret=\"dQCKnXozCh\" width=\"600\" height=\"338\" frameborder=\"0\" marginwidth=\"0\" marginheight=\"0\" scrolling=\"no\"><\/iframe><\/p>\n<h1 class=\"entry-title single-title\"><span style=\"font-size: 18pt;color: #008000\">K\u1ef7 y\u1ebfu \u0110\u1ea1i h\u1ecdc Humboldt 200 n\u0103m<\/span><\/h1>\n<blockquote class=\"wp-embedded-content\" data-secret=\"z6rH6jLpJI\"><p><a href=\"https:\/\/rosetta.vn\/nguyenxuanxanh\/ky-yeu-dai-hoc-humboldt-200-nam\/\">K\u1ef7 y\u1ebfu \u0110\u1ea1i h\u1ecdc Humboldt 200 n\u0103m<\/a><\/p><\/blockquote>\n<p><iframe class=\"wp-embedded-content\" sandbox=\"allow-scripts\" security=\"restricted\" style=\"position: absolute; clip: rect(1px, 1px, 1px, 1px);\" title=\"&#8220;K\u1ef7 y\u1ebfu \u0110\u1ea1i h\u1ecdc Humboldt 200 n\u0103m&#8221; &#8212; B\u00e0i vi\u1ebft c\u1ee7a Nguy\u1ec5n Xu\u00e2n Xanh\" src=\"https:\/\/rosetta.vn\/nguyenxuanxanh\/ky-yeu-dai-hoc-humboldt-200-nam\/embed\/#?secret=3X4rrHzlm0#?secret=z6rH6jLpJI\" data-secret=\"z6rH6jLpJI\" width=\"600\" height=\"338\" frameborder=\"0\" marginwidth=\"0\" marginheight=\"0\" scrolling=\"no\"><\/iframe><\/p>\n<h1 class=\"entry-title single-title\"><span style=\"font-size: 18pt;color: #008000\">Tr\u01b0\u1eddng h\u1ecdc c\u1ee7a L\u00fd t\u00ednh<\/span><\/h1>\n<blockquote class=\"wp-embedded-content\" data-secret=\"7SDC1pC1tx\"><p><a href=\"https:\/\/rosetta.vn\/nguyenxuanxanh\/truong-hoc-cua-ly-tinh\/\">Tr\u01b0\u1eddng h\u1ecdc c\u1ee7a L\u00fd t\u00ednh<\/a><\/p><\/blockquote>\n<p><iframe class=\"wp-embedded-content\" sandbox=\"allow-scripts\" security=\"restricted\" style=\"position: absolute; clip: rect(1px, 1px, 1px, 1px);\" title=\"&#8220;Tr\u01b0\u1eddng h\u1ecdc c\u1ee7a L\u00fd t\u00ednh&#8221; &#8212; B\u00e0i vi\u1ebft c\u1ee7a Nguy\u1ec5n Xu\u00e2n Xanh\" src=\"https:\/\/rosetta.vn\/nguyenxuanxanh\/truong-hoc-cua-ly-tinh\/embed\/#?secret=2d57BBTHPq#?secret=7SDC1pC1tx\" data-secret=\"7SDC1pC1tx\" width=\"600\" height=\"338\" frameborder=\"0\" marginwidth=\"0\" marginheight=\"0\" scrolling=\"no\"><\/iframe><\/p>\n<h1 class=\"entry-title single-title\"><span style=\"font-size: 18pt;color: #008000\">Di\u1ec5n t\u1eeb Gi\u1ea3i S\u00e1ch Hay cho <i>K\u1ef7 y\u1ebfu \u0110\u1ea1i h\u1ecdc Humboldt 200 N\u0103m<\/i><\/span><\/h1>\n<blockquote class=\"wp-embedded-content\" data-secret=\"sT88I8cj4b\"><p><a href=\"https:\/\/rosetta.vn\/nguyenxuanxanh\/dien-tu-giai-sach-hay-giao-duc-ky-yeu-humboldt\/\">Di\u1ec5n t\u1eeb Gi\u1ea3i S\u00e1ch Hay cho K\u1ef7 y\u1ebfu \u0110\u1ea1i h\u1ecdc Humboldt 200 N\u0103m<\/a><\/p><\/blockquote>\n<p><iframe class=\"wp-embedded-content\" sandbox=\"allow-scripts\" security=\"restricted\" style=\"position: absolute; clip: rect(1px, 1px, 1px, 1px);\" title=\"&#8220;Di\u1ec5n t\u1eeb Gi\u1ea3i S\u00e1ch Hay cho &lt;i&gt;K\u1ef7 y\u1ebfu \u0110\u1ea1i h\u1ecdc Humboldt 200 N\u0103m&lt;\/i&gt;&#8221; &#8212; B\u00e0i vi\u1ebft c\u1ee7a Nguy\u1ec5n Xu\u00e2n Xanh\" src=\"https:\/\/rosetta.vn\/nguyenxuanxanh\/dien-tu-giai-sach-hay-giao-duc-ky-yeu-humboldt\/embed\/#?secret=OjlWC1dEyw#?secret=sT88I8cj4b\" data-secret=\"sT88I8cj4b\" width=\"600\" height=\"338\" frameborder=\"0\" marginwidth=\"0\" marginheight=\"0\" scrolling=\"no\"><\/iframe><\/p>\n<h1 class=\"entry-title single-title\"><span style=\"font-size: 18pt;color: #008000\">Gi\u00e1o d\u1ee5c n\u00e0o cho t\u01b0\u01a1ng lai?<\/span><\/h1>\n<blockquote class=\"wp-embedded-content\" data-secret=\"P7CMYCYdLY\"><p><a href=\"https:\/\/rosetta.vn\/nguyenxuanxanh\/giao-duc-nao-cho-tuong-lai\/\">Gi\u00e1o d\u1ee5c n\u00e0o cho t\u01b0\u01a1ng lai?<\/a><\/p><\/blockquote>\n<p><iframe class=\"wp-embedded-content\" sandbox=\"allow-scripts\" security=\"restricted\" style=\"position: absolute; clip: rect(1px, 1px, 1px, 1px);\" title=\"&#8220;Gi\u00e1o d\u1ee5c n\u00e0o cho t\u01b0\u01a1ng lai?&#8221; &#8212; B\u00e0i vi\u1ebft c\u1ee7a Nguy\u1ec5n Xu\u00e2n Xanh\" src=\"https:\/\/rosetta.vn\/nguyenxuanxanh\/giao-duc-nao-cho-tuong-lai\/embed\/#?secret=EA5jj0uOKG#?secret=P7CMYCYdLY\" data-secret=\"P7CMYCYdLY\" width=\"600\" height=\"338\" frameborder=\"0\" marginwidth=\"0\" marginheight=\"0\" scrolling=\"no\"><\/iframe><\/p>\n<h1 class=\"entry-title single-title\"><span style=\"font-size: 18pt;color: #008000\"><i>Di\u1ec5n v\u0103n n\u0103m h\u1ecdc m\u1edbi<\/i><\/span><\/h1>\n<blockquote class=\"wp-embedded-content\" data-secret=\"sPxIKlyk5Y\"><p><a href=\"https:\/\/rosetta.vn\/nguyenxuanxanh\/dien-van-nam-hoc-moi\/\">Di\u1ec5n v\u0103n n\u0103m h\u1ecdc m\u1edbi<\/a><\/p><\/blockquote>\n<p><iframe class=\"wp-embedded-content\" sandbox=\"allow-scripts\" security=\"restricted\" style=\"position: absolute; clip: rect(1px, 1px, 1px, 1px);\" title=\"&#8220;&lt;i&gt;Di\u1ec5n v\u0103n n\u0103m h\u1ecdc m\u1edbi&lt;\/i&gt;&#8221; &#8212; B\u00e0i vi\u1ebft c\u1ee7a Nguy\u1ec5n Xu\u00e2n Xanh\" src=\"https:\/\/rosetta.vn\/nguyenxuanxanh\/dien-van-nam-hoc-moi\/embed\/#?secret=wBe1tFC1oi#?secret=sPxIKlyk5Y\" data-secret=\"sPxIKlyk5Y\" width=\"600\" height=\"338\" frameborder=\"0\" marginwidth=\"0\" marginheight=\"0\" scrolling=\"no\"><\/iframe><\/p>\n<p>&nbsp;<\/p>\n<p>&nbsp;<\/p>\n<p>&nbsp;<\/p>\n","protected":false},"excerpt":{"rendered":"<p>Trang Gi\u00e1o d\u1ee5c c\u00f3 m\u1ee5c \u0111\u00edch t\u1eadp h\u1ee3p nh\u1eefng b\u00e0i vi\u1ebft v\u1ec1 hay li\u00ean quan \u0111\u1ebfn ch\u1ee7 \u0111\u1ec1 gi\u00e1o d\u1ee5c \u0111\u00e3 \u0111\u01b0\u1ee3c \u0111\u0103ng tr\u00ean trang m\u1ea1ng rosetta.vn, \u0111\u1ec3 \u0111\u1ecdc gi\u1ea3 d\u1ec5 t\u00ecm. D\u01b0\u1edbi \u0111\u00e2y l\u00e0 c\u00e1c b\u00e0i, l\u1ea7n l\u01b0\u1ee3c theo th\u1eddi gian, t\u1eeb c\u0169 \u1edf d\u01b0\u1edbi \u0111\u1ebfn m\u1edbi \u1edf ph\u00eda tr\u00ean. &nbsp; Gi\u00e1o d\u1ee5c nh\u00e2n<\/p>\n","protected":false},"author":3,"featured_media":0,"parent":0,"menu_order":0,"comment_status":"closed","ping_status":"closed","template":"","meta":{"_mi_skip_tracking":false,"jetpack_post_was_ever_published":false},"_links":{"self":[{"href":"https:\/\/rosetta.vn\/nguyenxuanxanh\/wp-json\/wp\/v2\/pages\/6785"}],"collection":[{"href":"https:\/\/rosetta.vn\/nguyenxuanxanh\/wp-json\/wp\/v2\/pages"}],"about":[{"href":"https:\/\/rosetta.vn\/nguyenxuanxanh\/wp-json\/wp\/v2\/types\/page"}],"author":[{"embeddable":true,"href":"https:\/\/rosetta.vn\/nguyenxuanxanh\/wp-json\/wp\/v2\/users\/3"}],"replies":[{"embeddable":true,"href":"https:\/\/rosetta.vn\/nguyenxuanxanh\/wp-json\/wp\/v2\/comments?post=6785"}],"version-history":[{"count":8,"href":"https:\/\/rosetta.vn\/nguyenxuanxanh\/wp-json\/wp\/v2\/pages\/6785\/revisions"}],"predecessor-version":[{"id":8127,"href":"https:\/\/rosetta.vn\/nguyenxuanxanh\/wp-json\/wp\/v2\/pages\/6785\/revisions\/8127"}],"wp:attachment":[{"href":"https:\/\/rosetta.vn\/nguyenxuanxanh\/wp-json\/wp\/v2\/media?parent=6785"}],"curies":[{"name":"wp","href":"https:\/\/api.w.org\/{rel}","templated":true}]}}