{"id":380,"date":"2018-01-19T10:32:17","date_gmt":"2018-01-19T09:32:17","guid":{"rendered":"https:\/\/rosetta.vn\/translate\/for-beginners\/"},"modified":"2018-01-19T10:32:17","modified_gmt":"2018-01-19T09:32:17","slug":"for-beginners","status":"publish","type":"page","link":"https:\/\/rosetta.vn\/translate\/for-beginners\/","title":{"rendered":"D\u00e0nh cho ng\u01b0\u1eddi b\u1eaft \u0111\u1ea7u v\u00e0o ngh\u1ec1 d\u1ecbch thu\u1eadt"},"content":{"rendered":"<p>\u0110\u1ed9ng l\u1ef1c l\u00e0m d\u1ecbch thu\u1eadt<\/p>\n<p>S\u1ea3n ph\u1ea9m \u0111\u01b0\u1ee3c mong \u0111\u1ee3i c\u1ee7a d\u1ecbch thu\u1eadt<\/p>\n<p>C\u00e1c c\u00f4ng vi\u1ec7c li\u00ean quan \u0111\u1ebfn d\u1ecbch thu\u1eadt<\/p>\n<p>C\u00e1ch kh\u1edfi \u0111\u1ea7u: chu\u1ea9n b\u1ecb v\u00e0 th\u1eed nghi\u1ec7m d\u1ecbch<\/p>\n<p>L\u1eadp l\u1ed9 tr\u00ecnh ph\u00e1t tri\u1ec3n trong ngh\u1ec1 d\u1ecbch<\/p>\n<p>C\u00e1c t\u00e0i nguy\u00ean \u0111\u1ec3 tham kh\u1ea3o<\/p>\n","protected":false},"excerpt":{"rendered":"<p>\u0110\u1ed9ng l\u1ef1c l\u00e0m d\u1ecbch thu\u1eadt S\u1ea3n ph\u1ea9m \u0111\u01b0\u1ee3c mong \u0111\u1ee3i c\u1ee7a d\u1ecbch thu\u1eadt C\u00e1c c\u00f4ng vi\u1ec7c li\u00ean quan \u0111\u1ebfn d\u1ecbch thu\u1eadt C\u00e1ch kh\u1edfi \u0111\u1ea7u: chu\u1ea9n b\u1ecb v\u00e0 th\u1eed nghi\u1ec7m d\u1ecbch L\u1eadp l\u1ed9 tr\u00ecnh ph\u00e1t tri\u1ec3n trong ngh\u1ec1 d\u1ecbch C\u00e1c t\u00e0i nguy\u00ean \u0111\u1ec3 tham kh\u1ea3o<\/p>\n","protected":false},"author":1,"featured_media":0,"parent":0,"menu_order":0,"comment_status":"closed","ping_status":"closed","template":"","meta":{"_mi_skip_tracking":false,"jetpack_post_was_ever_published":false},"jetpack_sharing_enabled":true,"jetpack_shortlink":"https:\/\/wp.me\/P8jAij-68","_links":{"self":[{"href":"https:\/\/rosetta.vn\/translate\/wp-json\/wp\/v2\/pages\/380"}],"collection":[{"href":"https:\/\/rosetta.vn\/translate\/wp-json\/wp\/v2\/pages"}],"about":[{"href":"https:\/\/rosetta.vn\/translate\/wp-json\/wp\/v2\/types\/page"}],"author":[{"embeddable":true,"href":"https:\/\/rosetta.vn\/translate\/wp-json\/wp\/v2\/users\/1"}],"replies":[{"embeddable":true,"href":"https:\/\/rosetta.vn\/translate\/wp-json\/wp\/v2\/comments?post=380"}],"version-history":[{"count":0,"href":"https:\/\/rosetta.vn\/translate\/wp-json\/wp\/v2\/pages\/380\/revisions"}],"wp:attachment":[{"href":"https:\/\/rosetta.vn\/translate\/wp-json\/wp\/v2\/media?parent=380"}],"curies":[{"name":"wp","href":"https:\/\/api.w.org\/{rel}","templated":true}]}}