{"id":66,"date":"2017-07-03T14:19:13","date_gmt":"2017-07-03T14:19:13","guid":{"rendered":"https:\/\/rosetta.vn\/translate\/?page_id=66"},"modified":"2018-01-18T17:37:43","modified_gmt":"2018-01-18T16:37:43","slug":"tu-dien-online","status":"publish","type":"page","link":"https:\/\/rosetta.vn\/translate\/tools-for-translation\/tu-dien-online\/","title":{"rendered":"T\u1eeb \u0111i\u1ec3n online"},"content":{"rendered":"<p>Ngu\u1ed3n cung c\u1ea5p: Tr\u1ea7n Minh Kh\u00f4i, Ph\u1ea1m Nam H\u01b0\u01a1ng (chia s\u1ebb trong nh\u00f3m d\u1ecbch c\u1ee7a T\u1ee7 s\u00e1ch Nh\u1ea5t ngh\u1ec7 tinh). Do\u00e3n Minh \u0110\u0103ng c\u00f3 b\u1ed5 sung.<\/p>\n<table border=\"1\" cellspacing=\"1\" cellpadding=\"4\">\n<tbody>\n<tr>\n<td colspan=\"5\" valign=\"top\" width=\"1113\">\n<p align=\"center\"><b>NG\u00d4N NG\u1eee\u00a0\u00a0 &#8211;\u00a0\u00a0 T\u1ef0 \u0110I\u1ec2N\u00a0\u00a0 &#8211;\u00a0\u00a0 D\u1ecaCH THU\u1eacT<\/b><\/p>\n<\/td>\n<\/tr>\n<tr>\n<td valign=\"top\" width=\"225\">\n<p align=\"center\">T\u1ef1 \u0110i\u1ec3n<b>\u00a0\u00a0 \u0110\u1ee8C &#8211; VI\u1ec6T<\/b><\/p>\n<\/td>\n<td valign=\"top\" width=\"221\">\n<p align=\"center\">T\u1ef1 \u0110i\u1ec3n<b>\u00a0\u00a0 ANH &#8211; VI\u1ec6T<\/b><\/p>\n<p align=\"center\">(\u0110a Ng\u00f4n Ng\u1eef)<b><\/b><\/p>\n<\/td>\n<td valign=\"top\" width=\"221\">\n<p align=\"center\">T\u1ef1 \u0110i\u1ec3n<b> H\u00c1N-N\u00d4M<\/b><\/p>\n<\/td>\n<td valign=\"top\" width=\"223\">\n<p align=\"center\"><b>D\u1ecaCH THU\u1eacT<\/b><\/p>\n<\/td>\n<td valign=\"top\" width=\"223\">\n<p align=\"center\"><b>NG\u00d4N NG\u1eee<\/b><\/p>\n<\/td>\n<\/tr>\n<tr>\n<td valign=\"top\" width=\"225\"><b><a href=\"http:\/\/www.tudien.vsw-ubtt.com\/\" target=\"_blank\" rel=\"noopener\">T\u0110 Nh\u1ea5t Ngh\u1ec7 Tinh<\/a><\/b><\/td>\n<td valign=\"top\" width=\"221\"><b><a href=\"http:\/\/www.rung.vn\/\" target=\"_blank\" rel=\"noopener\">R\u1eebng VN<\/a><\/b><\/td>\n<td valign=\"top\" width=\"221\"><b><a href=\"http:\/\/hannom.huecit.vn\/\" target=\"_blank\" rel=\"noopener\">T\u0110 Vi\u1ec7t-H\u00e1n-N\u00f4m (Hu\u1ebf)<\/a><\/b><\/td>\n<td valign=\"top\" width=\"223\"><b><a href=\"https:\/\/translate.google.com\/?hl=de\" target=\"_blank\" rel=\"noopener\">Google Translate<\/a> <\/b>(Google)<b><\/b><\/td>\n<td valign=\"top\" width=\"223\"><b><a href=\"http:\/\/www.hannom.org.vn\/default.asp?CatID=1\" target=\"_blank\" rel=\"noopener\">Vi\u1ec7n H\u00e1n N\u00f4m<\/a><\/b><\/td>\n<\/tr>\n<tr>\n<td valign=\"top\" width=\"225\"><b><a href=\"http:\/\/www.bachviet.de\/\" target=\"_blank\" rel=\"noopener\">T\u0110 B\u00e1ch Vi\u1ec7t<\/a><\/b><\/td>\n<td valign=\"top\" width=\"221\"><b><a href=\"http:\/\/www.vietdictionary.com\/\" target=\"_blank\" rel=\"noopener\">Viet Dictionary<\/a><\/b><\/td>\n<td valign=\"top\" width=\"221\"><b><a href=\"http:\/\/nomfoundation.org\/nom-tools\/Nom-Lookup-Tool?uiLang=en\" target=\"_blank\" rel=\"noopener\">T\u0110 Ti\u1ebfng N\u00f4m<\/a><\/b><\/td>\n<td valign=\"top\" width=\"223\"><b><a href=\"https:\/\/www.bing.com\/translator\" target=\"_blank\" rel=\"noopener\">Bing Translator<\/a> <\/b>(Microsoft)<b><\/b><\/td>\n<td valign=\"top\" width=\"223\"><b><a href=\"http:\/\/www.viethoc.com\/\" target=\"_blank\" rel=\"noopener\">Vi\u1ec7n Vi\u1ec7t H\u1ecdc<\/a><\/b><\/td>\n<\/tr>\n<tr>\n<td valign=\"top\" width=\"225\"><b><a href=\"https:\/\/dict.com\/%C4%90uc-Viet\" target=\"_blank\" rel=\"noopener\">T\u0110 Dict.com<\/a><\/b><\/td>\n<td valign=\"top\" width=\"221\"><b><a href=\"http:\/\/1tudien.com\/\" target=\"_blank\" rel=\"noopener\">TD: So 1<\/a><\/b><\/td>\n<td valign=\"top\" width=\"221\"><b><a href=\"http:\/\/hvdic.thivien.net\/\" target=\"_blank\" rel=\"noopener\">T\u0110 H\u00e1n N\u00f4m<\/a><\/b><\/td>\n<td valign=\"top\" width=\"223\"><b><a href=\"https:\/\/vdict.com\/?autotranslation#translation\" target=\"_blank\" rel=\"noopener\">Vdict Translation<\/a><\/b><\/td>\n<td valign=\"top\" width=\"223\"><b><a href=\"http:\/\/philosophy.vass.gov.vn\/\" target=\"_blank\" rel=\"noopener\">Vi\u1ec7n Tri\u1ebft H\u1ecdc<\/a><\/b><\/td>\n<\/tr>\n<tr>\n<td valign=\"top\" width=\"225\"><b><a href=\"https:\/\/vi.glosbe.com\/\" target=\"_blank\" rel=\"noopener\">T\u0110 Vi.Glosbe<\/a><\/b><\/td>\n<td valign=\"top\" width=\"221\"><b><a href=\"http:\/\/www.tudiencloud.com\/dictionary\" target=\"_blank\" rel=\"noopener\">T\u0110 Cloud<\/a><\/b><\/td>\n<td valign=\"top\" width=\"221\"><b><a href=\"http:\/\/vny2k.com\/hannom\/default.asp\" target=\"_blank\" rel=\"noopener\">T\u1eeb Nguy\u00ean H\u00e1n-N\u00f4m<\/a><\/b><\/td>\n<td valign=\"top\" width=\"223\"><b>\u00a0<\/b><\/td>\n<td valign=\"top\" width=\"223\"><b><a href=\"http:\/\/ngonngu.net\/\" target=\"_blank\" rel=\"noopener\">Ng\u00f4n Ng\u1eef.net<\/a><\/b><b><\/b><\/td>\n<\/tr>\n<tr>\n<td valign=\"top\" width=\"225\"><b><a href=\"http:\/\/www.longdict.com\/\" target=\"_blank\" rel=\"noopener\">T\u0110 longdict<\/a><\/b><\/td>\n<td valign=\"top\" width=\"221\"><b><a href=\"http:\/\/tratu.soha.vn\/\" target=\"_blank\" rel=\"noopener\">T\u0110 TraTu-Soha<\/a><\/b><\/td>\n<td valign=\"top\" width=\"221\"><b><a title=\"\u0110\u1ea1i t\u1eeb \u0111i\u1ec3n H\u00e1n Vi\u1ec7t\" href=\"http:\/\/rongmotamhon.net\/tu-dien_han-viet_none_rong-mo-tam-hon.html\" target=\"_blank\" rel=\"noopener\">\u0110\u1ea1i t\u1eeb \u0111i\u1ec3n H\u00e1n Vi\u1ec7t<\/a><\/b><b><\/b><\/td>\n<td valign=\"top\" width=\"223\"><b>\u00a0<\/b><\/td>\n<td valign=\"top\" width=\"223\"><b>\u00a0<\/b><\/td>\n<\/tr>\n<tr>\n<td valign=\"top\" width=\"225\"><b><a href=\"http:\/\/exudict.com\/\" target=\"_blank\" rel=\"noopener\">T\u0110 Exudict<\/a><\/b><\/td>\n<td valign=\"top\" width=\"221\"><b><a href=\"http:\/\/www.laconec.com\/\" target=\"_blank\" rel=\"noopener\">T\u0110 Laconec<\/a><\/b><\/td>\n<td valign=\"top\" width=\"221\"><b><a href=\"http:\/\/www.vietnamtudien.org\/hanviet\/index.php\" target=\"_blank\" rel=\"noopener\">T\u0110 H\u00e1n Vi\u1ec7t Tr\u00edch D\u1eabn<\/a><\/b><b><\/b><\/td>\n<td valign=\"top\" width=\"223\"><b>\u00a0<\/b><\/td>\n<td valign=\"top\" width=\"223\"><b>\u00a0<\/b><\/td>\n<\/tr>\n<tr>\n<td valign=\"top\" width=\"225\"><b><a href=\"http:\/\/www.tlnet.com.vn\/tu-dien-viet-duc\/\" target=\"_blank\" rel=\"noopener\">T\u0110 TLNet<\/a><\/b><\/td>\n<td valign=\"top\" width=\"221\"><b><a href=\"https:\/\/vdict.com\/\" target=\"_blank\" rel=\"noopener\">T\u0110 VDict<\/a><\/b><\/td>\n<td valign=\"top\" width=\"221\"><b><a href=\"http:\/\/www.tudienabc.com\/tra-han-tu\" target=\"_blank\" rel=\"noopener\">T\u0110 abc &#8211; H\u00e1n T\u1ef1<\/a><\/b><b><\/b><\/td>\n<td valign=\"top\" width=\"223\"><b>\u00a0<\/b><\/td>\n<td valign=\"top\" width=\"223\"><a href=\"https:\/\/www.facebook.com\/cunghoctv\/\" target=\"_blank\" rel=\"noopener\"><b>C\u00f9ng h\u1ecdc Ti\u1ebfng Vi\u1ec7t<\/b><\/a><b><\/b><\/td>\n<\/tr>\n<tr>\n<td valign=\"top\" width=\"225\"><b><a href=\"http:\/\/www.informatik.uni-leipzig.de\/~duc\/Dict\/\" target=\"_blank\" rel=\"noopener\">T\u0110 Uni Leibzig<\/a><\/b><\/td>\n<td valign=\"top\" width=\"221\"><b><a href=\"http:\/\/2.vndic.net\/\" target=\"_blank\" rel=\"noopener\">T\u0110 VNDic<\/a><\/b><\/td>\n<td valign=\"top\" width=\"221\"><b>\u00a0<\/b><\/td>\n<td valign=\"top\" width=\"223\"><b>\u00a0<\/b><\/td>\n<td valign=\"top\" width=\"223\"><b>\u00a0<\/b><\/td>\n<\/tr>\n<tr>\n<td valign=\"top\" width=\"225\"><b><a href=\"http:\/\/www.vietdictionary.com\/\" target=\"_blank\" rel=\"noopener\">Viet Dictionary<\/a><\/b><\/td>\n<td valign=\"top\" width=\"221\"><b><a href=\"http:\/\/www.tudienabc.com\/\" target=\"_blank\" rel=\"noopener\">T\u0110 abc<\/a><\/b><\/td>\n<td valign=\"top\" width=\"221\"><b>\u00a0<\/b><\/td>\n<td valign=\"top\" width=\"223\"><b>\u00a0<\/b><\/td>\n<td valign=\"top\" width=\"223\"><b>\u00a0<\/b><\/td>\n<\/tr>\n<tr>\n<td valign=\"top\" width=\"225\"><\/td>\n<td valign=\"top\" width=\"221\"><b><a href=\"http:\/\/tratu.coviet.vn\/\" target=\"_blank\" rel=\"noopener\">T\u0110 TraTu-CoViet<\/a><\/b><\/td>\n<td valign=\"top\" width=\"221\">\n<p align=\"center\">T\u1ef1 \u0110i\u1ec3n<b>\u00a0VI\u1ec6T &#8211; VI\u1ec6T<\/b><\/p>\n<\/td>\n<td valign=\"top\" width=\"223\">\n<p align=\"center\">C\u00e1c Lo\u1ea1i T\u1ef1 \u0110i\u1ec3n Kh\u00e1c<\/p>\n<\/td>\n<td valign=\"top\" width=\"223\">\n<p align=\"center\">Ngu\u1ed3n T\u1ef1 \u0110i\u1ec3n <b>Offline<\/b><\/p>\n<\/td>\n<\/tr>\n<tr>\n<td valign=\"top\" width=\"225\"><\/td>\n<td valign=\"top\" width=\"221\"><b>\u00a0<\/b><\/td>\n<td valign=\"top\" width=\"221\"><b><a href=\"http:\/\/bachkhoatoanthu.vass.gov.vn\/Pages\/TrangChu.aspx\" target=\"_blank\" rel=\"noopener\">T\u0110 B\u00e1ch Khoa To\u00e0n Th\u01b0<\/a><\/b><\/td>\n<td valign=\"top\" width=\"223\"><b><a href=\"http:\/\/caodaism.org\/CaoDaiTuDien(v2012)\/index.html\" target=\"_blank\" rel=\"noopener\">Cao Dai Tu Dien<\/a><\/b><\/td>\n<td valign=\"top\" width=\"223\"><b><a href=\"http:\/\/www.lingoes.net\/\" target=\"_blank\" rel=\"noopener\">Lingoes<\/a><\/b><\/td>\n<\/tr>\n<tr>\n<td valign=\"top\" width=\"225\"><b>\u00a0<\/b><\/td>\n<td valign=\"top\" width=\"221\"><b>\u00a0<\/b><\/td>\n<td valign=\"top\" width=\"221\"><b><a href=\"http:\/\/www.vietnamtudien.org\/\" target=\"_blank\" rel=\"noopener\">Vi\u1ec7t Nam T\u1eeb \u0110i\u1ec3n<\/a><\/b><\/td>\n<td valign=\"top\" width=\"223\"><b><a href=\"http:\/\/phathoc.net\/tu-dien-phat-hoc\/52C451_tue_quang_buddhist_multimedia_dictionary_viet_anh\/p1.aspx\" target=\"_blank\" rel=\"noopener\">T\u1eeb \u0110i\u1ec3n Ph\u1eadt H\u1ecdc<\/a><\/b><\/td>\n<td valign=\"top\" width=\"223\"><b><a href=\"http:\/\/goldendict.org\/download.php\" target=\"_blank\" rel=\"noopener\">GoldenDict<\/a><\/b><\/td>\n<\/tr>\n<tr>\n<td valign=\"top\" width=\"225\"><b>\u00a0<\/b><\/td>\n<td valign=\"top\" width=\"221\"><b><a href=\"http:\/\/dict.leo.org\/englisch-deutsch\/\" target=\"_blank\" rel=\"noopener\">T\u0110 LEO (Anh\u2194\u0110\u1ee9c)<\/a><\/b><\/td>\n<td valign=\"top\" width=\"221\"><b><a href=\"http:\/\/tienglongvietnam.com\/\" target=\"_blank\" rel=\"noopener\">T\u1eeb \u0110i\u1ec3n Ti\u1ebfng L\u00f3ng<\/a><\/b><\/td>\n<td valign=\"top\" width=\"223\"><b><span lang=\"EN-US\"><a href=\"https:\/\/thuvienhoasen.org\/p10a11807\/tu-dien-phat-hoc-thien-phuc\" target=\"_blank\" rel=\"noopener\">T\u0110 PH Th\u01b0 Vi\u1ec7n Hoa Sen<\/a><\/span><\/b><\/td>\n<td valign=\"top\" width=\"223\"><b><span lang=\"EN-US\"><a href=\"http:\/\/www.stardict.org\/\" target=\"_blank\" rel=\"noopener\">StarDict<\/a><\/span><\/b><\/td>\n<\/tr>\n<tr>\n<td valign=\"top\" width=\"225\"><b><span lang=\"EN-US\">\u00a0<\/span><\/b><\/td>\n<td valign=\"top\" width=\"221\"><b><span lang=\"EN-US\"><a href=\"http:\/\/www.linguee.de\/?from=com\" target=\"_blank\" rel=\"noopener\">T\u0110 Linguee <span lang=\"DE\">(Anh\u2194\u0110\u1ee9c)<\/span><\/a><\/span><\/b><\/td>\n<td valign=\"top\" width=\"221\"><a href=\"https:\/\/vi.wiktionary.org\/wiki\/Trang_Ch%C3%ADnh\" target=\"_blank\" rel=\"noopener\"><b>T\u0110 m\u1edf Wiktionary <\/b>(VN)<\/a><b><\/b><\/td>\n<td valign=\"top\" width=\"223\"><b><a href=\"http:\/\/vntaiwan.catholic.org.tw\/vntudien.htm\" target=\"_blank\" rel=\"noopener\">T\u1ef1 \u0110i\u1ec3n Th\u1ea7n H\u1ecdc (Anh-Vi\u1ec7t)<\/a><\/b><\/td>\n<td valign=\"top\" width=\"223\"><b><a href=\"http:\/\/www.ohaysoft.com\/index.php?option=com_mtree&amp;task=viewlink&amp;link_id=11&amp;Itemid=292\" target=\"_blank\" rel=\"noopener\">MultiDictionary<\/a><\/b><\/td>\n<\/tr>\n<tr>\n<td valign=\"top\" width=\"225\"><b>\u00a0<\/b><\/td>\n<td valign=\"top\" width=\"221\"><b><a href=\"http:\/\/www.duden.de\/\" target=\"_blank\" rel=\"noopener\">T\u0110 Duden<\/a><\/b><\/td>\n<td valign=\"top\" width=\"221\"><b>\u00a0<\/b><\/td>\n<td valign=\"top\" width=\"223\"><b>\u00a0<\/b><\/td>\n<td valign=\"top\" width=\"223\"><b>\u00a0<\/b><\/td>\n<\/tr>\n<tr>\n<td valign=\"top\" width=\"225\"><b>\u00a0<\/b><\/td>\n<td valign=\"top\" width=\"221\"><\/td>\n<td valign=\"top\" width=\"221\"><b>\u00a0<\/b><\/td>\n<td valign=\"top\" width=\"223\"><a href=\"https:\/\/de.wiktionary.org\/wiki\/Wiktionary:Hauptseite\" target=\"_blank\" rel=\"noopener\"><b>T\u0110 m\u1edf Wiktionary DE<\/b><\/a><b><\/b><\/td>\n<td valign=\"top\" width=\"223\"><b>\u00a0<\/b><\/td>\n<\/tr>\n<tr>\n<td valign=\"top\" width=\"225\"><b>\u00a0<\/b><\/td>\n<td valign=\"top\" width=\"221\"><b>\u00a0<a href=\"http:\/\/live.babelnet.org\/\">BabelNet live<\/a><\/b><\/p>\n<p>(tra c\u1ee9u d\u1ef1a tr\u00ean ngu\u1ed3n d\u1eef li\u1ec7u m\u1edf \u0111\u01b0\u1ee3c c\u1eadp nh\u1eadt h\u00e0ng ng\u00e0y tr\u00ean internet, r\u1ea5t nhi\u1ec1u ng\u00f4n ng\u1eef, c\u1ea3 ti\u1ebfng Vi\u1ec7t)<\/td>\n<td valign=\"top\" width=\"221\"><b>\u00a0<\/b><\/td>\n<td valign=\"top\" width=\"223\"><b><span lang=\"EN-US\"><a href=\"http:\/\/conjd.cactus2000.de\/\" target=\"_blank\" rel=\"noopener\">T\u0110 Chia \u0110\u1ed9ng T\u1eeb \u0110\u1ee9c<\/a><\/span><\/b><\/td>\n<td valign=\"top\" width=\"223\"><b><span lang=\"EN-US\">\u00a0<\/span><\/b><\/td>\n<\/tr>\n<tr>\n<td valign=\"top\" width=\"225\"><b><span lang=\"EN-US\">\u00a0<\/span><\/b><\/td>\n<td valign=\"top\" width=\"221\"><b><span lang=\"EN-US\">\u00a0<\/span><\/b><\/td>\n<td valign=\"top\" width=\"221\"><b><span lang=\"EN-US\">\u00a0<\/span><\/b><\/td>\n<td valign=\"top\" width=\"223\"><b><span lang=\"EN-US\"><a href=\"http:\/\/www.visuellesynonyme.com\/\" target=\"_blank\" rel=\"noopener\">Visuelle Synonyme \u0110\u1ee9c<\/a><\/span><\/b><\/td>\n<td valign=\"top\" width=\"223\"><b><span lang=\"EN-US\">\u00a0<\/span><\/b><\/td>\n<\/tr>\n<tr>\n<td valign=\"top\" width=\"225\"><b><span lang=\"EN-US\">\u00a0<\/span><\/b><\/td>\n<td valign=\"top\" width=\"221\"><b><span lang=\"EN-US\">\u00a0<\/span><\/b><\/td>\n<td valign=\"top\" width=\"221\"><b><span lang=\"EN-US\">\u00a0<\/span><\/b><\/td>\n<td valign=\"top\" width=\"223\"><b><span lang=\"EN-US\"><a href=\"http:\/\/www.abkuerzungen.de\/main.php?language=de\" target=\"_blank\" rel=\"noopener\">Abk\u00fcrzungen<\/a><\/span><\/b><\/td>\n<td valign=\"top\" width=\"223\"><b><span lang=\"EN-US\">\u00a0<\/span><\/b><\/td>\n<\/tr>\n<tr>\n<td valign=\"top\" width=\"225\"><b><span lang=\"EN-US\">\u00a0<\/span><\/b><\/td>\n<td valign=\"top\" width=\"221\"><b><span lang=\"EN-US\">\u00a0<\/span><\/b><\/td>\n<td valign=\"top\" width=\"221\"><b><span lang=\"EN-US\">\u00a0<\/span><\/b><\/td>\n<td valign=\"top\" width=\"223\"><a href=\"http:\/\/iate.europa.eu\"><b><span lang=\"EN-US\">Th\u01b0 m\u1ee5c thu\u1eadt ng\u1eef c\u1ee7a ch\u00e2u \u00c2u IATE<\/span><\/b><\/a><\/p>\n<p>(c\u00f3 cho download thu\u1eadt ng\u1eef nhi\u1ec1u ng\u00e0nh, \u0111\u1ee7 th\u1ee9 ti\u1ebfng \u1edf ch\u00e2u \u00c2u)<\/td>\n<td valign=\"top\" width=\"223\"><b><span lang=\"EN-US\">\u00a0<\/span><\/b><\/td>\n<\/tr>\n<tr>\n<td valign=\"top\" width=\"225\"><b><span lang=\"EN-US\">\u00a0<\/span><\/b><\/td>\n<td valign=\"top\" width=\"221\"><b><span lang=\"EN-US\">\u00a0<\/span><\/b><\/td>\n<td valign=\"top\" width=\"221\"><b><span lang=\"EN-US\">\u00a0<\/span><\/b><\/td>\n<td valign=\"top\" width=\"223\"><a href=\"http:\/\/dictionary.reverso.net\/\"><strong>T\u0110 Reverso<\/strong><\/a><\/p>\n<p>(\u0111a ng\u00f4n ng\u1eef, c\u1ee7a Collins)<\/td>\n<td valign=\"top\" width=\"223\"><b><span lang=\"EN-US\">\u00a0<\/span><\/b><\/td>\n<\/tr>\n<\/tbody>\n<\/table>\n","protected":false},"excerpt":{"rendered":"<p>Ngu\u1ed3n cung c\u1ea5p: Tr\u1ea7n Minh Kh\u00f4i, Ph\u1ea1m Nam H\u01b0\u01a1ng (chia s\u1ebb trong nh\u00f3m d\u1ecbch c\u1ee7a T\u1ee7 s\u00e1ch Nh\u1ea5t ngh\u1ec7 tinh). Do\u00e3n Minh \u0110\u0103ng c\u00f3 b\u1ed5 sung. NG\u00d4N NG\u1eee\u00a0\u00a0 &#8211;\u00a0\u00a0 T\u1ef0 \u0110I\u1ec2N\u00a0\u00a0 &#8211;\u00a0\u00a0 D\u1ecaCH THU\u1eacT T\u1ef1 \u0110i\u1ec3n\u00a0\u00a0 \u0110\u1ee8C &#8211; VI\u1ec6T T\u1ef1 \u0110i\u1ec3n\u00a0\u00a0 ANH &#8211; VI\u1ec6T (\u0110a Ng\u00f4n Ng\u1eef) T\u1ef1 \u0110i\u1ec3n H\u00c1N-N\u00d4M D\u1ecaCH THU\u1eacT NG\u00d4N NG\u1eee T\u0110&hellip;<\/p>\n","protected":false},"author":2,"featured_media":0,"parent":63,"menu_order":0,"comment_status":"closed","ping_status":"closed","template":"","meta":{"_mi_skip_tracking":false,"jetpack_post_was_ever_published":false},"jetpack_sharing_enabled":true,"jetpack_shortlink":"https:\/\/wp.me\/P8jAij-14","_links":{"self":[{"href":"https:\/\/rosetta.vn\/translate\/wp-json\/wp\/v2\/pages\/66"}],"collection":[{"href":"https:\/\/rosetta.vn\/translate\/wp-json\/wp\/v2\/pages"}],"about":[{"href":"https:\/\/rosetta.vn\/translate\/wp-json\/wp\/v2\/types\/page"}],"author":[{"embeddable":true,"href":"https:\/\/rosetta.vn\/translate\/wp-json\/wp\/v2\/users\/2"}],"replies":[{"embeddable":true,"href":"https:\/\/rosetta.vn\/translate\/wp-json\/wp\/v2\/comments?post=66"}],"version-history":[{"count":0,"href":"https:\/\/rosetta.vn\/translate\/wp-json\/wp\/v2\/pages\/66\/revisions"}],"up":[{"embeddable":true,"href":"https:\/\/rosetta.vn\/translate\/wp-json\/wp\/v2\/pages\/63"}],"wp:attachment":[{"href":"https:\/\/rosetta.vn\/translate\/wp-json\/wp\/v2\/media?parent=66"}],"curies":[{"name":"wp","href":"https:\/\/api.w.org\/{rel}","templated":true}]}}