{"id":161,"date":"2019-02-01T18:18:56","date_gmt":"2019-02-01T18:18:56","guid":{"rendered":"https:\/\/rosetta.vn\/triz\/?page_id=161"},"modified":"2022-09-10T22:52:19","modified_gmt":"2022-09-10T22:52:19","slug":"tong-quan-ve-triz","status":"publish","type":"page","link":"https:\/\/rosetta.vn\/triz\/tong-quan-ve-triz\/","title":{"rendered":"T\u1ed5ng quan v\u1ec1 TRIZ"},"content":{"rendered":"<p>Ch\u1ee7 \u0111\u1ec1 n\u00e0y g\u1ed3m m\u1ed9t s\u1ed1 b\u00e0i, ph\u1ee5c v\u1ee5 <a href=\"https:\/\/rosetta.vn\/triz\/lap-ke-hoach-hoc-triz\/\">b\u01b0\u1edbc 1 (giai \u0111o\u1ea1n I) t\u00ecm hi\u1ec3u v\u1ec1 TRIZ<\/a>:<\/p>\n<ol>\n<li><a href=\"https:\/\/rosetta.vn\/triz\/thay-phan-dung-noi-ve-khoa-hoc-sang-tao-nguoi-duong-thoi-vtv\/\">Th\u1ea7y Phan D\u0169ng n\u00f3i v\u1ec1 khoa h\u1ecdc s\u00e1ng t\u1ea1o \u2013 Ng\u01b0\u1eddi \u0111\u01b0\u01a1ng th\u1eddi VTV<\/a><\/li>\n<li><a href=\"https:\/\/rosetta.vn\/triz\/ba-cach-tiep-can-de-cai-tien-cach-suy-nghi\/\">Ba c\u00e1ch ti\u1ebfp c\u1eadn \u0111\u1ec3 c\u1ea3i ti\u1ebfn c\u00e1ch suy ngh\u0129<\/a><\/li>\n<li><a href=\"https:\/\/rosetta.vn\/triz\/genrikh-saulovich-altshuller-va-triz\/\">Genrikh Saulovich Altshuller v\u00e0 TRIZ<\/a><\/li>\n<li><a href=\"https:\/\/rosetta.vn\/triz\/triz-history\/\">TRIZ history<\/a><\/li>\n<li><a href=\"https:\/\/rosetta.vn\/triz\/classical-triz-3-main-theories\/\">Classical TRIZ \u2013 3 main theories<\/a><\/li>\n<li><a href=\"https:\/\/rosetta.vn\/triz\/classical-triz-and-modern-triz\/\">Classical TRIZ and modern TRIZ<\/a><\/li>\n<li><a href=\"https:\/\/rosetta.vn\/triz\/triz-in-the-world\/\">TRIZ in the world<\/a><\/li>\n<li><a href=\"https:\/\/rosetta.vn\/triz\/khoa-hoc-online-ve-triz-dip-noel-2020-cua-rosettavn-triz\/\">Kh\u00f3a h\u1ecdc online v\u1ec1 TRIZ d\u1ecbp Noel 2020 c\u1ee7a ROSETTA.VN\/TRIZ<\/a><\/li>\n<\/ol>\n<p>T\u00e0i li\u1ec7u \u0111\u1ecdc th\u00eam, gi\u1edbi thi\u1ec7u v\u1ec1 &#8220;Ph\u01b0\u01a1ng ph\u00e1p lu\u1eadn s\u00e1ng t\u1ea1o v\u00e0 \u0111\u1ed5i m\u1edbi&#8221; (m\u00f4n h\u1ecdc do TSKH Phan D\u0169ng x\u00e2y d\u1ef1ng, l\u00e0 TRIZ m\u1edf r\u1ed9ng), \u0111\u1ec3 bi\u1ebft &#8220;TRIZ l\u00e0 g\u00ec?&#8221;:<\/p>\n<p><a href=\"http:\/\/cstc.vn\/index.php\/vi\/phuong-phap-luan-sang-tao-va-doi-moi-la-gi.html\">http:\/\/cstc.vn\/index.php\/vi\/phuong-phap-luan-sang-tao-va-doi-moi-la-gi.html<\/a><\/p>\n<p>Tr\u00edch:<\/p>\n<blockquote><p>\u1ede Li\u00ean X\u00f4, G.S. Altshuller, nh\u00e0 s\u00e1ng ch\u1ebf, nh\u00e0 v\u0103n vi\u1ebft truy\u1ec7n khoa h\u1ecdc vi\u1ec5n t\u01b0\u1edfng v\u00e0 l\u00e0 t\u00e1c gi\u1ea3 c\u1ee7a L\u00fd thuy\u1ebft gi\u1ea3i c\u00e1c b\u00e0i to\u00e1n s\u00e1ng ch\u1ebf (vi\u1ebft t\u1eaft theo ti\u1ebfng Nga v\u00e0 chuy\u1ec3n sang k\u00fd t\u1ef1 Latinh \u2013 TRIZ) c\u1ed9ng t\u00e1c v\u1edbi &#8220;Hi\u1ec7p h\u1ed9i to\u00e0n li\u00ean bang c\u00e1c nh\u00e0 s\u00e1ng ch\u1ebf v\u00e0 h\u1ee3p l\u00fd h\u00f3a&#8221; (VOIR) th\u00e0nh l\u1eadp Ph\u00f2ng th\u00ed nghi\u1ec7m c\u00e1c ph\u01b0\u01a1ng ph\u00e1p s\u00e1ng ch\u1ebf n\u0103m 1968 v\u00e0 H\u1ecdc vi\u1ec7n c\u00f4ng c\u1ed9ng v\u1ec1 s\u00e1ng t\u1ea1o s\u00e1ng ch\u1ebf (Public Institute of Inventive Creativity) n\u0103m 1971. Ng\u01b0\u1eddi vi\u1ebft, l\u00fac \u0111\u00f3 \u0111ang h\u1ecdc ng\u00e0nh v\u1eadt l\u00fd b\u00e1n d\u1eabn th\u1ef1c nghi\u1ec7m t\u1ea1i Li\u00ean X\u00f4, c\u00f3 may m\u1eafn h\u1ecdc th\u00eam \u0111\u01b0\u1ee3c kh\u00f3a \u0111\u1ea7u ti\u00ean c\u1ee7a H\u1ecdc vi\u1ec7n s\u00e1ng t\u1ea1o n\u00f3i tr\u00ean, d\u01b0\u1edbi s\u1ef1 h\u01b0\u1edbng d\u1eabn tr\u1ef1c ti\u1ebfp c\u1ee7a th\u1ea7y G.S. Altshuller.<\/p>\n<p>Ch\u1ecbu \u1ea5n t\u01b0\u1ee3ng r\u1ea5t s\u00e2u s\u1eafc do nh\u1eefng \u00edch l\u1ee3i PPLSTV\u0110M \u0111em l\u1ea1i cho c\u00e1 nh\u00e2n m\u00ecnh, b\u1ea3n th\u00e2n l\u1ea1i mong mu\u1ed1n chia s\u1ebb nh\u1eefng g\u00ec h\u1ecdc \u0111\u01b0\u1ee3c v\u1edbi m\u1ecdi ng\u01b0\u1eddi, c\u00f9ng v\u1edbi s\u1ef1 khuy\u1ebfn kh\u00edch c\u1ee7a th\u1ea7y G.S. Altshuller, n\u0103m 1977 ng\u01b0\u1eddi vi\u1ebft \u0111\u00e3 t\u1ed5 ch\u1ee9c d\u1ea1y d\u01b0\u1edbi d\u1ea1ng ngo\u1ea1i kh\u00f3a cho sinh vi\u00ean c\u00e1c khoa t\u1ef1 nhi\u00ean thu\u1ed9c \u0110\u1ea1i h\u1ecdc t\u1ed5ng h\u1ee3p TpHCM (nay l\u00e0 Tr\u01b0\u1eddng \u0111\u1ea1i h\u1ecdc khoa h\u1ecdc t\u1ef1 nhi\u00ean, \u0110\u1ea1i h\u1ecdc qu\u1ed1c gia TpHCM). Nh\u1eefng kh\u00f3a PPLSTV\u0110M ti\u1ebfp theo l\u00e0 k\u1ebft qu\u1ea3 c\u1ee7a s\u1ef1 c\u1ed9ng t\u00e1c gi\u1eefa ng\u01b0\u1eddi vi\u1ebft v\u00e0 C\u00e2u l\u1ea1c b\u1ed9 thanh ni\u00ean (nay l\u00e0 Nh\u00e0 v\u0103n h\u00f3a thanh ni\u00ean TpHCM), \u1ee6y ban khoa h\u1ecdc v\u00e0 k\u1ef9 thu\u1eadt TpHCM (nay l\u00e0 S\u1edf khoa h\u1ecdc v\u00e0 c\u00f4ng ngh\u1ec7 TpHCM). N\u0103m 1991, \u0111\u01b0\u1ee3c s\u1ef1 ch\u1ea5p thu\u1eadn c\u1ee7a l\u00e3nh \u0111\u1ea1o \u0110\u1ea1i h\u1ecdc t\u1ed5ng h\u1ee3p TpHCM, Trung t\u00e2m S\u00e1ng t\u1ea1o Khoa h\u1ecdc \u2013 k\u1ef9 thu\u1eadt (TSK) ho\u1ea1t \u0111\u1ed9ng theo nguy\u00ean t\u1eafc t\u1ef1 trang tr\u1ea3i ra \u0111\u1eddi v\u00e0 tr\u1edf th\u00e0nh c\u01a1 s\u1edf ch\u00ednh th\u1ee9c \u0111\u1ea7u ti\u00ean \u1edf n\u01b0\u1edbc ta gi\u1ea3ng d\u1ea1y, \u0111\u00e0o t\u1ea1o v\u00e0 nghi\u00ean c\u1ee9u PPLSTV\u0110M.<\/p>\n<p>\u0110\u1ebfn nay \u0111\u00e3 c\u00f3 v\u00e0i ch\u1ee5c ng\u00e0n ng\u01b0\u1eddi v\u1edbi ngh\u1ec1 nghi\u1ec7p kh\u00e1c nhau thu\u1ed9c m\u1ecdi th\u00e0nh ph\u1ea7n kinh t\u1ebf, x\u00e3 h\u1ed9i, t\u1eeb H\u00e0 N\u1ed9i \u0111\u1ebfn C\u00e0 Mau tham d\u1ef1 c\u00e1c kh\u00f3a h\u1ecdc t\u1eebng ph\u1ea7n ho\u1eb7c \u0111\u1ea7y \u0111\u1ee7 ch\u01b0\u01a1ng tr\u00ecnh 120 ti\u1ebft c\u1ee7a TSK d\u00e0nh \u0111\u00e0o t\u1ea1o nh\u1eefng ng\u01b0\u1eddi s\u1eed d\u1ee5ng PPLSTV\u0110M.<\/p><\/blockquote>\n<p>T\u00e0i li\u1ec7u v\u1ec1 TRIZ:\u00a0<a href=\"https:\/\/rosetta.vn\/triz\/sach-tu-lieu-ve-triz\/\">S\u00e1ch, t\u01b0 li\u1ec7u v\u1ec1 TRIZ<\/a><\/p>\n","protected":false},"excerpt":{"rendered":"<p>Ch\u1ee7 \u0111\u1ec1 n\u00e0y g\u1ed3m m\u1ed9t s\u1ed1 b\u00e0i, ph\u1ee5c v\u1ee5 b\u01b0\u1edbc 1 (giai \u0111o\u1ea1n I) t\u00ecm hi\u1ec3u v\u1ec1 TRIZ: Th\u1ea7y Phan D\u0169ng n\u00f3i v\u1ec1 khoa h\u1ecdc s\u00e1ng t\u1ea1o \u2013 Ng\u01b0\u1eddi \u0111\u01b0\u01a1ng th\u1eddi VTV Ba c\u00e1ch ti\u1ebfp c\u1eadn \u0111\u1ec3 c\u1ea3i ti\u1ebfn c\u00e1ch suy ngh\u0129 Genrikh Saulovich Altshuller v\u00e0 TRIZ TRIZ history Classical TRIZ \u2013 3 main theories &hellip; <a href=\"https:\/\/rosetta.vn\/triz\/tong-quan-ve-triz\/\" class=\"more-link\">Continue reading<span class=\"screen-reader-text\"> &#8220;T\u1ed5ng quan v\u1ec1 TRIZ&#8221;<\/span><\/a><\/p>\n","protected":false},"author":2,"featured_media":0,"parent":0,"menu_order":0,"comment_status":"closed","ping_status":"closed","template":"","meta":{"_mi_skip_tracking":false,"jetpack_post_was_ever_published":false},"jetpack_sharing_enabled":true,"jetpack_shortlink":"https:\/\/wp.me\/PaxfGB-2B","jetpack_likes_enabled":false,"_links":{"self":[{"href":"https:\/\/rosetta.vn\/triz\/wp-json\/wp\/v2\/pages\/161"}],"collection":[{"href":"https:\/\/rosetta.vn\/triz\/wp-json\/wp\/v2\/pages"}],"about":[{"href":"https:\/\/rosetta.vn\/triz\/wp-json\/wp\/v2\/types\/page"}],"author":[{"embeddable":true,"href":"https:\/\/rosetta.vn\/triz\/wp-json\/wp\/v2\/users\/2"}],"replies":[{"embeddable":true,"href":"https:\/\/rosetta.vn\/triz\/wp-json\/wp\/v2\/comments?post=161"}],"version-history":[{"count":8,"href":"https:\/\/rosetta.vn\/triz\/wp-json\/wp\/v2\/pages\/161\/revisions"}],"predecessor-version":[{"id":767,"href":"https:\/\/rosetta.vn\/triz\/wp-json\/wp\/v2\/pages\/161\/revisions\/767"}],"wp:attachment":[{"href":"https:\/\/rosetta.vn\/triz\/wp-json\/wp\/v2\/media?parent=161"}],"curies":[{"name":"wp","href":"https:\/\/api.w.org\/{rel}","templated":true}]}}