{"id":2,"date":"2018-12-14T10:33:57","date_gmt":"2018-12-14T10:33:57","guid":{"rendered":"https:\/\/rosetta.vn\/triz\/?page_id=2"},"modified":"2018-12-19T07:55:24","modified_gmt":"2018-12-19T07:55:24","slug":"about","status":"publish","type":"page","link":"https:\/\/rosetta.vn\/triz\/about\/","title":{"rendered":"About"},"content":{"rendered":"<p>Trang n\u00e0y chia s\u1ebb c\u00e1c t\u00e0i li\u1ec7u v\u1ec1 TRIZ &#8211; l\u00fd thuy\u1ebft gi\u1ea3i c\u00e1c b\u00e0i to\u00e1n s\u00e1ng ch\u1ebf.<\/p>\n<p>Facebook page:\u00a0<a href=\"https:\/\/www.facebook.com\/TRIZstudies\">https:\/\/www.facebook.com\/TRIZstudies<\/a><\/p>\n","protected":false},"excerpt":{"rendered":"<p>Trang n\u00e0y chia s\u1ebb c\u00e1c t\u00e0i li\u1ec7u v\u1ec1 TRIZ &#8211; l\u00fd thuy\u1ebft gi\u1ea3i c\u00e1c b\u00e0i to\u00e1n s\u00e1ng ch\u1ebf. Facebook page:\u00a0https:\/\/www.facebook.com\/TRIZstudies<\/p>\n","protected":false},"author":1,"featured_media":0,"parent":0,"menu_order":0,"comment_status":"closed","ping_status":"closed","template":"","meta":{"_mi_skip_tracking":false,"jetpack_post_was_ever_published":false},"jetpack_sharing_enabled":true,"jetpack_shortlink":"https:\/\/wp.me\/PaxfGB-2","jetpack_likes_enabled":false,"_links":{"self":[{"href":"https:\/\/rosetta.vn\/triz\/wp-json\/wp\/v2\/pages\/2"}],"collection":[{"href":"https:\/\/rosetta.vn\/triz\/wp-json\/wp\/v2\/pages"}],"about":[{"href":"https:\/\/rosetta.vn\/triz\/wp-json\/wp\/v2\/types\/page"}],"author":[{"embeddable":true,"href":"https:\/\/rosetta.vn\/triz\/wp-json\/wp\/v2\/users\/1"}],"replies":[{"embeddable":true,"href":"https:\/\/rosetta.vn\/triz\/wp-json\/wp\/v2\/comments?post=2"}],"version-history":[{"count":4,"href":"https:\/\/rosetta.vn\/triz\/wp-json\/wp\/v2\/pages\/2\/revisions"}],"predecessor-version":[{"id":15,"href":"https:\/\/rosetta.vn\/triz\/wp-json\/wp\/v2\/pages\/2\/revisions\/15"}],"wp:attachment":[{"href":"https:\/\/rosetta.vn\/triz\/wp-json\/wp\/v2\/media?parent=2"}],"curies":[{"name":"wp","href":"https:\/\/api.w.org\/{rel}","templated":true}]}}