{"id":738,"date":"2022-07-10T07:53:48","date_gmt":"2022-07-10T07:53:48","guid":{"rendered":"https:\/\/rosetta.vn\/triz\/?page_id=738"},"modified":"2023-08-12T02:35:08","modified_gmt":"2023-08-12T02:35:08","slug":"seminar-online-phat-trien-triz","status":"publish","type":"page","link":"https:\/\/rosetta.vn\/triz\/seminar-online-phat-trien-triz\/","title":{"rendered":"Seminar online ph\u00e1t tri\u1ec3n TRIZ"},"content":{"rendered":"<p>Sau khi <a href=\"https:\/\/rosetta.vn\/triz\/tam-biet-thay-phan-dung\/\">th\u1ea7y Phan D\u0169ng qua \u0111\u1eddi<\/a>, c\u1ed9ng \u0111\u1ed3ng TRIZ \u1edf Vi\u1ec7t Nam m\u1ea5t \u0111i ch\u1ed7 d\u1ef1a quan tr\u1ecdng nh\u1ea5t. \u0110\u1ec3 ti\u1ebfp n\u1ed1i gi\u1ea5c m\u01a1 c\u1ee7a th\u1ea7y Phan D\u0169ng l\u00e0 ph\u1ed5 bi\u1ebfn b\u1ed9 m\u00f4n khoa h\u1ecdc v\u1ec1 t\u01b0 duy s\u00e1ng t\u1ea1o n\u00e0y cho ng\u01b0\u1eddi Vi\u1ec7t Nam, c\u1ed9ng \u0111\u1ed3ng TRIZ s\u1ebd c\u1ea7n v\u1eadn \u0111\u1ed9ng m\u1ea1nh m\u1ebd h\u01a1n, b\u00f9 \u0111\u1eafp cho s\u1ef1 thi\u1ebfu v\u1eafng th\u1ea7y Phan D\u0169ng. C\u00f3 l\u1ebd n\u1ed7i lo c\u1ee7a th\u1ea7y Phan D\u0169ng v\u1ec1 kh\u1ea3 n\u0103ng th\u1ea5t truy\u1ec1n TRIZ \u1edf Vi\u1ec7t Nam s\u1ebd kh\u00f4ng x\u1ea3y ra, tuy v\u1eady \u0111\u1ec3 ph\u00e1t tri\u1ec3n ti\u1ebfp \u0111\u01b0\u1ee3c TRIZ, c\u1ea7n tinh th\u1ea7n hi\u1ec7p l\u1ef1c c\u1ee7a nh\u1eefng ng\u01b0\u1eddi d\u1ea1y, h\u1ecdc v\u00e0 l\u00e0m vi\u1ec7c v\u1edbi TRIZ, sao cho con \u0111\u01b0\u1eddng c\u1ee7a m\u1ed7i ng\u01b0\u1eddi kh\u00f4ng \u0111\u01a1n \u0111\u1ed9c m\u00e0 c\u00f3 s\u1ef1 h\u1ed7 tr\u1ee3 l\u1eabn nhau.<\/p>\n<p>Tr\u00ean tinh th\u1ea7n \u0111\u00f3, ch\u00fang t\u00f4i v\u1eadn \u0111\u1ed9ng b\u1ea1n h\u1eefu, \u0111\u1ed3ng \u0111\u1ea1o TRIZ c\u00f9ng x\u00e2y d\u1ef1ng chu\u1ed7i seminar ph\u00e1t tri\u1ec3n TRIZ, m\u1ee5c \u0111\u00edch ch\u00ednh l\u00e0 l\u00e0m n\u01a1i giao l\u01b0u cho nh\u1eefng ng\u01b0\u1eddi l\u00e0m vi\u1ec7c v\u1edbi TRIZ, \u0111\u1ed3ng th\u1eddi gi\u00fap m\u1ecdi ng\u01b0\u1eddi c\u1eadp nh\u1eadt th\u00f4ng tin, chia s\u1ebb tri th\u1ee9c v\u00e0 truy\u1ec1n b\u00e1 v\u1ec1 TRIZ cho c\u00f4ng ch\u00fang.<\/p>\n<p>Trang n\u00e0y ghi l\u1ea1i l\u1ecbch s\u1eed c\u1ee7a c\u00e1c seminar ph\u00e1t tri\u1ec3n TRIZ:<\/p>\n<ul>\n<li>Ng\u00e0y 9\/6\/2022: PGS. TSKH. Phan D\u0169ng qua \u0111\u1eddi \u1edf tu\u1ed5i 72. C\u1ed9ng \u0111\u1ed3ng c\u1ef1u h\u1ecdc vi\u00ean Ph\u01b0\u01a1ng ph\u00e1p lu\u1eadn s\u00e1ng t\u1ea1o \u0111\u00e3 th\u01b0\u01a1ng ti\u1ebfc \u0111\u01b0a ti\u1ec5n ng\u01b0\u1eddi th\u1ea7y l\u1edbn c\u1ee7a m\u00ecnh, v\u00e0 c\u00f3 m\u1ed9t s\u1ed1 th\u1ea3o lu\u1eadn v\u1ec1 vi\u1ec7c v\u1ef1c d\u1eady c\u00e1c ho\u1ea1t \u0111\u1ed9ng giao l\u01b0u, th\u1ef1c h\u00e0nh TRIZ.<\/li>\n<li>Ng\u00e0y 18\/6\/2022: cu\u1ed9c h\u1ecdp online g\u1ed3m c\u00e1c nh\u00f3m ROSETTA TRIZ v\u00e0 TRIZ &#8211; S\u01b0 ph\u1ea1m th\u1ed1ng nh\u1ea5t \u00fd t\u01b0\u1edfng l\u00e0m chu\u1ed7i seminar online h\u00e0ng th\u00e1ng \u0111\u1ec3 k\u1ebft n\u1ed1i d\u1ea7n nh\u1eefng ng\u01b0\u1eddi l\u00e0m vi\u1ec7c v\u1edbi TRIZ.<\/li>\n<li>Ng\u00e0y 26\/6\/2022: \u00fd t\u01b0\u1edfng l\u00e0m c\u00e1c seminar nh\u1eadn \u0111\u01b0\u1ee3c s\u1ef1 \u1ee7ng h\u1ed9 t\u1eeb m\u1ed9t nh\u00f3m r\u1ed9ng h\u01a1n, c\u00f3 th\u00eam m\u1ed9t s\u1ed1 ng\u01b0\u1eddi \u0111\u00e3 v\u00e0 \u0111ang t\u00edch c\u1ef1c ho\u1ea1t \u0111\u1ed9ng c\u1ed9ng \u0111\u1ed3ng TRIZ \u1edf Vi\u1ec7t Nam (xem bi\u00ean b\u1ea3n: <a href=\"https:\/\/rosetta.vn\/triz\/wp-content\/uploads\/sites\/8\/2022\/07\/Bien_ban_hop_2022-06-26_DMDang_ghi.pdf\">Bien_ban_hop_2022-06-26_DMDang_ghi.pdf<\/a>).<\/li>\n<li>Ng\u00e0y 16\/7\/2022: bu\u1ed5i seminar \u0111\u1ea7u ti\u00ean \u0111\u01b0\u1ee3c th\u1ef1c hi\u1ec7n, di\u1ec5n gi\u1ea3 l\u00e0 anh Nguy\u1ec5n H\u1ed3ng L\u0129nh (Trung t\u00e2m TRIZ &#8211; S\u01b0 ph\u1ea1m), s\u1eed d\u1ee5ng n\u1ec1n t\u1ea3ng h\u1ecdp tr\u1ef1c tuy\u1ebfn Zoom v\u00e0 th\u00f4ng tin qua d\u1ea1ng <a href=\"https:\/\/www.facebook.com\/events\/617120932798409\">s\u1ef1 ki\u1ec7n \u1edf Facebook<\/a>. Th\u00f4ng tin c\u1ee5 th\u1ec3:\u00a0<a href=\"https:\/\/rosetta.vn\/triz\/seminar-phat-trien-triz-thang-7-2022\/\">Seminar ph\u00e1t tri\u1ec3n TRIZ th\u00e1ng 7\/2022<\/a>.<\/li>\n<li>Ng\u00e0y 21\/8\/2022: bu\u1ed5i seminar online th\u1ee9 hai k\u1ebft h\u1ee3p tri \u00e2n th\u1ea7y Phan D\u0169ng, di\u1ec5n gi\u1ea3 l\u00e0 anh Do\u00e3n Minh \u0110\u0103ng (nh\u00f3m ROSETTA TRIZ). Th\u00f4ng tin c\u1ee5 th\u1ec3: <a href=\"https:\/\/rosetta.vn\/triz\/seminar-phat-trien-triz-thang-8-2022\/\">Seminar ph\u00e1t tri\u1ec3n TRIZ th\u00e1ng 8\/2022<\/a>.<\/li>\n<li>Ng\u00e0y 18\/9\/2022: bu\u1ed5i seminar online th\u1ee9 ba, di\u1ec5n gi\u1ea3 l\u00e0 anh Nguy\u1ec5n Minh T\u00e2n &#8211; Mr Triz (gi\u1ea3ng d\u1ea1y v\u00e0 t\u01b0 v\u1ea5n TRIZ \u1edf \u0110\u1ea1i h\u1ecdc C\u00f4ng nghi\u1ec7p H\u00e0 N\u1ed9i). Th\u00f4ng tin c\u1ee5 th\u1ec3:\u00a0<a href=\"https:\/\/rosetta.vn\/triz\/seminar-phat-trien-triz-thang-9-2022\/\">Seminar ph\u00e1t tri\u1ec3n TRIZ th\u00e1ng 9\/2022<\/a>.<\/li>\n<li>Ng\u00e0y 16\/10\/2922:\u00a0<a href=\"https:\/\/rosetta.vn\/triz\/seminar-phat-trien-triz-thang-10-2022\/\">Seminar ph\u00e1t tri\u1ec3n TRIZ th\u00e1ng 10\/2022<\/a> (di\u1ec5n gi\u1ea3: Ng\u00f4 Thanh Li\u00eam, Ng\u00f4 Minh Hi\u1ebfu, Do\u00e3n Minh \u0110\u0103ng), ch\u1ee7 \u0111\u1ec1 &#8220;C\u1eadp nh\u1eadt ki\u1ebfn th\u1ee9c TRIZ th\u1ebf gi\u1edbi sau h\u1ed9i th\u1ea3o TRIZfest-2022&#8221;.<\/li>\n<li>Ng\u00e0y 26\/11\/2022:\u00a0<a href=\"https:\/\/rosetta.vn\/triz\/seminar-phat-trien-triz-thang-11-2022\/\">Seminar ph\u00e1t tri\u1ec3n TRIZ th\u00e1ng 11\/2022<\/a> (di\u1ec5n gi\u1ea3: Nguy\u00ean H\u1ea1nh Nguy\u00ean &#8211; \u0110\u1ea1i h\u1ecdc Nguy\u1ec5n T\u1ea5t Th\u00e0nh), ch\u1ee7 \u0111\u1ec1 &#8220;TRIZ trong ng\u00e0nh Design&#8221;.<\/li>\n<li>Ng\u00e0y 18\/12\/2022:\u00a0<a href=\"https:\/\/rosetta.vn\/triz\/seminar-phat-trien-triz-thang-12-2022\/\">Seminar ph\u00e1t tri\u1ec3n TRIZ th\u00e1ng 12\/2022<\/a> (di\u1ec5n gi\u1ea3: Nguy\u1ec5n Minh T\u00e2n), ch\u1ee7 \u0111\u1ec1 &#8220;\u00c1p d\u1ee5ng b\u1ea3ng kh\u1eed m\u00e2u thu\u1eabn k\u1ef9 thu\u1eadt c\u1ea3i ti\u1ebfn d\u00e2y chuy\u1ec1n l\u1eafp yoke cho c\u00f4ng ty Foster&#8221;.<\/li>\n<li>Ng\u00e0y 12\/2\/2023:\u00a0<a href=\"https:\/\/rosetta.vn\/triz\/seminar-phat-trien-triz-thang-2-2023\/\">Seminar ph\u00e1t tri\u1ec3n TRIZ th\u00e1ng 2\/2023<\/a> (di\u1ec5n gi\u1ea3: Do\u00e3n Minh \u0110\u0103ng &amp; nh\u00f3m TRIZ Studies), ch\u1ee7 \u0111\u1ec1 &#8220;X\u00e2y d\u1ef1ng nh\u00f3m \u0111\u1ec3 \u00f4n t\u1eadp TRIZ online&#8221;.<\/li>\n<li>Ng\u00e0y 12\/3\/2023:\u00a0<a href=\"https:\/\/rosetta.vn\/triz\/seminar-phat-trien-triz-thang-3-2023\/\">Seminar ph\u00e1t tri\u1ec3n TRIZ th\u00e1ng 3\/2023<\/a> (di\u1ec5n gi\u1ea3: Nguy\u1ec5n Minh T\u00e2n), ch\u1ee7 \u0111\u1ec1 &#8220;\u00c1p d\u1ee5ng ch\u01b0\u01a1ng tr\u00ecnh ARIZ r\u00fat g\u1ecdn c\u1ea3i ti\u1ebfn d\u00e2y chuy\u1ec1n d\u00e1n t\u1ea5m OCA cho m\u00e0n h\u00ecnh \u0111i\u1ec7n tho\u1ea1i Samsung&#8221;.<\/li>\n<li>Ng\u00e0y 23\/4\/2023:\u00a0<a href=\"https:\/\/rosetta.vn\/triz\/seminar-phat-trien-triz-thang-4-2023\/\">Seminar ph\u00e1t tri\u1ec3n TRIZ th\u00e1ng 4\/2023<\/a> (di\u1ec5n gi\u1ea3: Ng\u00f4 Thanh Li\u00eam), ch\u1ee7 \u0111\u1ec1 &#8220;Quy tr\u00ecnh gi\u1ea3i quy\u1ebft v\u1ea5n \u0111\u1ec1 v\u00e0 ra quy\u1ebft \u0111\u1ecbnh b\u1eb1ng ph\u01b0\u01a1ng ph\u00e1p TRIZ&#8221;.<\/li>\n<li>Ng\u00e0y 21\/5\/2023:\u00a0<a href=\"https:\/\/rosetta.vn\/triz\/seminar-phat-trien-triz-thang-5-2023\/\">Seminar ph\u00e1t tri\u1ec3n TRIZ th\u00e1ng 5\/2023<\/a> (di\u1ec5n gi\u1ea3: Nguy\u1ec5n H\u1ed3ng L\u0129nh), ch\u1ee7 \u0111\u1ec1 &#8220;D\u1ea1y tr\u1ebb m\u1ea7m non v\u00e0 ti\u1ec3u h\u1ecdc Thu\u1eadt to\u00e1n ARIZ \u0111i\u1ec1u ch\u1ec9nh cho tr\u1ebb em (DARIZ) t\u1ea1i Trung t\u00e2m TRIZ \u2013 S\u01b0 ph\u1ea1m Vi\u1ec7t Nam&#8221;.<\/li>\n<li>Ng\u00e0y 25\/6\/2023:\u00a0<a href=\"https:\/\/rosetta.vn\/triz\/seminar-phat-trien-triz-thang-6-2023\/\">Seminar ph\u00e1t tri\u1ec3n TRIZ th\u00e1ng 6\/2023<\/a> (di\u1ec5n gi\u1ea3: Ng\u00f4 Thanh Li\u00eam), ch\u1ee7 \u0111\u1ec1 &#8220;Ph\u01b0\u01a1ng ph\u00e1p ph\u00e2n t\u00edch ch\u1ee9c n\u0103ng h\u1ec7 th\u1ed1ng trong quy tr\u00ecnh gi\u1ea3i quy\u1ebft v\u1ea5n \u0111\u1ec1 v\u1edbi TRIZ&#8221;.<\/li>\n<li>Ng\u00e0y 16\/7\/2023:\u00a0<a href=\"https:\/\/rosetta.vn\/triz\/seminar-phat-trien-triz-thang-7-2023\/\">Seminar ph\u00e1t tri\u1ec3n TRIZ th\u00e1ng 7\/2023<\/a> (di\u1ec5n gi\u1ea3: Nguy\u1ec5n Minh T\u00e2n), ch\u1ee7 \u0111\u1ec1 &#8220;T\u00edch h\u1ee3p TRIZ trong ho\u1ea1t \u0111\u1ed9ng R&amp;D t\u1ea1i t\u1eadp \u0111o\u00e0n FECON&#8221;.<\/li>\n<li>Ng\u00e0y 20\/8\/2023:\u00a0<a href=\"https:\/\/rosetta.vn\/triz\/seminar-phat-trien-triz-thang-8-2023\/\">Seminar ph\u00e1t tri\u1ec3n TRIZ th\u00e1ng 8\/2023<\/a> (di\u1ec5n gi\u1ea3: Do\u00e3n Minh \u0110\u0103ng), ch\u1ee7 \u0111\u1ec1 &#8220;S\u1eed d\u1ee5ng g\u1ee3i \u00fd c\u1ee7a ChatGPT trong qu\u00e1 tr\u00ecnh gi\u1ea3i quy\u1ebft v\u1ea5n \u0111\u1ec1 v\u1edbi TRIZ&#8221;.<\/li>\n<\/ul>\n","protected":false},"excerpt":{"rendered":"<p>Sau khi th\u1ea7y Phan D\u0169ng qua \u0111\u1eddi, c\u1ed9ng \u0111\u1ed3ng TRIZ \u1edf Vi\u1ec7t Nam m\u1ea5t \u0111i ch\u1ed7 d\u1ef1a quan tr\u1ecdng nh\u1ea5t. \u0110\u1ec3 ti\u1ebfp n\u1ed1i gi\u1ea5c m\u01a1 c\u1ee7a th\u1ea7y Phan D\u0169ng l\u00e0 ph\u1ed5 bi\u1ebfn b\u1ed9 m\u00f4n khoa h\u1ecdc v\u1ec1 t\u01b0 duy s\u00e1ng t\u1ea1o n\u00e0y cho ng\u01b0\u1eddi Vi\u1ec7t Nam, c\u1ed9ng \u0111\u1ed3ng TRIZ s\u1ebd c\u1ea7n v\u1eadn \u0111\u1ed9ng m\u1ea1nh m\u1ebd &hellip; <a href=\"https:\/\/rosetta.vn\/triz\/seminar-online-phat-trien-triz\/\" class=\"more-link\">Continue reading<span class=\"screen-reader-text\"> &#8220;Seminar online ph\u00e1t tri\u1ec3n TRIZ&#8221;<\/span><\/a><\/p>\n","protected":false},"author":2,"featured_media":0,"parent":0,"menu_order":0,"comment_status":"closed","ping_status":"closed","template":"","meta":{"_mi_skip_tracking":false,"jetpack_post_was_ever_published":false},"jetpack_sharing_enabled":true,"jetpack_shortlink":"https:\/\/wp.me\/PaxfGB-bU","jetpack_likes_enabled":false,"_links":{"self":[{"href":"https:\/\/rosetta.vn\/triz\/wp-json\/wp\/v2\/pages\/738"}],"collection":[{"href":"https:\/\/rosetta.vn\/triz\/wp-json\/wp\/v2\/pages"}],"about":[{"href":"https:\/\/rosetta.vn\/triz\/wp-json\/wp\/v2\/types\/page"}],"author":[{"embeddable":true,"href":"https:\/\/rosetta.vn\/triz\/wp-json\/wp\/v2\/users\/2"}],"replies":[{"embeddable":true,"href":"https:\/\/rosetta.vn\/triz\/wp-json\/wp\/v2\/comments?post=738"}],"version-history":[{"count":8,"href":"https:\/\/rosetta.vn\/triz\/wp-json\/wp\/v2\/pages\/738\/revisions"}],"predecessor-version":[{"id":827,"href":"https:\/\/rosetta.vn\/triz\/wp-json\/wp\/v2\/pages\/738\/revisions\/827"}],"wp:attachment":[{"href":"https:\/\/rosetta.vn\/triz\/wp-json\/wp\/v2\/media?parent=738"}],"curies":[{"name":"wp","href":"https:\/\/api.w.org\/{rel}","templated":true}]}}